{"id":3077,"date":"2024-05-17T07:04:17","date_gmt":"2024-05-17T07:04:17","guid":{"rendered":"https:\/\/cool-style.md\/?post_type=product&#038;p=3077"},"modified":"2024-12-06T16:33:30","modified_gmt":"2024-12-06T16:33:30","slug":"immortal-chaos-sea-salt-powder","status":"publish","type":"product","link":"https:\/\/cool-style.md\/ro\/product\/immortal-chaos-sea-salt-powder\/","title":{"rendered":"Pudr\u0103 de p\u0103r volumizant\u0103 cu sare de mare Immortal Chaos Sea Salt Powder 20gr"},"content":{"rendered":"<h2><span style=\"font-size: 75%;\">Pudr\u0103 de p\u0103r volumizant\u0103 cu sare de mare Immortal Chaos Sea Salt Powder<\/span><\/h2>\n<ul>\n<li><span style=\"font-size: 100%;\">Coafare u\u0219oar\u0103 \u0219i rapid\u0103;<\/span><\/li>\n<li><span style=\"font-size: 100%;\">Potrivit pentru p\u0103r de orice lungime;<\/span><\/li>\n<li><span style=\"font-size: 100%;\">Fixare puternic\u0103;<\/span><\/li>\n<li><span style=\"font-size: 100%;\">Nu \u00eengreuneaz\u0103 p\u0103rul;<\/span><\/li>\n<li><span style=\"font-size: 100%;\">Se spal\u0103 la \u0219amponare.<a href=\"https:\/\/cool-style.md\/wp-content\/uploads\/2024\/05\/Cool-style.md-Immortal-Chaos-Sea-Salt.png\"><img decoding=\"async\" class=\"aligncenter wp-image-3073\" src=\"https:\/\/cool-style.md\/wp-content\/uploads\/2024\/05\/Cool-style.md-Immortal-Chaos-Sea-Salt-713x400.png\" alt=\"Immortal Chaos Sea Salt\" width=\"800\" height=\"449\" srcset=\"https:\/\/cool-style.md\/wp-content\/uploads\/2024\/05\/Cool-style.md-Immortal-Chaos-Sea-Salt-713x400.png 713w, https:\/\/cool-style.md\/wp-content\/uploads\/2024\/05\/Cool-style.md-Immortal-Chaos-Sea-Salt-1400x785.png 1400w, https:\/\/cool-style.md\/wp-content\/uploads\/2024\/05\/Cool-style.md-Immortal-Chaos-Sea-Salt-768x431.png 768w, https:\/\/cool-style.md\/wp-content\/uploads\/2024\/05\/Cool-style.md-Immortal-Chaos-Sea-Salt-510x286.png 510w, https:\/\/cool-style.md\/wp-content\/uploads\/2024\/05\/Cool-style.md-Immortal-Chaos-Sea-Salt.png 1500w\" sizes=\"(max-width: 800px) 100vw, 800px\" \/><\/a><\/span><\/li>\n<\/ul>\n<p><span style=\"font-size: 100%;\">Pudr\u0103 pentru aranjarea p\u0103rului <a href=\"https:\/\/immortal.com.tr\/\" target=\"_blank\" rel=\"noopener\">Immortal<\/a>\u00a0<\/span>con\u021bine sare de mare natural\u0103. Proiectat\u0103 special pentru a ajuta la ob\u021binerea unui stil unic. Datorit\u0103 formulei sale unice, ofer\u0103 o eficien\u021b\u0103 ridicat\u0103 de fixare \u0219i un rezultat natural mat.<\/p>\n<p>Pudra se \u00eengroa\u0219\u0103, texturiaz\u0103 p\u0103rul \u0219i cre\u0219te volumul, re\u021bine umiditatea \u00een p\u0103r \u0219i absorb\u0103 excesul de sebum.<span style=\"font-size: 100%;\">V\u0103 permite s\u0103 v\u0103 coafa\u021bi p\u0103rul \u00een orice stil, p\u0103rul r\u0103m\u00e2ne flexibil. Nu las\u0103 urme pe p\u0103r, potrivit\u0103 pentru utilizarea zilnica, nu \u00eengreuneaz\u0103 p\u0103rul.<\/span><span style=\"font-size: 100%;\">\u00a0Potrivit\u0103 <\/span><a style=\"font-size: 100%;\" href=\"https:\/\/cool-style.md\/ro\/product-category\/cosmetice-barbati\/coafarea-barbati\/\">pentru toate tipurile de p\u0103r<\/a><span style=\"font-size: 100%;\">.<\/span><\/p>\n<p><span style=\"font-size: 100%;\"><strong>Fixare:<\/strong> puternic\u0103<\/span><\/p>\n<p><span style=\"font-size: 100%;\"><strong>Volum:<\/strong> 20 gr<\/span><\/p>\n<p><span style=\"font-size: 100%;\"><strong>Mod de utilizare:<\/strong> Agita\u021bi recipientul pentru a dispersa pulberea \u00eenainte de utilizare. Turna\u021bi pudra direct pe r\u0103d\u0103cinile p\u0103rului \u0219i distribui\u021bi-o pe tot p\u0103rul, ad\u0103ug\u00e2nd volum \u0219i coafare p\u0103rului \u00een scurt timp.<\/span><\/p>\n<p><span style=\"font-size: 100%;\"><strong>Aten\u021bie:<\/strong> numai pentru uz extern. \u00cen caz de contact cu ochii, cl\u0103ti\u021bi cu mult\u0103 ap\u0103. A nu se lasa la indemana copiilor.<\/span><\/p>","protected":false},"excerpt":{"rendered":"<p><span style=\"font-size: 100%;\">Immortal Chaos Sea Salt Powder ofer\u0103 o eficien\u021b\u0103 ridicat\u0103 de coafare, o fixare puternic\u0103 \u0219i un rezultat natural mat.<\/span><span style=\"font-size: 100%;\"><\/span><\/p>\n","protected":false},"featured_media":3079,"template":"","meta":[],"product_brand":[],"product_cat":[30],"product_tag":[],"class_list":{"0":"post-3077","1":"product","2":"type-product","3":"status-publish","4":"has-post-thumbnail","6":"product_cat-coafarea-barbati","7":"pa_brand-immortal","8":"pa_felul-produsului-tip-pudra","9":"pa_fixare-puternica","10":"pa_producator-turcia","11":"pa_volum-20gr","13":"first","14":"instock","15":"featured","16":"shipping-taxable","17":"purchasable","18":"product-type-simple"},"_links":{"self":[{"href":"https:\/\/cool-style.md\/ro\/wp-json\/wp\/v2\/product\/3077","targetHints":{"allow":["GET"]}}],"collection":[{"href":"https:\/\/cool-style.md\/ro\/wp-json\/wp\/v2\/product"}],"about":[{"href":"https:\/\/cool-style.md\/ro\/wp-json\/wp\/v2\/types\/product"}],"wp:featuredmedia":[{"embeddable":true,"href":"https:\/\/cool-style.md\/ro\/wp-json\/wp\/v2\/media\/3079"}],"wp:attachment":[{"href":"https:\/\/cool-style.md\/ro\/wp-json\/wp\/v2\/media?parent=3077"}],"wp:term":[{"taxonomy":"product_brand","embeddable":true,"href":"https:\/\/cool-style.md\/ro\/wp-json\/wp\/v2\/product_brand?post=3077"},{"taxonomy":"product_cat","embeddable":true,"href":"https:\/\/cool-style.md\/ro\/wp-json\/wp\/v2\/product_cat?post=3077"},{"taxonomy":"product_tag","embeddable":true,"href":"https:\/\/cool-style.md\/ro\/wp-json\/wp\/v2\/product_tag?post=3077"}],"curies":[{"name":"wp","href":"https:\/\/api.w.org\/{rel}","templated":true}]}}