{"id":3080,"date":"2024-05-17T08:30:54","date_gmt":"2024-05-17T08:30:54","guid":{"rendered":"https:\/\/cool-style.md\/?post_type=product&#038;p=3080"},"modified":"2024-12-06T16:33:51","modified_gmt":"2024-12-06T16:33:51","slug":"immortal-chaos-sea-salt-shampoo","status":"publish","type":"product","link":"https:\/\/cool-style.md\/ro\/product\/immortal-chaos-sea-salt-shampoo\/","title":{"rendered":"\u0218ampon detoxifiant cu sare de mare Immortal Chaos Sea Salt Shampoo 400ml"},"content":{"rendered":"<h2><span style=\"font-size: 75%;\">\u0218ampon detoxifiant cu sare de mare Immortal Chaos Sea Salt Shampoo<\/span><a style=\"font-size: 100%;\" href=\"https:\/\/cool-style.md\/wp-content\/uploads\/2024\/05\/Cool-style.md-Immortal-Chaos-Sea-Salt.png\"><br \/>\n<\/a><\/h2>\n<ul>\n<li>Cur\u0103\u021b\u0103 profund scalpul;<\/li>\n<li>Reface p\u0103rul deteriorat;<\/li>\n<li>Cur\u0103\u021b\u0103 \u0219i catifeleaz\u0103 p\u0103rul;<\/li>\n<li>Ofer\u0103 o str\u0103lucire s\u0103n\u0103toas\u0103;<\/li>\n<\/ul>\n<p><a style=\"font-size: 100%;\" href=\"https:\/\/cool-style.md\/wp-content\/uploads\/2024\/05\/Cool-style.md-Immortal-Chaos-Sea-Salt.png\"><img decoding=\"async\" class=\"aligncenter wp-image-3073\" src=\"https:\/\/cool-style.md\/wp-content\/uploads\/2024\/05\/Cool-style.md-Immortal-Chaos-Sea-Salt-713x400.png\" alt=\"Immortal Chaos Sea Salt\" width=\"800\" height=\"449\" srcset=\"https:\/\/cool-style.md\/wp-content\/uploads\/2024\/05\/Cool-style.md-Immortal-Chaos-Sea-Salt-713x400.png 713w, https:\/\/cool-style.md\/wp-content\/uploads\/2024\/05\/Cool-style.md-Immortal-Chaos-Sea-Salt-1400x785.png 1400w, https:\/\/cool-style.md\/wp-content\/uploads\/2024\/05\/Cool-style.md-Immortal-Chaos-Sea-Salt-768x431.png 768w, https:\/\/cool-style.md\/wp-content\/uploads\/2024\/05\/Cool-style.md-Immortal-Chaos-Sea-Salt-510x286.png 510w, https:\/\/cool-style.md\/wp-content\/uploads\/2024\/05\/Cool-style.md-Immortal-Chaos-Sea-Salt.png 1500w\" sizes=\"(max-width: 800px) 100vw, 800px\" \/><\/a><\/p>\n<p><span style=\"font-size: 100%;\">\u0218amponul\u00a0<a href=\"https:\/\/immortal.com.tr\/\" target=\"_blank\" rel=\"noopener\">Immortal<\/a>\u00a0<\/span>pentru cur\u0103\u021barea profund\u0103 a p\u0103rului \u0219i a scalpului, con\u021bine sare de mare natural\u0103 \u0219i s\u00e2mburi de caise. Cur\u0103\u021b\u0103 scalpul ajut\u00e2nd la exfolierea celulelor moarte ale scalpului \u0219i la \u00eendep\u0103rtarea impurit\u0103\u021bilor. Ajut\u0103 la hidratarea, catifelarea \u0219i netezirea scalpului.<\/p>\n<p>Con\u021bine vitaminele A, C \u0219i E. Ofer\u0103 un efect revigorant, regenereaz\u0103 \u0219i restabile\u0219te p\u0103rul deteriorat. Restabile\u0219te echilibrul natural al umidit\u0103\u021bii, \u00eent\u0103re\u0219te p\u0103rul \u0219i previne deteriorarea ulterioar\u0103. Potrivit pentru utilizarea zilnic\u0103 \u0219i\u00a0<a style=\"font-size: 100%;\" href=\"https:\/\/cool-style.md\/ro\/product-category\/cosmetice-barbati\/coafarea-barbati\/\">pentru toate tipurile de p\u0103r<\/a><span style=\"font-size: 100%;\">.<\/span><\/p>\n<p><span style=\"font-size: 100%;\"><strong>Volum:<\/strong> 400 ml<\/span><\/p>\n<p><span style=\"font-size: 100%;\"><strong>Mod de utilizare:<\/strong> Aplica\u021bi cantitatea necesar\u0103 de \u0219ampon pe p\u0103rul umed. Maseaz\u0103-\u021bi p\u0103rul p\u00e2n\u0103 se formeaz\u0103 o spum\u0103 groas\u0103, apoi cl\u0103te\u0219te-te cu ap\u0103 cald\u0103. Repeta\u021bi procesul dup\u0103 cum este necesar.<\/span><\/p>\n<p><span style=\"font-size: 100%;\"><strong>Aten\u021bie:<\/strong> numai pentru uz extern. \u00cen caz de contact cu ochii, cl\u0103ti\u021bi cu mult\u0103 ap\u0103. A nu se lasa la indemana copiilor.<\/span><\/p>","protected":false},"excerpt":{"rendered":"<p><span style=\"font-size: 100%;\">Immortal Chaos Sea Salt Shampoo cur\u0103\u021b\u0103 scalpul, ajut\u0103 la hidratarea, catifelarea \u0219i netezirea p\u0103rului.<\/span><span style=\"font-size: 100%;\"><\/span><\/p>\n","protected":false},"featured_media":3082,"template":"","meta":[],"product_brand":[],"product_cat":[31],"product_tag":[],"class_list":{"0":"post-3080","1":"product","2":"type-product","3":"status-publish","4":"has-post-thumbnail","6":"product_cat-ingrijirea-par-barbati","7":"pa_brand-immortal","8":"pa_felul-produsului-tip-sampon","9":"pa_producator-turcia","10":"pa_volum-400ml","12":"first","13":"instock","14":"featured","15":"shipping-taxable","16":"purchasable","17":"product-type-simple"},"_links":{"self":[{"href":"https:\/\/cool-style.md\/ro\/wp-json\/wp\/v2\/product\/3080","targetHints":{"allow":["GET"]}}],"collection":[{"href":"https:\/\/cool-style.md\/ro\/wp-json\/wp\/v2\/product"}],"about":[{"href":"https:\/\/cool-style.md\/ro\/wp-json\/wp\/v2\/types\/product"}],"wp:featuredmedia":[{"embeddable":true,"href":"https:\/\/cool-style.md\/ro\/wp-json\/wp\/v2\/media\/3082"}],"wp:attachment":[{"href":"https:\/\/cool-style.md\/ro\/wp-json\/wp\/v2\/media?parent=3080"}],"wp:term":[{"taxonomy":"product_brand","embeddable":true,"href":"https:\/\/cool-style.md\/ro\/wp-json\/wp\/v2\/product_brand?post=3080"},{"taxonomy":"product_cat","embeddable":true,"href":"https:\/\/cool-style.md\/ro\/wp-json\/wp\/v2\/product_cat?post=3080"},{"taxonomy":"product_tag","embeddable":true,"href":"https:\/\/cool-style.md\/ro\/wp-json\/wp\/v2\/product_tag?post=3080"}],"curies":[{"name":"wp","href":"https:\/\/api.w.org\/{rel}","templated":true}]}}