{"id":3083,"date":"2024-05-18T06:18:49","date_gmt":"2024-05-18T06:18:49","guid":{"rendered":"https:\/\/cool-style.md\/?post_type=product&#038;p=3083"},"modified":"2025-09-10T18:33:42","modified_gmt":"2025-09-10T18:33:42","slug":"immortal-infuse-shampoo-3in1","status":"publish","type":"product","link":"https:\/\/cool-style.md\/ro\/product\/immortal-infuse-shampoo-3in1\/","title":{"rendered":"\u0218ampon de p\u0103r 3\u00een1 Immortal Infuse Shampoo 3in1 500ml"},"content":{"rendered":"<h2><span style=\"font-size: 75%;\">\u0218ampon 3\u00een1 Immortal Infuse Shampoo 3in1<\/span><a style=\"font-size: 100%;\" href=\"https:\/\/cool-style.md\/wp-content\/uploads\/2024\/05\/Cool-style.md-Immortal-Chaos-Sea-Salt.png\"><br \/>\n<\/a><\/h2>\n<ul>\n<li>\u00cenmoaie \u0219i hidrateaz\u0103 p\u0103rul;<\/li>\n<li>\u00cengrije\u0219te eficient pielea;<\/li>\n<li>Ofer\u0103 o senza\u021bie de prospe\u021bime;<\/li>\n<li>Ofer\u0103 o str\u0103lucire s\u0103n\u0103toas\u0103;<\/li>\n<\/ul>\n<p><span style=\"font-size: 100%;\"><a href=\"https:\/\/cool-style.md\/wp-content\/uploads\/2024\/05\/Cool-style.md-Immortal-Infuse-Shampoo-500ml.jpg\"><img decoding=\"async\" class=\"wp-image-6221 aligncenter\" src=\"https:\/\/cool-style.md\/wp-content\/uploads\/2024\/05\/Cool-style.md-Immortal-Infuse-Shampoo-500ml-800x381.jpg\" alt=\"Cool-style.md Immortal Infuse Shampoo 500ml\" width=\"346\" height=\"165\" srcset=\"https:\/\/cool-style.md\/wp-content\/uploads\/2024\/05\/Cool-style.md-Immortal-Infuse-Shampoo-500ml-800x381.jpg 800w, https:\/\/cool-style.md\/wp-content\/uploads\/2024\/05\/Cool-style.md-Immortal-Infuse-Shampoo-500ml-1400x667.jpg 1400w, https:\/\/cool-style.md\/wp-content\/uploads\/2024\/05\/Cool-style.md-Immortal-Infuse-Shampoo-500ml-768x366.jpg 768w, https:\/\/cool-style.md\/wp-content\/uploads\/2024\/05\/Cool-style.md-Immortal-Infuse-Shampoo-500ml-1536x732.jpg 1536w, https:\/\/cool-style.md\/wp-content\/uploads\/2024\/05\/Cool-style.md-Immortal-Infuse-Shampoo-500ml-510x243.jpg 510w, https:\/\/cool-style.md\/wp-content\/uploads\/2024\/05\/Cool-style.md-Immortal-Infuse-Shampoo-500ml.jpg 1920w\" sizes=\"(max-width: 346px) 100vw, 346px\" \/><\/a>\u0218ampon + balsam + gel de du\u0219 <\/span><a href=\"https:\/\/immortal.com.tr\/\" target=\"_blank\" rel=\"noopener\">Immortal<\/a><span style=\"font-size: 100%;\"> cur\u0103\u021b\u0103 delicat p\u0103rul \u0219i pielea. V\u0103 permite s\u0103 ob\u021bine\u021bi str\u0103lucire \u0219i catifelare a p\u0103rului, datorit\u0103 uleiurilor din compozi\u021bie. Controleaz\u0103 statica p\u0103rului. \u00cengrije\u0219te eficient pielea, o catifeleaz\u0103 \u0219i o hidrateaz\u0103, d\u00e2ndu-i o senza\u021bie m\u0103t\u0103soas\u0103. Produsul este ideal pentru \u00eengrijirea \u00eentregului corp.Potrivit pentru utilizarea zilnic\u0103 \u0219i\u00a0<\/span><a style=\"font-size: 100%;\" href=\"https:\/\/cool-style.md\/ro\/product-category\/cosmetice-barbati\/coafarea-barbati\/\">pentru toate tipurile de p\u0103r<\/a><span style=\"font-size: 100%;\">.<\/span><\/p>\n<p><span style=\"font-size: 100%;\"><strong>Volum:<\/strong> 500 ml<\/span><\/p>\n<p><span style=\"font-size: 100%;\"><strong>Mod de utilizare:<\/strong> Aplica\u021bi cantitatea necesar\u0103 de \u0219ampon pe p\u0103rul umed. Maseaz\u0103-\u021bi p\u0103rul p\u00e2n\u0103 se formeaz\u0103 o spum\u0103 groas\u0103, apoi cl\u0103te\u0219te-te cu ap\u0103 cald\u0103. Repeta\u021bi procesul dup\u0103 cum este necesar.<\/span><\/p>\n<p><span style=\"font-size: 100%;\"><strong>Aten\u021bie:<\/strong> numai pentru uz extern. \u00cen caz de contact cu ochii, cl\u0103ti\u021bi cu mult\u0103 ap\u0103. A nu se lasa la indemana copiilor.<\/span><\/p>","protected":false},"excerpt":{"rendered":"<p><span style=\"font-size: 100%;\">Immortal Infuse Shampoo 3in1 \u00eengrije\u0219te pielea, catifeleaz\u0103 \u0219i d\u0103 str\u0103lucire p\u0103rului.<\/span><span style=\"font-size: 100%;\"><\/span><\/p>\n","protected":false},"featured_media":6219,"template":"","meta":[],"product_brand":[],"product_cat":[31],"product_tag":[],"class_list":{"0":"post-3083","1":"product","2":"type-product","3":"status-publish","4":"has-post-thumbnail","6":"product_cat-ingrijirea-par-barbati","7":"pa_brand-immortal","8":"pa_felul-produsului-tip-sampon","9":"pa_producator-turcia","10":"pa_volum-500ml","12":"first","13":"instock","14":"featured","15":"shipping-taxable","16":"purchasable","17":"product-type-simple"},"_links":{"self":[{"href":"https:\/\/cool-style.md\/ro\/wp-json\/wp\/v2\/product\/3083","targetHints":{"allow":["GET"]}}],"collection":[{"href":"https:\/\/cool-style.md\/ro\/wp-json\/wp\/v2\/product"}],"about":[{"href":"https:\/\/cool-style.md\/ro\/wp-json\/wp\/v2\/types\/product"}],"wp:featuredmedia":[{"embeddable":true,"href":"https:\/\/cool-style.md\/ro\/wp-json\/wp\/v2\/media\/6219"}],"wp:attachment":[{"href":"https:\/\/cool-style.md\/ro\/wp-json\/wp\/v2\/media?parent=3083"}],"wp:term":[{"taxonomy":"product_brand","embeddable":true,"href":"https:\/\/cool-style.md\/ro\/wp-json\/wp\/v2\/product_brand?post=3083"},{"taxonomy":"product_cat","embeddable":true,"href":"https:\/\/cool-style.md\/ro\/wp-json\/wp\/v2\/product_cat?post=3083"},{"taxonomy":"product_tag","embeddable":true,"href":"https:\/\/cool-style.md\/ro\/wp-json\/wp\/v2\/product_tag?post=3083"}],"curies":[{"name":"wp","href":"https:\/\/api.w.org\/{rel}","templated":true}]}}