{"id":3090,"date":"2024-05-18T09:34:31","date_gmt":"2024-05-18T09:34:31","guid":{"rendered":"https:\/\/cool-style.md\/?post_type=product&#038;p=3090"},"modified":"2025-09-10T18:33:32","modified_gmt":"2025-09-10T18:33:32","slug":"immortal-infuse-carbon-black-shampoo","status":"publish","type":"product","link":"https:\/\/cool-style.md\/ro\/product\/immortal-infuse-carbon-black-shampoo\/","title":{"rendered":"\u0218ampon pentru p\u0103rul gras Immortal Infuse Carbon Black Shampoo 500ml"},"content":{"rendered":"<h2><span style=\"font-size: 75%;\">\u0218ampon pentru p\u0103rul gras Immortal Infuse Carbon Black Shampoo<\/span><a style=\"font-size: 100%;\" href=\"https:\/\/cool-style.md\/wp-content\/uploads\/2024\/05\/Cool-style.md-Immortal-Chaos-Sea-Salt.png\"><br \/>\n<\/a><\/h2>\n<ul>\n<li>Regleaz\u0103 produc\u021bia de sebum;<\/li>\n<li>Cur\u0103\u021b\u0103 delicat p\u0103rul \u0219i scalpul;<\/li>\n<li>Ofer\u0103 vitalitate p\u0103rului;<\/li>\n<li>Nu \u00eengreuneaz\u0103 p\u0103rul;<\/li>\n<\/ul>\n<p><span style=\"font-size: 100%;\"><a href=\"https:\/\/cool-style.md\/wp-content\/uploads\/2024\/05\/Cool-style.md-Immortal-Infuse-Shampoo-500ml.jpg\"><img decoding=\"async\" class=\"wp-image-6221 aligncenter\" src=\"https:\/\/cool-style.md\/wp-content\/uploads\/2024\/05\/Cool-style.md-Immortal-Infuse-Shampoo-500ml-800x381.jpg\" alt=\"Cool-style.md Immortal Infuse Shampoo 500ml\" width=\"346\" height=\"165\" srcset=\"https:\/\/cool-style.md\/wp-content\/uploads\/2024\/05\/Cool-style.md-Immortal-Infuse-Shampoo-500ml-800x381.jpg 800w, https:\/\/cool-style.md\/wp-content\/uploads\/2024\/05\/Cool-style.md-Immortal-Infuse-Shampoo-500ml-1400x667.jpg 1400w, https:\/\/cool-style.md\/wp-content\/uploads\/2024\/05\/Cool-style.md-Immortal-Infuse-Shampoo-500ml-768x366.jpg 768w, https:\/\/cool-style.md\/wp-content\/uploads\/2024\/05\/Cool-style.md-Immortal-Infuse-Shampoo-500ml-1536x732.jpg 1536w, https:\/\/cool-style.md\/wp-content\/uploads\/2024\/05\/Cool-style.md-Immortal-Infuse-Shampoo-500ml-510x243.jpg 510w, https:\/\/cool-style.md\/wp-content\/uploads\/2024\/05\/Cool-style.md-Immortal-Infuse-Shampoo-500ml.jpg 1920w\" sizes=\"(max-width: 346px) 100vw, 346px\" \/><\/a>\u0218ampon <\/span><a href=\"https:\/\/immortal.com.tr\/\" target=\"_blank\" rel=\"noopener\">Immortal<\/a> conceput special pentru p\u0103rul gras. Ofer\u0103 vitalitate \u0219i str\u0103lucire s\u0103n\u0103toas\u0103 p\u0103rului, cur\u0103\u021b\u00e2nd \u00een profunzime p\u0103rul \u0219i scalpul. Ajut\u0103 la eliminarea excesului de gr\u0103sime men\u021bin\u00e2nd \u00een acela\u0219i timp echilibrul uleiului. Hidrateaz\u0103 pielea, cur\u0103\u021b\u0103 delicat \u0219i regleaz\u0103 produc\u021bia de sebum. Potrivit <a style=\"font-size: 100%;\" href=\"https:\/\/cool-style.md\/ro\/product-category\/cosmetice-barbati\/coafarea-barbati\/\">pentru toate tipurile de p\u0103r<\/a><span style=\"font-size: 100%;\">.<\/span><\/p>\n<p><span style=\"font-size: 100%;\"><strong>Volum:<\/strong> 500 ml<\/span><\/p>\n<p><span style=\"font-size: 100%;\"><strong>Mod de utilizare:<\/strong> Aplica\u021bi cantitatea necesar\u0103 de \u0219ampon pe p\u0103rul umed. Maseaz\u0103-\u021bi p\u0103rul p\u00e2n\u0103 se formeaz\u0103 o spum\u0103 groas\u0103, apoi cl\u0103te\u0219te-te cu ap\u0103 cald\u0103. Repeta\u021bi procesul dup\u0103 cum este necesar.<\/span><\/p>\n<p><span style=\"font-size: 100%;\"><strong>Aten\u021bie:<\/strong> numai pentru uz extern. \u00cen caz de contact cu ochii, cl\u0103ti\u021bi cu mult\u0103 ap\u0103. A nu se lasa la indemana copiilor.<\/span><\/p>","protected":false},"excerpt":{"rendered":"<p><span style=\"font-size: 100%;\">Immortal Infuse Carbon Black Shampoo hidrateaz\u0103 pielea, cur\u0103\u021b\u0103 delicat \u0219i regleaz\u0103 produc\u021bia de sebum.<\/span><span style=\"font-size: 100%;\"><\/span><\/p>\n","protected":false},"featured_media":6217,"template":"","meta":[],"product_brand":[],"product_cat":[31],"product_tag":[],"class_list":{"0":"post-3090","1":"product","2":"type-product","3":"status-publish","4":"has-post-thumbnail","6":"product_cat-ingrijirea-par-barbati","7":"pa_brand-immortal","8":"pa_felul-produsului-tip-sampon","9":"pa_producator-turcia","10":"pa_volum-500ml","12":"first","13":"instock","14":"featured","15":"shipping-taxable","16":"purchasable","17":"product-type-simple"},"_links":{"self":[{"href":"https:\/\/cool-style.md\/ro\/wp-json\/wp\/v2\/product\/3090","targetHints":{"allow":["GET"]}}],"collection":[{"href":"https:\/\/cool-style.md\/ro\/wp-json\/wp\/v2\/product"}],"about":[{"href":"https:\/\/cool-style.md\/ro\/wp-json\/wp\/v2\/types\/product"}],"wp:featuredmedia":[{"embeddable":true,"href":"https:\/\/cool-style.md\/ro\/wp-json\/wp\/v2\/media\/6217"}],"wp:attachment":[{"href":"https:\/\/cool-style.md\/ro\/wp-json\/wp\/v2\/media?parent=3090"}],"wp:term":[{"taxonomy":"product_brand","embeddable":true,"href":"https:\/\/cool-style.md\/ro\/wp-json\/wp\/v2\/product_brand?post=3090"},{"taxonomy":"product_cat","embeddable":true,"href":"https:\/\/cool-style.md\/ro\/wp-json\/wp\/v2\/product_cat?post=3090"},{"taxonomy":"product_tag","embeddable":true,"href":"https:\/\/cool-style.md\/ro\/wp-json\/wp\/v2\/product_tag?post=3090"}],"curies":[{"name":"wp","href":"https:\/\/api.w.org\/{rel}","templated":true}]}}