{"id":3102,"date":"2024-05-18T14:41:45","date_gmt":"2024-05-18T14:41:45","guid":{"rendered":"https:\/\/cool-style.md\/?post_type=product&#038;p=3102"},"modified":"2024-12-06T16:38:40","modified_gmt":"2024-12-06T16:38:40","slug":"immortal-infuse-anti-hair-loss-set","status":"publish","type":"product","link":"https:\/\/cool-style.md\/ro\/product\/immortal-infuse-anti-hair-loss-set\/","title":{"rendered":"Set \u00eempotriva c\u0103derii p\u0103rului Immortal Infuse Anti Hair Loss Set"},"content":{"rendered":"<h2><span style=\"font-size: 75%;\">Set \u00eempotriva c\u0103derii p\u0103rului\u00a0 &#8211; \u0219ampon \u0219i ser Immortal Infuse Anti Hair Loss Set<\/span><\/h2>\n<p>Un set de produse bioactive pentru combaterea c\u0103derii non-genetice a p\u0103rului. Potrivit pentru utilizarea zilnic\u0103 \u0219i <a style=\"font-size: 100%;\" href=\"https:\/\/cool-style.md\/ro\/product-category\/cosmetice-barbati\/coafarea-barbati\/\">pentru toate tipurile de p\u0103r<\/a><span style=\"font-size: 100%;\">.<\/span><\/p>\n<p><span style=\"font-size: 100%;\"><a href=\"https:\/\/cool-style.md\/wp-content\/uploads\/2024\/05\/Cool-style.md-Set-Immortal-Infuse-Anti-Hair-Loss-Shampoo-and-Serum-e1716042708810.jpg\"><img decoding=\"async\" class=\"wp-image-3097 aligncenter\" src=\"https:\/\/cool-style.md\/wp-content\/uploads\/2024\/05\/Cool-style.md-Set-Immortal-Infuse-Anti-Hair-Loss-Shampoo-and-Serum-e1716042708810.jpg\" alt=\"Immortal Infuse Anti Hair Loss Serie\" width=\"466\" height=\"327\" srcset=\"https:\/\/cool-style.md\/wp-content\/uploads\/2024\/05\/Cool-style.md-Set-Immortal-Infuse-Anti-Hair-Loss-Shampoo-and-Serum-e1716042708810.jpg 670w, https:\/\/cool-style.md\/wp-content\/uploads\/2024\/05\/Cool-style.md-Set-Immortal-Infuse-Anti-Hair-Loss-Shampoo-and-Serum-e1716042708810-570x400.jpg 570w, https:\/\/cool-style.md\/wp-content\/uploads\/2024\/05\/Cool-style.md-Set-Immortal-Infuse-Anti-Hair-Loss-Shampoo-and-Serum-e1716042708810-510x358.jpg 510w\" sizes=\"(max-width: 466px) 100vw, 466px\" \/><\/a><\/span><\/p>\n<p><span class=\"goog-text-highlight\"><a href=\"https:\/\/cool-style.md\/wp-content\/uploads\/2024\/05\/Cool-style.md-Immortal-Infuse-Anti-Hair-Loss-Shampoo-500ml-1-e1716043686968.jpg\"><img decoding=\"async\" class=\"alignleft wp-image-3104\" src=\"https:\/\/cool-style.md\/wp-content\/uploads\/2024\/05\/Cool-style.md-Immortal-Infuse-Anti-Hair-Loss-Shampoo-500ml-1-e1716043686968-400x400.jpg\" alt=\"Cool-style.md-Immortal-Infuse-Anti-Hair-Loss-Shampoo-500ml\" width=\"200\" height=\"200\" srcset=\"https:\/\/cool-style.md\/wp-content\/uploads\/2024\/05\/Cool-style.md-Immortal-Infuse-Anti-Hair-Loss-Shampoo-500ml-1-e1716043686968-400x400.jpg 400w, https:\/\/cool-style.md\/wp-content\/uploads\/2024\/05\/Cool-style.md-Immortal-Infuse-Anti-Hair-Loss-Shampoo-500ml-1-e1716043686968-800x800.jpg 800w, https:\/\/cool-style.md\/wp-content\/uploads\/2024\/05\/Cool-style.md-Immortal-Infuse-Anti-Hair-Loss-Shampoo-500ml-1-e1716043686968-280x280.jpg 280w, https:\/\/cool-style.md\/wp-content\/uploads\/2024\/05\/Cool-style.md-Immortal-Infuse-Anti-Hair-Loss-Shampoo-500ml-1-e1716043686968-768x768.jpg 768w, https:\/\/cool-style.md\/wp-content\/uploads\/2024\/05\/Cool-style.md-Immortal-Infuse-Anti-Hair-Loss-Shampoo-500ml-1-e1716043686968-300x300.jpg 300w, https:\/\/cool-style.md\/wp-content\/uploads\/2024\/05\/Cool-style.md-Immortal-Infuse-Anti-Hair-Loss-Shampoo-500ml-1-e1716043686968-510x510.jpg 510w, https:\/\/cool-style.md\/wp-content\/uploads\/2024\/05\/Cool-style.md-Immortal-Infuse-Anti-Hair-Loss-Shampoo-500ml-1-e1716043686968-100x100.jpg 100w, https:\/\/cool-style.md\/wp-content\/uploads\/2024\/05\/Cool-style.md-Immortal-Infuse-Anti-Hair-Loss-Shampoo-500ml-1-e1716043686968.jpg 1500w\" sizes=\"(max-width: 200px) 100vw, 200px\" \/><\/a><span style=\"font-size: 100%;\">\u0218ampon <\/span><a href=\"https:\/\/immortal.com.tr\/\" target=\"_blank\" rel=\"noopener\">Immortal<\/a> ajut\u0103 la reducerea c\u0103derii p\u0103rului. <span style=\"font-size: 100%;\">Aplica\u021bi cantitatea necesar\u0103 de \u0219ampon pe p\u0103rul umed. Maseaz\u0103-\u021bi p\u0103rul p\u00e2n\u0103 se formeaz\u0103 o spum\u0103 groas\u0103, apoi cl\u0103te\u0219te-te cu ap\u0103 cald\u0103. Repeta\u021bi procesul dup\u0103 cum este necesar.<\/span><br \/>\n<\/span><\/p>\n<p><span style=\"font-size: 100%;\"><strong>Volum:<\/strong> 500 ml<\/span><\/p>\n<p>&nbsp;<\/p>\n<p><a href=\"https:\/\/cool-style.md\/wp-content\/uploads\/2024\/05\/Cool-style.md-Immortal-Infuse-Anti-Hair-Loss-Serum.jpg\"><img decoding=\"async\" class=\"alignleft wp-image-3103\" src=\"https:\/\/cool-style.md\/wp-content\/uploads\/2024\/05\/Cool-style.md-Immortal-Infuse-Anti-Hair-Loss-Serum-400x400.jpg\" alt=\"Cool-style.md Immortal Infuse Anti Hair Loss Serum\" width=\"200\" height=\"200\" srcset=\"https:\/\/cool-style.md\/wp-content\/uploads\/2024\/05\/Cool-style.md-Immortal-Infuse-Anti-Hair-Loss-Serum-400x400.jpg 400w, https:\/\/cool-style.md\/wp-content\/uploads\/2024\/05\/Cool-style.md-Immortal-Infuse-Anti-Hair-Loss-Serum-800x800.jpg 800w, https:\/\/cool-style.md\/wp-content\/uploads\/2024\/05\/Cool-style.md-Immortal-Infuse-Anti-Hair-Loss-Serum-280x280.jpg 280w, https:\/\/cool-style.md\/wp-content\/uploads\/2024\/05\/Cool-style.md-Immortal-Infuse-Anti-Hair-Loss-Serum-768x768.jpg 768w, https:\/\/cool-style.md\/wp-content\/uploads\/2024\/05\/Cool-style.md-Immortal-Infuse-Anti-Hair-Loss-Serum-1536x1536.jpg 1536w, https:\/\/cool-style.md\/wp-content\/uploads\/2024\/05\/Cool-style.md-Immortal-Infuse-Anti-Hair-Loss-Serum-300x300.jpg 300w, https:\/\/cool-style.md\/wp-content\/uploads\/2024\/05\/Cool-style.md-Immortal-Infuse-Anti-Hair-Loss-Serum-510x510.jpg 510w, https:\/\/cool-style.md\/wp-content\/uploads\/2024\/05\/Cool-style.md-Immortal-Infuse-Anti-Hair-Loss-Serum-100x100.jpg 100w, https:\/\/cool-style.md\/wp-content\/uploads\/2024\/05\/Cool-style.md-Immortal-Infuse-Anti-Hair-Loss-Serum.jpg 1920w\" sizes=\"(max-width: 200px) 100vw, 200px\" \/><\/a><\/p>\n<p><span style=\"font-size: 100%;\">Serul bioactiv <\/span><a href=\"https:\/\/immortal.com.tr\/\" target=\"_blank\" rel=\"noopener\">Immortal<\/a> \u00a0lupt\u0103 eficient \u00eempotriva c\u0103derii p\u0103rului. <span style=\"font-size: 100%;\">Masa\u021bi r\u0103d\u0103cinile p\u0103rului folosind v\u00e2rful degetelor. Nu-l sp\u0103la\u021bi. Pentru rezultate eficiente, se recomand\u0103 utilizarea regulat\u0103 timp de 8 s\u0103pt\u0103m\u00e2ni.<\/span><\/p>\n<p><span style=\"font-size: 100%;\"><strong>Volum:<\/strong> 100 ml<\/span><\/p>\n<p>&nbsp;<\/p>","protected":false},"excerpt":{"rendered":"<p><span style=\"font-size: 100%;\">Immortal Infuse Anti Hair Loss Set \u00eent\u0103re\u0219te r\u0103d\u0103cinile p\u0103rului \u0219i stimuleaz\u0103 cre\u0219terea p\u0103rului nou.<\/span><span style=\"font-size: 100%;\"><\/span><\/p>\n","protected":false},"featured_media":3098,"template":"","meta":[],"product_brand":[],"product_cat":[31],"product_tag":[],"class_list":{"0":"post-3102","1":"product","2":"type-product","3":"status-publish","4":"has-post-thumbnail","6":"product_cat-ingrijirea-par-barbati","7":"pa_brand-immortal","8":"pa_felul-produsului-tip-ser","9":"pa_felul-produsului-tip-sampon","10":"pa_producator-turcia","11":"pa_volum-100ml","12":"pa_volum-500ml","14":"first","15":"instock","16":"featured","17":"shipping-taxable","18":"purchasable","19":"product-type-simple"},"_links":{"self":[{"href":"https:\/\/cool-style.md\/ro\/wp-json\/wp\/v2\/product\/3102","targetHints":{"allow":["GET"]}}],"collection":[{"href":"https:\/\/cool-style.md\/ro\/wp-json\/wp\/v2\/product"}],"about":[{"href":"https:\/\/cool-style.md\/ro\/wp-json\/wp\/v2\/types\/product"}],"wp:featuredmedia":[{"embeddable":true,"href":"https:\/\/cool-style.md\/ro\/wp-json\/wp\/v2\/media\/3098"}],"wp:attachment":[{"href":"https:\/\/cool-style.md\/ro\/wp-json\/wp\/v2\/media?parent=3102"}],"wp:term":[{"taxonomy":"product_brand","embeddable":true,"href":"https:\/\/cool-style.md\/ro\/wp-json\/wp\/v2\/product_brand?post=3102"},{"taxonomy":"product_cat","embeddable":true,"href":"https:\/\/cool-style.md\/ro\/wp-json\/wp\/v2\/product_cat?post=3102"},{"taxonomy":"product_tag","embeddable":true,"href":"https:\/\/cool-style.md\/ro\/wp-json\/wp\/v2\/product_tag?post=3102"}],"curies":[{"name":"wp","href":"https:\/\/api.w.org\/{rel}","templated":true}]}}