{"id":3108,"date":"2024-05-18T15:31:43","date_gmt":"2024-05-18T15:31:43","guid":{"rendered":"https:\/\/cool-style.md\/?post_type=product&#038;p=3108"},"modified":"2025-09-10T18:41:41","modified_gmt":"2025-09-10T18:41:41","slug":"immortal-infuse-volumizing-powder","status":"publish","type":"product","link":"https:\/\/cool-style.md\/ro\/product\/immortal-infuse-volumizing-powder\/","title":{"rendered":"Pudr\u0103 de p\u0103r volumizant\u0103 Immortal Infuse Volumizing Powder 30gr"},"content":{"rendered":"<h2><span style=\"font-size: 75%;\">Pudr\u0103 de p\u0103r volumizant\u0103 Immortal Infuse Volumizing Powder<\/span><\/h2>\n<ul>\n<li><span style=\"font-size: 100%;\">Coafare u\u0219oar\u0103 \u0219i rapid\u0103;<\/span><\/li>\n<li><span style=\"font-size: 100%;\">Potrivit pentru p\u0103r de orice lungime;<\/span><\/li>\n<li><span style=\"font-size: 100%;\">Fixare medie;<\/span><\/li>\n<li><span style=\"font-size: 100%;\">Nu \u00eengreuneaz\u0103 p\u0103rul;<\/span><\/li>\n<li><span style=\"font-size: 100%;\">Se spal\u0103 la \u0219amponare.<\/span><\/li>\n<\/ul>\n<p><span style=\"font-size: 100%;\"><a href=\"https:\/\/cool-style.md\/wp-content\/uploads\/2024\/05\/Cool-style.md-Immortal-Infuse-Series-Powder.jpg\"><img decoding=\"async\" class=\"size-medium wp-image-3109 aligncenter\" src=\"https:\/\/cool-style.md\/wp-content\/uploads\/2024\/05\/Cool-style.md-Immortal-Infuse-Series-Powder-399x400.jpg\" alt=\"Cool-style.md Immortal Infuse Series Powder\" width=\"399\" height=\"400\" srcset=\"https:\/\/cool-style.md\/wp-content\/uploads\/2024\/05\/Cool-style.md-Immortal-Infuse-Series-Powder-399x400.jpg 399w, https:\/\/cool-style.md\/wp-content\/uploads\/2024\/05\/Cool-style.md-Immortal-Infuse-Series-Powder-798x800.jpg 798w, https:\/\/cool-style.md\/wp-content\/uploads\/2024\/05\/Cool-style.md-Immortal-Infuse-Series-Powder-280x280.jpg 280w, https:\/\/cool-style.md\/wp-content\/uploads\/2024\/05\/Cool-style.md-Immortal-Infuse-Series-Powder-768x770.jpg 768w, https:\/\/cool-style.md\/wp-content\/uploads\/2024\/05\/Cool-style.md-Immortal-Infuse-Series-Powder-300x300.jpg 300w, https:\/\/cool-style.md\/wp-content\/uploads\/2024\/05\/Cool-style.md-Immortal-Infuse-Series-Powder-510x511.jpg 510w, https:\/\/cool-style.md\/wp-content\/uploads\/2024\/05\/Cool-style.md-Immortal-Infuse-Series-Powder-100x100.jpg 100w, https:\/\/cool-style.md\/wp-content\/uploads\/2024\/05\/Cool-style.md-Immortal-Infuse-Series-Powder.jpg 1021w\" sizes=\"(max-width: 399px) 100vw, 399px\" \/><\/a><a href=\"https:\/\/cool-style.md\/wp-content\/uploads\/2024\/05\/Cool-style.md-Immortal-Fixare-4-Stralucire-1-RO.png\"><img decoding=\"async\" class=\"alignleft wp-image-3111\" src=\"https:\/\/cool-style.md\/wp-content\/uploads\/2024\/05\/Cool-style.md-Immortal-Fixare-4-Stralucire-1-RO.png\" alt=\"Immortal-Fixare-4-Stralucire-1\" width=\"225\" height=\"93\" srcset=\"https:\/\/cool-style.md\/wp-content\/uploads\/2024\/05\/Cool-style.md-Immortal-Fixare-4-Stralucire-1-RO.png 570w, https:\/\/cool-style.md\/wp-content\/uploads\/2024\/05\/Cool-style.md-Immortal-Fixare-4-Stralucire-1-RO-510x210.png 510w\" sizes=\"(max-width: 225px) 100vw, 225px\" \/><\/a>Pudr\u0103 <a href=\"https:\/\/immortal.com.tr\/\" target=\"_blank\" rel=\"noopener\">Immortal<\/a>\u00a0<\/span>pentru aranjarea p\u0103rului. <span style=\"font-size: 100%;\">Datorit\u0103 formulei sale unice, ofer\u0103 un stil natural mat \u0219i adaug\u0103 volum p\u0103rului t\u0103u.<\/span><span style=\"font-size: 100%;\">\u00a0Potrivit\u0103 <\/span><a style=\"font-size: 100%;\" href=\"https:\/\/cool-style.md\/ro\/product-category\/cosmetice-barbati\/coafarea-barbati\/\">pentru toate tipurile de p\u0103r<\/a><span style=\"font-size: 100%;\">.<\/span><\/p>\n<p><span style=\"font-size: 100%;\"><strong>Fixare:<\/strong> medie<\/span><\/p>\n<p><span style=\"font-size: 100%;\"><strong>Volum:<\/strong> 30 gr<\/span><\/p>\n<p><span style=\"font-size: 100%;\"><strong>Mod de utilizare:<\/strong> Agita\u021bi recipientul pentru a dispersa pulberea \u00eenainte de utilizare. Turna\u021bi pudra direct pe r\u0103d\u0103cinile p\u0103rului \u0219i distribui\u021bi-o pe tot p\u0103rul, ad\u0103ug\u00e2nd volum \u0219i coafare p\u0103rului \u00een scurt timp.<\/span><\/p>\n<p><span style=\"font-size: 100%;\"><strong>Aten\u021bie:<\/strong> numai pentru uz extern. \u00cen caz de contact cu ochii, cl\u0103ti\u021bi cu mult\u0103 ap\u0103. A nu se lasa la indemana copiilor.<\/span><\/p>","protected":false},"excerpt":{"rendered":"<p><span style=\"font-size: 100%;\">Immortal Infuse Volumizing Powder ofer\u0103 un aspect natural mat \u0219i face p\u0103rul mai voluminos.<\/span><span style=\"font-size: 100%;\"><\/span><\/p>\n","protected":false},"featured_media":3114,"template":"","meta":[],"product_brand":[],"product_cat":[30],"product_tag":[],"class_list":{"0":"post-3108","1":"product","2":"type-product","3":"status-publish","4":"has-post-thumbnail","6":"product_cat-coafarea-barbati","7":"pa_brand-immortal","8":"pa_felul-produsului-tip-pudra","9":"pa_fixare-medie","10":"pa_producator-turcia","11":"pa_volum-30gr","13":"first","14":"instock","15":"featured","16":"shipping-taxable","17":"purchasable","18":"product-type-simple"},"_links":{"self":[{"href":"https:\/\/cool-style.md\/ro\/wp-json\/wp\/v2\/product\/3108","targetHints":{"allow":["GET"]}}],"collection":[{"href":"https:\/\/cool-style.md\/ro\/wp-json\/wp\/v2\/product"}],"about":[{"href":"https:\/\/cool-style.md\/ro\/wp-json\/wp\/v2\/types\/product"}],"wp:featuredmedia":[{"embeddable":true,"href":"https:\/\/cool-style.md\/ro\/wp-json\/wp\/v2\/media\/3114"}],"wp:attachment":[{"href":"https:\/\/cool-style.md\/ro\/wp-json\/wp\/v2\/media?parent=3108"}],"wp:term":[{"taxonomy":"product_brand","embeddable":true,"href":"https:\/\/cool-style.md\/ro\/wp-json\/wp\/v2\/product_brand?post=3108"},{"taxonomy":"product_cat","embeddable":true,"href":"https:\/\/cool-style.md\/ro\/wp-json\/wp\/v2\/product_cat?post=3108"},{"taxonomy":"product_tag","embeddable":true,"href":"https:\/\/cool-style.md\/ro\/wp-json\/wp\/v2\/product_tag?post=3108"}],"curies":[{"name":"wp","href":"https:\/\/api.w.org\/{rel}","templated":true}]}}