{"id":3118,"date":"2024-05-18T16:01:52","date_gmt":"2024-05-18T16:01:52","guid":{"rendered":"https:\/\/cool-style.md\/?post_type=product&#038;p=3118"},"modified":"2024-12-06T16:41:01","modified_gmt":"2024-12-06T16:41:01","slug":"immortal-infuse-scalp-tonic","status":"publish","type":"product","link":"https:\/\/cool-style.md\/ro\/product\/immortal-infuse-scalp-tonic\/","title":{"rendered":"Tonic pentru p\u0103r cu mentol Immortal Infuse Scalp Tonic 250ml"},"content":{"rendered":"<h2><span style=\"font-size: 75%;\">Tonic pentru p\u0103r cu mentol Immortal Infuse Scalp Tonic<\/span><\/h2>\n<ul>\n<li>Con\u021bine mentol;<\/li>\n<li>Are efect de r\u0103cire;<\/li>\n<li>Ofer\u0103 o senza\u021bie de prospe\u021bime;<\/li>\n<li>Reface p\u0103rul \u0219i scalpul.<\/li>\n<\/ul>\n<p><span style=\"font-size: 100%;\"><a href=\"https:\/\/cool-style.md\/wp-content\/uploads\/2024\/05\/Cool-style.md-Immortal-Infuse-Scalp-Tonic-250ml.jpg\"><img decoding=\"async\" class=\"aligncenter wp-image-3119\" src=\"https:\/\/cool-style.md\/wp-content\/uploads\/2024\/05\/Cool-style.md-Immortal-Infuse-Scalp-Tonic-250ml-400x400.jpg\" alt=\"Cool-style.md Immortal Infuse Scalp Tonic 250ml\" width=\"300\" height=\"300\" srcset=\"https:\/\/cool-style.md\/wp-content\/uploads\/2024\/05\/Cool-style.md-Immortal-Infuse-Scalp-Tonic-250ml-400x400.jpg 400w, https:\/\/cool-style.md\/wp-content\/uploads\/2024\/05\/Cool-style.md-Immortal-Infuse-Scalp-Tonic-250ml-800x800.jpg 800w, https:\/\/cool-style.md\/wp-content\/uploads\/2024\/05\/Cool-style.md-Immortal-Infuse-Scalp-Tonic-250ml-280x280.jpg 280w, https:\/\/cool-style.md\/wp-content\/uploads\/2024\/05\/Cool-style.md-Immortal-Infuse-Scalp-Tonic-250ml-768x768.jpg 768w, https:\/\/cool-style.md\/wp-content\/uploads\/2024\/05\/Cool-style.md-Immortal-Infuse-Scalp-Tonic-250ml-300x300.jpg 300w, https:\/\/cool-style.md\/wp-content\/uploads\/2024\/05\/Cool-style.md-Immortal-Infuse-Scalp-Tonic-250ml-510x510.jpg 510w, https:\/\/cool-style.md\/wp-content\/uploads\/2024\/05\/Cool-style.md-Immortal-Infuse-Scalp-Tonic-250ml-100x100.jpg 100w, https:\/\/cool-style.md\/wp-content\/uploads\/2024\/05\/Cool-style.md-Immortal-Infuse-Scalp-Tonic-250ml.jpg 1500w\" sizes=\"(max-width: 300px) 100vw, 300px\" \/><\/a>Tonic mentolat <a href=\"https:\/\/immortal.com.tr\/\" target=\"_blank\" rel=\"noopener\">Immortal<\/a><\/span> revitalizeaz\u0103 \u0219i \u00eemprosp\u0103teaz\u0103 p\u0103rul. Datorit\u0103 mentolului pe care \u00eel con\u021bine, d\u0103 o senza\u021bie de prospe\u021bime r\u0103d\u0103cinilor p\u0103rului. Prin \u00eengrijirea scalpului, ajut\u0103 p\u0103rul s\u0103 arate mai vibrant, mai str\u0103lucitor \u0219i mai voluminos. Produsul este potrivit <a href=\"https:\/\/cool-style.md\/ro\/cosmetice-barbati\/ingrijirea-par-barbati\/\">toate tipurile de p\u0103r<\/a>, precum \u0219i pentru uz zilnic.<\/p>\n<p><strong>Volum:<\/strong> 250 ml<\/p>\n<p><strong>Mod de utilizare:<\/strong> Aplica\u021bi tonic pe r\u0103d\u0103cinile firelor de p\u0103r prin masare. Cel mai eficient este s\u0103 utiliza\u021bi tonicul dup\u0103 \u0219amponare.<\/p>\n<p><span style=\"font-size: 100%;\"><strong>Aten\u021bie:<\/strong> numai pentru uz extern. \u00cen caz de contact cu ochii, cl\u0103ti\u021bi cu mult\u0103 ap\u0103. A nu se lasa la indemana copiilor.<\/span><\/p>","protected":false},"excerpt":{"rendered":"<p><span style=\"font-size: 100%;\">Immortal Infuse Scalp Tonic ajut\u0103 p\u0103rul s\u0103 arate mai vibrant, mai str\u0103lucitor \u0219i mai voluminos.<\/span><span style=\"font-size: 100%;\"><\/span><\/p>\n","protected":false},"featured_media":3120,"template":"","meta":[],"product_brand":[],"product_cat":[31],"product_tag":[],"class_list":{"0":"post-3118","1":"product","2":"type-product","3":"status-publish","4":"has-post-thumbnail","6":"product_cat-ingrijirea-par-barbati","7":"pa_brand-immortal","8":"pa_felul-produsului-tip-tonic","9":"pa_producator-turcia","10":"pa_volum-250ml","12":"first","13":"instock","14":"featured","15":"shipping-taxable","16":"purchasable","17":"product-type-simple"},"_links":{"self":[{"href":"https:\/\/cool-style.md\/ro\/wp-json\/wp\/v2\/product\/3118","targetHints":{"allow":["GET"]}}],"collection":[{"href":"https:\/\/cool-style.md\/ro\/wp-json\/wp\/v2\/product"}],"about":[{"href":"https:\/\/cool-style.md\/ro\/wp-json\/wp\/v2\/types\/product"}],"wp:featuredmedia":[{"embeddable":true,"href":"https:\/\/cool-style.md\/ro\/wp-json\/wp\/v2\/media\/3120"}],"wp:attachment":[{"href":"https:\/\/cool-style.md\/ro\/wp-json\/wp\/v2\/media?parent=3118"}],"wp:term":[{"taxonomy":"product_brand","embeddable":true,"href":"https:\/\/cool-style.md\/ro\/wp-json\/wp\/v2\/product_brand?post=3118"},{"taxonomy":"product_cat","embeddable":true,"href":"https:\/\/cool-style.md\/ro\/wp-json\/wp\/v2\/product_cat?post=3118"},{"taxonomy":"product_tag","embeddable":true,"href":"https:\/\/cool-style.md\/ro\/wp-json\/wp\/v2\/product_tag?post=3118"}],"curies":[{"name":"wp","href":"https:\/\/api.w.org\/{rel}","templated":true}]}}