{"id":3122,"date":"2024-05-18T16:09:15","date_gmt":"2024-05-18T16:09:15","guid":{"rendered":"https:\/\/cool-style.md\/?post_type=product&#038;p=3122"},"modified":"2024-12-06T16:41:18","modified_gmt":"2024-12-06T16:41:18","slug":"immortal-infuse-face-tonic","status":"publish","type":"product","link":"https:\/\/cool-style.md\/ro\/product\/immortal-infuse-face-tonic\/","title":{"rendered":"Tonic facial cu ulei din arbore de ceai Immortal Infuse Face Tonic 250ml"},"content":{"rendered":"<h2><span style=\"font-size: 75%;\">Tonic facial Immortal Infuse Face Tonic<\/span><\/h2>\n<ul>\n<li>Hidrateaz\u0103 \u0219i hr\u0103ne\u0219te pielea;<\/li>\n<li>Restabile\u0219te echilibrul umidit\u0103\u021bii;<\/li>\n<li>Ofer\u0103 o senza\u021bie de prospe\u021bime;<\/li>\n<li>Cur\u0103\u021b\u0103 eficient pielea;<\/li>\n<\/ul>\n<p><span style=\"font-size: 100%;\"><a href=\"https:\/\/cool-style.md\/wp-content\/uploads\/2024\/05\/Cool-style.md-Immortal-Infuse-Face-Tonic-250ml.jpg\"><img decoding=\"async\" class=\"aligncenter wp-image-3123\" src=\"https:\/\/cool-style.md\/wp-content\/uploads\/2024\/05\/Cool-style.md-Immortal-Infuse-Face-Tonic-250ml-400x400.jpg\" alt=\"Immortal Infuse Face Tonic\" width=\"300\" height=\"300\" srcset=\"https:\/\/cool-style.md\/wp-content\/uploads\/2024\/05\/Cool-style.md-Immortal-Infuse-Face-Tonic-250ml-400x400.jpg 400w, https:\/\/cool-style.md\/wp-content\/uploads\/2024\/05\/Cool-style.md-Immortal-Infuse-Face-Tonic-250ml-800x800.jpg 800w, https:\/\/cool-style.md\/wp-content\/uploads\/2024\/05\/Cool-style.md-Immortal-Infuse-Face-Tonic-250ml-280x280.jpg 280w, https:\/\/cool-style.md\/wp-content\/uploads\/2024\/05\/Cool-style.md-Immortal-Infuse-Face-Tonic-250ml-768x768.jpg 768w, https:\/\/cool-style.md\/wp-content\/uploads\/2024\/05\/Cool-style.md-Immortal-Infuse-Face-Tonic-250ml-300x300.jpg 300w, https:\/\/cool-style.md\/wp-content\/uploads\/2024\/05\/Cool-style.md-Immortal-Infuse-Face-Tonic-250ml-510x510.jpg 510w, https:\/\/cool-style.md\/wp-content\/uploads\/2024\/05\/Cool-style.md-Immortal-Infuse-Face-Tonic-250ml-100x100.jpg 100w, https:\/\/cool-style.md\/wp-content\/uploads\/2024\/05\/Cool-style.md-Immortal-Infuse-Face-Tonic-250ml.jpg 1500w\" sizes=\"(max-width: 300px) 100vw, 300px\" \/><\/a>Tonic <a href=\"https:\/\/cool-style.md\/ro\/cosmetice-barbati\/ingrijirea-fetei\/\">facial<\/a> <a href=\"https:\/\/immortal.com.tr\/\" target=\"_blank\" rel=\"noopener\">Immortal<\/a><\/span> ajut\u0103 pielea s\u0103-\u0219i recapete echilibrul natural de hidratare \u0219i catifelare datorit\u0103 uleiului din arbore de ceai pe care \u00eel con\u021bine. Cur\u0103\u021b\u0103 pielea \u0219i \u00eei confer\u0103 un aspect proasp\u0103t \u0219i curat. Produsul este potrivit pentru utilizarea zilnic\u0103.<\/p>\n<p><strong>Volum:<\/strong> 250 ml<\/p>\n<p><strong>Mod de utilizare:<\/strong> Dup\u0103 sp\u0103lare, umezi\u021bi un tampon de bumbac cu toner \u0219i aplica\u021bi-l pe fa\u021b\u0103, mas\u00e2nd cu mi\u0219c\u0103ri circulare.<\/p>\n<p><span style=\"font-size: 100%;\"><strong>Aten\u021bie:<\/strong> numai pentru uz extern. \u00cen caz de contact cu ochii, cl\u0103ti\u021bi cu mult\u0103 ap\u0103. A nu se lasa la indemana copiilor.<\/span><\/p>","protected":false},"excerpt":{"rendered":"<p><span style=\"font-size: 100%;\">Immortal Infuse Face Tonic cur\u0103\u021b\u0103 pielea \u0219i \u00eei confer\u0103 un aspect proasp\u0103t \u0219i curat.<\/span><span style=\"font-size: 100%;\"><\/span><\/p>\n","protected":false},"featured_media":3124,"template":"","meta":[],"product_brand":[],"product_cat":[33],"product_tag":[],"class_list":{"0":"post-3122","1":"product","2":"type-product","3":"status-publish","4":"has-post-thumbnail","6":"product_cat-ingrijirea-fetei","7":"pa_brand-immortal","8":"pa_felul-produsului-tip-tonic","9":"pa_producator-turcia","10":"pa_volum-250ml","12":"first","13":"instock","14":"featured","15":"shipping-taxable","16":"purchasable","17":"product-type-simple"},"_links":{"self":[{"href":"https:\/\/cool-style.md\/ro\/wp-json\/wp\/v2\/product\/3122","targetHints":{"allow":["GET"]}}],"collection":[{"href":"https:\/\/cool-style.md\/ro\/wp-json\/wp\/v2\/product"}],"about":[{"href":"https:\/\/cool-style.md\/ro\/wp-json\/wp\/v2\/types\/product"}],"wp:featuredmedia":[{"embeddable":true,"href":"https:\/\/cool-style.md\/ro\/wp-json\/wp\/v2\/media\/3124"}],"wp:attachment":[{"href":"https:\/\/cool-style.md\/ro\/wp-json\/wp\/v2\/media?parent=3122"}],"wp:term":[{"taxonomy":"product_brand","embeddable":true,"href":"https:\/\/cool-style.md\/ro\/wp-json\/wp\/v2\/product_brand?post=3122"},{"taxonomy":"product_cat","embeddable":true,"href":"https:\/\/cool-style.md\/ro\/wp-json\/wp\/v2\/product_cat?post=3122"},{"taxonomy":"product_tag","embeddable":true,"href":"https:\/\/cool-style.md\/ro\/wp-json\/wp\/v2\/product_tag?post=3122"}],"curies":[{"name":"wp","href":"https:\/\/api.w.org\/{rel}","templated":true}]}}