{"id":3137,"date":"2024-05-18T18:01:34","date_gmt":"2024-05-18T18:01:34","guid":{"rendered":"https:\/\/cool-style.md\/?post_type=product&#038;p=3137"},"modified":"2024-12-06T16:43:40","modified_gmt":"2024-12-06T16:43:40","slug":"immortal-infuse-stardust-leave-in-spray","status":"publish","type":"product","link":"https:\/\/cool-style.md\/ro\/product\/immortal-infuse-stardust-leave-in-spray\/","title":{"rendered":"Balsam-spray bifazic pentru p\u0103r Immortal Infuse Stardust Leave In Spray 500ml"},"content":{"rendered":"<h2><span style=\"font-size: 75%;\">Balsam-spray bifazic pentru p\u0103r Immortal Infuse Stardust Leave In Spray<\/span><\/h2>\n<ul>\n<li>Con\u021bine sclipici;<\/li>\n<li>Revitalizeaz\u0103 p\u0103rul;<\/li>\n<li>\u00cenmoaie \u0219i adaug\u0103 str\u0103lucire;<\/li>\n<li>Are efect de protec\u021bie.<\/li>\n<\/ul>\n<p><span style=\"font-size: 100%;\"><a href=\"https:\/\/cool-style.md\/wp-content\/uploads\/2024\/05\/Cool-style.md-Immortal-Infuse-Stardust-Leave-In-Spray-500ml.jpg\"><img decoding=\"async\" class=\"aligncenter wp-image-3138\" src=\"https:\/\/cool-style.md\/wp-content\/uploads\/2024\/05\/Cool-style.md-Immortal-Infuse-Stardust-Leave-In-Spray-500ml-400x400.jpg\" alt=\"Immortal Infuse Stardust Leave In Spray\" width=\"300\" height=\"300\" srcset=\"https:\/\/cool-style.md\/wp-content\/uploads\/2024\/05\/Cool-style.md-Immortal-Infuse-Stardust-Leave-In-Spray-500ml-400x400.jpg 400w, https:\/\/cool-style.md\/wp-content\/uploads\/2024\/05\/Cool-style.md-Immortal-Infuse-Stardust-Leave-In-Spray-500ml-800x800.jpg 800w, https:\/\/cool-style.md\/wp-content\/uploads\/2024\/05\/Cool-style.md-Immortal-Infuse-Stardust-Leave-In-Spray-500ml-280x280.jpg 280w, https:\/\/cool-style.md\/wp-content\/uploads\/2024\/05\/Cool-style.md-Immortal-Infuse-Stardust-Leave-In-Spray-500ml-768x768.jpg 768w, https:\/\/cool-style.md\/wp-content\/uploads\/2024\/05\/Cool-style.md-Immortal-Infuse-Stardust-Leave-In-Spray-500ml-300x300.jpg 300w, https:\/\/cool-style.md\/wp-content\/uploads\/2024\/05\/Cool-style.md-Immortal-Infuse-Stardust-Leave-In-Spray-500ml-510x510.jpg 510w, https:\/\/cool-style.md\/wp-content\/uploads\/2024\/05\/Cool-style.md-Immortal-Infuse-Stardust-Leave-In-Spray-500ml-100x100.jpg 100w, https:\/\/cool-style.md\/wp-content\/uploads\/2024\/05\/Cool-style.md-Immortal-Infuse-Stardust-Leave-In-Spray-500ml.jpg 1500w\" sizes=\"(max-width: 300px) 100vw, 300px\" \/><\/a>Balsamul-spray <a href=\"https:\/\/immortal.com.tr\/\" target=\"_blank\" rel=\"noopener\">Immortal<\/a> are efect protector, favoriz\u00e2nd hidratarea natural\u0103. Con\u021bine sclipici. Ajut\u0103 la coafarea cu u\u0219urin\u021b\u0103 a p\u0103rului \u0219i a b\u0103rbii, prevenind \u00eencurcarea \u0219i asigur\u00e2nd o piept\u0103nare u\u0219oar\u0103. <\/span><span style=\"font-size: 100%;\">Potrivit <\/span><a style=\"font-size: 100%;\" href=\"https:\/\/cool-style.md\/ro\/product-category\/cosmetice-barbati\/coafarea-barbati\/\">pentru toate tipurile de p\u0103r<\/a><span style=\"font-size: 100%;\">.<\/span><\/p>\n<p><span style=\"font-size: 100%;\"><strong>Volum:<\/strong> 500 ml<\/span><\/p>\n<p><span style=\"font-size: 100%;\"><strong>Mod de utilizare:<\/strong> Agita\u021bi bine \u00eenainte de utilizare. Aplica\u021bi pe p\u0103rul curat \u0219i umed dup\u0103 \u0219amponare cu mi\u0219c\u0103ri u\u0219oare de masaj. Cl\u0103ti\u021bi cu ap\u0103 cald\u0103 dup\u0103 c\u00e2teva minute.<\/span><\/p>\n<p><span style=\"font-size: 100%;\"><strong>Aten\u021bie:<\/strong> numai pentru uz extern. \u00cen caz de contact cu ochii, cl\u0103ti\u021bi cu mult\u0103 ap\u0103. A nu se lasa la indemana copiilor.<\/span><\/p>","protected":false},"excerpt":{"rendered":"<p><span style=\"font-size: 100%;\">Immortal Infuse Stardust Leave In Spray ofer\u0103 piept\u0103narea u\u0219oar\u0103 a p\u0103rului \u0219i a barbei, face p\u0103rul mai moale.<\/span><span style=\"font-size: 100%;\"><\/span><\/p>\n","protected":false},"featured_media":3139,"template":"","meta":[],"product_brand":[],"product_cat":[31,36],"product_tag":[],"class_list":{"0":"post-3137","1":"product","2":"type-product","3":"status-publish","4":"has-post-thumbnail","6":"product_cat-ingrijirea-par-barbati","7":"product_cat-ingrijirea-par-femei","8":"pa_brand-immortal","9":"pa_felul-produsului-tip-balsam","10":"pa_producator-turcia","11":"pa_volum-500ml","13":"first","14":"instock","15":"featured","16":"shipping-taxable","17":"purchasable","18":"product-type-simple"},"_links":{"self":[{"href":"https:\/\/cool-style.md\/ro\/wp-json\/wp\/v2\/product\/3137","targetHints":{"allow":["GET"]}}],"collection":[{"href":"https:\/\/cool-style.md\/ro\/wp-json\/wp\/v2\/product"}],"about":[{"href":"https:\/\/cool-style.md\/ro\/wp-json\/wp\/v2\/types\/product"}],"wp:featuredmedia":[{"embeddable":true,"href":"https:\/\/cool-style.md\/ro\/wp-json\/wp\/v2\/media\/3139"}],"wp:attachment":[{"href":"https:\/\/cool-style.md\/ro\/wp-json\/wp\/v2\/media?parent=3137"}],"wp:term":[{"taxonomy":"product_brand","embeddable":true,"href":"https:\/\/cool-style.md\/ro\/wp-json\/wp\/v2\/product_brand?post=3137"},{"taxonomy":"product_cat","embeddable":true,"href":"https:\/\/cool-style.md\/ro\/wp-json\/wp\/v2\/product_cat?post=3137"},{"taxonomy":"product_tag","embeddable":true,"href":"https:\/\/cool-style.md\/ro\/wp-json\/wp\/v2\/product_tag?post=3137"}],"curies":[{"name":"wp","href":"https:\/\/api.w.org\/{rel}","templated":true}]}}