{"id":3140,"date":"2024-05-18T18:09:25","date_gmt":"2024-05-18T18:09:25","guid":{"rendered":"https:\/\/cool-style.md\/?post_type=product&#038;p=3140"},"modified":"2024-12-06T16:44:18","modified_gmt":"2024-12-06T16:44:18","slug":"immortal-infuse-aftershave-balsam-hey-sexy-sailor","status":"publish","type":"product","link":"https:\/\/cool-style.md\/ro\/product\/immortal-infuse-aftershave-balsam-hey-sexy-sailor\/","title":{"rendered":"Balsam dup\u0103 ras Immortal Infuse Aftershave Balsam Hey Sexy Sailor 350ml"},"content":{"rendered":"<h2><span style=\"font-size: 75%;\">Balsam dup\u0103 ras Immortal Infuse Aftershave Balsam Hey Sexy Sailor<\/span><\/h2>\n<ul>\n<li>Hidrateaz\u0103 \u0219i hr\u0103ne\u0219te pielea;<\/li>\n<li>Con\u021bine vitamina E;<\/li>\n<li>Ofer\u0103 o senza\u021bie de prospe\u021bime;<\/li>\n<li>Nu provoac\u0103 o senza\u021bie lipicioas\u0103;<\/li>\n<\/ul>\n<p><span style=\"font-size: 100%;\"><a href=\"https:\/\/cool-style.md\/wp-content\/uploads\/2024\/05\/Cool-style.md-Immortal-Infuse-Aftershave-Balsam.png\"><img decoding=\"async\" class=\"alignright wp-image-3142\" src=\"https:\/\/cool-style.md\/wp-content\/uploads\/2024\/05\/Cool-style.md-Immortal-Infuse-Aftershave-Balsam-400x400.png\" alt=\"Immortal Infuse Aftershave Balsam\" width=\"300\" height=\"300\" srcset=\"https:\/\/cool-style.md\/wp-content\/uploads\/2024\/05\/Cool-style.md-Immortal-Infuse-Aftershave-Balsam-400x400.png 400w, https:\/\/cool-style.md\/wp-content\/uploads\/2024\/05\/Cool-style.md-Immortal-Infuse-Aftershave-Balsam-800x800.png 800w, https:\/\/cool-style.md\/wp-content\/uploads\/2024\/05\/Cool-style.md-Immortal-Infuse-Aftershave-Balsam-280x280.png 280w, https:\/\/cool-style.md\/wp-content\/uploads\/2024\/05\/Cool-style.md-Immortal-Infuse-Aftershave-Balsam-768x768.png 768w, https:\/\/cool-style.md\/wp-content\/uploads\/2024\/05\/Cool-style.md-Immortal-Infuse-Aftershave-Balsam-300x300.png 300w, https:\/\/cool-style.md\/wp-content\/uploads\/2024\/05\/Cool-style.md-Immortal-Infuse-Aftershave-Balsam-510x510.png 510w, https:\/\/cool-style.md\/wp-content\/uploads\/2024\/05\/Cool-style.md-Immortal-Infuse-Aftershave-Balsam-100x100.png 100w, https:\/\/cool-style.md\/wp-content\/uploads\/2024\/05\/Cool-style.md-Immortal-Infuse-Aftershave-Balsam.png 1024w\" sizes=\"(max-width: 300px) 100vw, 300px\" \/><\/a><\/span>Balsamul de dup\u0103 <a href=\"https:\/\/cool-style.md\/cosmetice-barbati\/pentru-barbierit\/\">ras<\/a> <span style=\"font-size: 100%;\"><a href=\"https:\/\/immortal.com.tr\/\" target=\"_blank\" rel=\"noopener\">Immortal<\/a><\/span> hidrateaz\u0103 \u0219i catifeleaz\u0103 pielea. Con\u021bine vitamina E. Se absoarbe rapid \u0219i nu las\u0103 pielea senza\u021bie lipicioas\u0103 sau gras\u0103. Are o arom\u0103 pl\u0103cut\u0103. Produsul este potrivit pentru utilizarea zilnic\u0103.<\/p>\n<p><strong>Volum:<\/strong> 350 ml<\/p>\n<p><strong>Mod de utilizare:<\/strong> Freca\u021bi pu\u021bin balsam \u00eentre palme \u0219i aplica\u021bi-l pe piele, mas\u00e2nd cu mi\u0219c\u0103ri circulare. Nu aplica\u021bi pe zona ochilor.<\/p>\n<p><span style=\"font-size: 100%;\"><strong>Aten\u021bie:<\/strong> numai pentru uz extern. \u00cen caz de contact cu ochii, cl\u0103ti\u021bi cu mult\u0103 ap\u0103. A nu se lasa la indemana copiilor.<\/span><\/p>","protected":false},"excerpt":{"rendered":"<p><span style=\"font-size: 100%;\">Immortal Infuse Aftershave Balsam Hey Sexy Sailor hidrateaz\u0103 \u0219i catifeleaz\u0103 pielea, con\u021bine vitamina E.<\/span><span style=\"font-size: 100%;\"><\/span><\/p>\n","protected":false},"featured_media":3141,"template":"","meta":[],"product_brand":[],"product_cat":[34],"product_tag":[],"class_list":{"0":"post-3140","1":"product","2":"type-product","3":"status-publish","4":"has-post-thumbnail","6":"product_cat-pentru-barbierit","7":"pa_brand-immortal","8":"pa_felul-produsului-balsam","9":"pa_producator-turcia","10":"pa_volum-350ml","12":"first","13":"instock","14":"featured","15":"shipping-taxable","16":"purchasable","17":"product-type-simple"},"_links":{"self":[{"href":"https:\/\/cool-style.md\/ro\/wp-json\/wp\/v2\/product\/3140","targetHints":{"allow":["GET"]}}],"collection":[{"href":"https:\/\/cool-style.md\/ro\/wp-json\/wp\/v2\/product"}],"about":[{"href":"https:\/\/cool-style.md\/ro\/wp-json\/wp\/v2\/types\/product"}],"wp:featuredmedia":[{"embeddable":true,"href":"https:\/\/cool-style.md\/ro\/wp-json\/wp\/v2\/media\/3141"}],"wp:attachment":[{"href":"https:\/\/cool-style.md\/ro\/wp-json\/wp\/v2\/media?parent=3140"}],"wp:term":[{"taxonomy":"product_brand","embeddable":true,"href":"https:\/\/cool-style.md\/ro\/wp-json\/wp\/v2\/product_brand?post=3140"},{"taxonomy":"product_cat","embeddable":true,"href":"https:\/\/cool-style.md\/ro\/wp-json\/wp\/v2\/product_cat?post=3140"},{"taxonomy":"product_tag","embeddable":true,"href":"https:\/\/cool-style.md\/ro\/wp-json\/wp\/v2\/product_tag?post=3140"}],"curies":[{"name":"wp","href":"https:\/\/api.w.org\/{rel}","templated":true}]}}