{"id":3150,"date":"2024-05-18T19:16:27","date_gmt":"2024-05-18T19:16:27","guid":{"rendered":"https:\/\/cool-style.md\/?post_type=product&#038;p=3150"},"modified":"2024-12-06T16:47:36","modified_gmt":"2024-12-06T16:47:36","slug":"immoral-nyc-one-million-dollars-shampoo","status":"publish","type":"product","link":"https:\/\/cool-style.md\/ro\/product\/immoral-nyc-one-million-dollars-shampoo\/","title":{"rendered":"\u0218ampon de p\u0103r 3\u00een1 Immoral Infuse One Million Dollars Shampoo 500ml"},"content":{"rendered":"<h2><span style=\"font-size: 75%;\">\u0218ampon 3\u00een1 Immoral NYC One Million Dollars Shampoo<\/span><a style=\"font-size: 100%;\" href=\"https:\/\/cool-style.md\/wp-content\/uploads\/2024\/05\/Cool-style.md-Immortal-Chaos-Sea-Salt.png\"><br \/>\n<\/a><\/h2>\n<ul>\n<li>\u00cenmoaie \u0219i hidrateaz\u0103 p\u0103rul;<\/li>\n<li>\u00cengrije\u0219te eficient pielea;<\/li>\n<li>Ofer\u0103 o senza\u021bie de prospe\u021bime;<\/li>\n<li>Ofer\u0103 o str\u0103lucire s\u0103n\u0103toas\u0103;<\/li>\n<\/ul>\n<p><span style=\"font-size: 100%;\"><a href=\"https:\/\/cool-style.md\/wp-content\/uploads\/2024\/05\/Cool-style.md-Immoral-Infuse-One-Million-Dollars-Shampoo-500ml.png\"><img decoding=\"async\" class=\"aligncenter wp-image-3148\" src=\"https:\/\/cool-style.md\/wp-content\/uploads\/2024\/05\/Cool-style.md-Immoral-Infuse-One-Million-Dollars-Shampoo-500ml-400x400.png\" alt=\"Immoral Infuse One Million Dollars Shampoo\" width=\"300\" height=\"300\" srcset=\"https:\/\/cool-style.md\/wp-content\/uploads\/2024\/05\/Cool-style.md-Immoral-Infuse-One-Million-Dollars-Shampoo-500ml-400x400.png 400w, https:\/\/cool-style.md\/wp-content\/uploads\/2024\/05\/Cool-style.md-Immoral-Infuse-One-Million-Dollars-Shampoo-500ml-800x800.png 800w, https:\/\/cool-style.md\/wp-content\/uploads\/2024\/05\/Cool-style.md-Immoral-Infuse-One-Million-Dollars-Shampoo-500ml-280x280.png 280w, https:\/\/cool-style.md\/wp-content\/uploads\/2024\/05\/Cool-style.md-Immoral-Infuse-One-Million-Dollars-Shampoo-500ml-768x768.png 768w, https:\/\/cool-style.md\/wp-content\/uploads\/2024\/05\/Cool-style.md-Immoral-Infuse-One-Million-Dollars-Shampoo-500ml-1536x1536.png 1536w, https:\/\/cool-style.md\/wp-content\/uploads\/2024\/05\/Cool-style.md-Immoral-Infuse-One-Million-Dollars-Shampoo-500ml-300x300.png 300w, https:\/\/cool-style.md\/wp-content\/uploads\/2024\/05\/Cool-style.md-Immoral-Infuse-One-Million-Dollars-Shampoo-500ml-510x510.png 510w, https:\/\/cool-style.md\/wp-content\/uploads\/2024\/05\/Cool-style.md-Immoral-Infuse-One-Million-Dollars-Shampoo-500ml-100x100.png 100w, https:\/\/cool-style.md\/wp-content\/uploads\/2024\/05\/Cool-style.md-Immoral-Infuse-One-Million-Dollars-Shampoo-500ml.png 1920w\" sizes=\"(max-width: 300px) 100vw, 300px\" \/><\/a>\u0218ampon + balsam + gel de du\u0219 <\/span><a href=\"https:\/\/immortal.com.tr\/\" target=\"_blank\" rel=\"noopener\">Immortal<\/a><span style=\"font-size: 100%;\"> cur\u0103\u021b\u0103 u\u0219or p\u0103rul \u0219i pielea. Datorit\u0103 uleiurilor, p\u0103rul devine str\u0103lucitor \u0219i moale. \u0218amponul controleaz\u0103 static p\u0103rul. Joac\u0103 un rol eficient \u00een \u00eengrijirea scalpului. \u00cenmoaie, hidrateaz\u0103 pielea \u0219i d\u0103 o senza\u021bie m\u0103t\u0103soas\u0103. Ideal pentru cur\u0103\u021barea \u00eentregului corp cu un singur produs. Formula \u00eembog\u0103\u021bit\u0103 a seriei de elit\u0103. Potrivit pentru utilizarea zilnic\u0103 \u0219i\u00a0<a href=\"https:\/\/cool-style.md\/ro\/product-category\/cosmetice-barbati\/coafarea-barbati\/\">pentru toate tipurile de p\u0103r<\/a><span style=\"font-size: 100%;\">.<\/span><\/span><\/p>\n<p><span style=\"font-size: 100%;\"><strong>Volum:<\/strong> 500 ml<\/span><\/p>\n<p><span style=\"font-size: 100%;\"><strong>Mod de utilizare:<\/strong> Aplica\u021bi cantitatea necesar\u0103 de \u0219ampon pe p\u0103rul umed. Maseaz\u0103-\u021bi p\u0103rul p\u00e2n\u0103 se formeaz\u0103 o spum\u0103 groas\u0103, apoi cl\u0103te\u0219te-te cu ap\u0103 cald\u0103. Repeta\u021bi procesul dup\u0103 cum este necesar.<\/span><\/p>\n<p><span style=\"font-size: 100%;\"><strong>Aten\u021bie:<\/strong> numai pentru uz extern. \u00cen caz de contact cu ochii, cl\u0103ti\u021bi cu mult\u0103 ap\u0103. A nu se lasa la indemana copiilor.<\/span><\/p>","protected":false},"excerpt":{"rendered":"<p><span style=\"font-size: 100%;\">Immoral NYC One Million Dollars Shampoo \u00eengrije\u0219te pielea, catifeleaz\u0103 \u0219i d\u0103 str\u0103lucire p\u0103rului.<\/span><span style=\"font-size: 100%;\"><\/span><\/p>\n","protected":false},"featured_media":3149,"template":"","meta":[],"product_brand":[],"product_cat":[31],"product_tag":[],"class_list":{"0":"post-3150","1":"product","2":"type-product","3":"status-publish","4":"has-post-thumbnail","6":"product_cat-ingrijirea-par-barbati","7":"pa_brand-immortal","8":"pa_felul-produsului-tip-sampon","9":"pa_producator-turcia","10":"pa_volum-500ml","12":"first","13":"instock","14":"featured","15":"shipping-taxable","16":"purchasable","17":"product-type-simple"},"_links":{"self":[{"href":"https:\/\/cool-style.md\/ro\/wp-json\/wp\/v2\/product\/3150","targetHints":{"allow":["GET"]}}],"collection":[{"href":"https:\/\/cool-style.md\/ro\/wp-json\/wp\/v2\/product"}],"about":[{"href":"https:\/\/cool-style.md\/ro\/wp-json\/wp\/v2\/types\/product"}],"wp:featuredmedia":[{"embeddable":true,"href":"https:\/\/cool-style.md\/ro\/wp-json\/wp\/v2\/media\/3149"}],"wp:attachment":[{"href":"https:\/\/cool-style.md\/ro\/wp-json\/wp\/v2\/media?parent=3150"}],"wp:term":[{"taxonomy":"product_brand","embeddable":true,"href":"https:\/\/cool-style.md\/ro\/wp-json\/wp\/v2\/product_brand?post=3150"},{"taxonomy":"product_cat","embeddable":true,"href":"https:\/\/cool-style.md\/ro\/wp-json\/wp\/v2\/product_cat?post=3150"},{"taxonomy":"product_tag","embeddable":true,"href":"https:\/\/cool-style.md\/ro\/wp-json\/wp\/v2\/product_tag?post=3150"}],"curies":[{"name":"wp","href":"https:\/\/api.w.org\/{rel}","templated":true}]}}