{"id":3171,"date":"2024-05-20T16:48:38","date_gmt":"2024-05-20T16:48:38","guid":{"rendered":"https:\/\/cool-style.md\/?post_type=product&#038;p=3171"},"modified":"2024-12-06T16:53:50","modified_gmt":"2024-12-06T16:53:50","slug":"immortal-nyc-beard-wax","status":"publish","type":"product","link":"https:\/\/cool-style.md\/ro\/product\/immortal-nyc-beard-wax\/","title":{"rendered":"Cear\u0103 pentru barb\u0103 \u0219i musta\u021b\u0103 Immortal NYC Beard Wax 50ml"},"content":{"rendered":"<h2><span style=\"font-size: 75%;\">Cear\u0103 pentru barb\u0103 \u0219i musta\u021b\u0103 Immortal NYC Beard Wax<\/span><\/h2>\n<ul>\n<li>Coafare usoara si rapida;<\/li>\n<li>Ofer\u0103 un aspect natural;<\/li>\n<li>Nu \u00eengreuneaz\u0103 p\u0103rul;<\/li>\n<li>Se folose\u0219te pe barb\u0103 umed\u0103 sau uscat\u0103;<\/li>\n<li>\u00cenmoaie \u0219i \u00eendreapt\u0103 p\u0103rul.<\/li>\n<\/ul>\n<p>&nbsp;<\/p>\n<p><a href=\"https:\/\/cool-style.md\/wp-content\/uploads\/2024\/05\/Cool-style.md-Immortal-NYC-Beard-Serie.jpg\"><img decoding=\"async\" class=\"aligncenter wp-image-3172 \" src=\"https:\/\/cool-style.md\/wp-content\/uploads\/2024\/05\/Cool-style.md-Immortal-NYC-Beard-Serie.jpg\" alt=\"Cool-style.md Immortal NYC Beard Wax\" width=\"394\" height=\"336\" srcset=\"https:\/\/cool-style.md\/wp-content\/uploads\/2024\/05\/Cool-style.md-Immortal-NYC-Beard-Serie.jpg 1080w, https:\/\/cool-style.md\/wp-content\/uploads\/2024\/05\/Cool-style.md-Immortal-NYC-Beard-Serie-470x400.jpg 470w, https:\/\/cool-style.md\/wp-content\/uploads\/2024\/05\/Cool-style.md-Immortal-NYC-Beard-Serie-939x800.jpg 939w, https:\/\/cool-style.md\/wp-content\/uploads\/2024\/05\/Cool-style.md-Immortal-NYC-Beard-Serie-768x654.jpg 768w, https:\/\/cool-style.md\/wp-content\/uploads\/2024\/05\/Cool-style.md-Immortal-NYC-Beard-Serie-510x434.jpg 510w\" sizes=\"(max-width: 394px) 100vw, 394px\" \/><\/a>Cear\u0103 <a href=\"https:\/\/cool-style.md\/ro\/cosmetice-barbati\/ingrijirea-barbii\/\">pentru barb\u0103<\/a> <a href=\"https:\/\/immortal.com.tr\/\" target=\"_blank\" rel=\"noopener\">Immortal<\/a> ofer\u0103 o fixare flexibil\u0103, face barba perfect\u0103 \u0219i \u00eei confer\u0103 un aspect natural datorit\u0103 structurii sale mate. Ideal pentru coafarea barbii voluminoase. O barb\u0103 \u0219i o musta\u021b\u0103 bine \u00eengrijite te vor face s\u0103 faci o declara\u021bie. Este u\u0219or cu produsul nostru.<\/p>\n<p><strong>Volum:<\/strong> 50 ml<\/p>\n<p><strong>Mod de utilizare:<\/strong> Aplica\u021bi cear\u0103 pe barb\u0103 \u0219i musta\u021b\u0103, d\u00e2ndu-le forma dorit\u0103. Pute\u021bi ob\u021bine rezultatul dorit pe o barb\u0103 umed\u0103 sau uscat\u0103 model\u00e2nd cu v\u00e2rful degetelor.<\/p>\n<p><strong>Aten\u021bie:<\/strong> numai pentru uz extern. \u00cen caz de contact cu ochii, cl\u0103ti\u021bi cu mult\u0103 ap\u0103. A nu se lasa la indemana copiilor.<\/p>","protected":false},"excerpt":{"rendered":"<p><span style=\"font-size: 100%;\">Immortal NYC Beard Wax catifeleaz\u0103 p\u0103rul de barb\u0103 \u0219i musta\u021b\u0103 \u0219i ajut\u0103 s\u0103-i dea forma dorit\u0103.<\/span><span style=\"font-size: 100%;\"><\/span><\/p>\n","protected":false},"featured_media":3174,"template":"","meta":[],"product_brand":[],"product_cat":[32,30],"product_tag":[],"class_list":{"0":"post-3171","1":"product","2":"type-product","3":"status-publish","4":"has-post-thumbnail","6":"product_cat-ingrijirea-barbii","7":"product_cat-coafarea-barbati","8":"pa_brand-immortal","9":"pa_felul-produsului-tip-ceara","10":"pa_producator-turcia","11":"pa_volum-50ml","13":"first","14":"instock","15":"featured","16":"shipping-taxable","17":"purchasable","18":"product-type-simple"},"_links":{"self":[{"href":"https:\/\/cool-style.md\/ro\/wp-json\/wp\/v2\/product\/3171","targetHints":{"allow":["GET"]}}],"collection":[{"href":"https:\/\/cool-style.md\/ro\/wp-json\/wp\/v2\/product"}],"about":[{"href":"https:\/\/cool-style.md\/ro\/wp-json\/wp\/v2\/types\/product"}],"wp:featuredmedia":[{"embeddable":true,"href":"https:\/\/cool-style.md\/ro\/wp-json\/wp\/v2\/media\/3174"}],"wp:attachment":[{"href":"https:\/\/cool-style.md\/ro\/wp-json\/wp\/v2\/media?parent=3171"}],"wp:term":[{"taxonomy":"product_brand","embeddable":true,"href":"https:\/\/cool-style.md\/ro\/wp-json\/wp\/v2\/product_brand?post=3171"},{"taxonomy":"product_cat","embeddable":true,"href":"https:\/\/cool-style.md\/ro\/wp-json\/wp\/v2\/product_cat?post=3171"},{"taxonomy":"product_tag","embeddable":true,"href":"https:\/\/cool-style.md\/ro\/wp-json\/wp\/v2\/product_tag?post=3171"}],"curies":[{"name":"wp","href":"https:\/\/api.w.org\/{rel}","templated":true}]}}