{"id":3179,"date":"2024-05-20T17:35:16","date_gmt":"2024-05-20T17:35:16","guid":{"rendered":"https:\/\/cool-style.md\/?post_type=product&#038;p=3179"},"modified":"2024-12-06T16:55:31","modified_gmt":"2024-12-06T16:55:31","slug":"immortal-nyc-beard-shampoo","status":"publish","type":"product","link":"https:\/\/cool-style.md\/ro\/product\/immortal-nyc-beard-shampoo\/","title":{"rendered":"\u0218ampon pentru barb\u0103 \u0219i musta\u021b\u0103 Immortal NYC Beard Shampoo 250ml"},"content":{"rendered":"<h2><span style=\"font-size: 75%;\">\u0218ampon pentru barb\u0103 \u0219i musta\u021b\u0103 Immortal NYC Beard Shampoo<\/span><\/h2>\n<ul>\n<li>Con\u021bine extract de aloe vera \u0219i provitamina B5;<\/li>\n<li>Hidrateaz\u0103 \u0219i hr\u0103ne\u0219te pielea;<\/li>\n<li>Cur\u0103\u021b\u0103 delicat barba \u0219i musta\u021ba;<\/li>\n<li>U\u0219ureaz\u0103 piept\u0103narea;<\/li>\n<\/ul>\n<p>&nbsp;<\/p>\n<p><a href=\"https:\/\/cool-style.md\/wp-content\/uploads\/2024\/05\/Cool-style.md-Immortal-NYC-Beard-Serie.jpg\"><img decoding=\"async\" class=\"aligncenter wp-image-3172 \" src=\"https:\/\/cool-style.md\/wp-content\/uploads\/2024\/05\/Cool-style.md-Immortal-NYC-Beard-Serie.jpg\" alt=\"Cool-style.md Immortal NYC Beard Wax\" width=\"394\" height=\"336\" srcset=\"https:\/\/cool-style.md\/wp-content\/uploads\/2024\/05\/Cool-style.md-Immortal-NYC-Beard-Serie.jpg 1080w, https:\/\/cool-style.md\/wp-content\/uploads\/2024\/05\/Cool-style.md-Immortal-NYC-Beard-Serie-470x400.jpg 470w, https:\/\/cool-style.md\/wp-content\/uploads\/2024\/05\/Cool-style.md-Immortal-NYC-Beard-Serie-939x800.jpg 939w, https:\/\/cool-style.md\/wp-content\/uploads\/2024\/05\/Cool-style.md-Immortal-NYC-Beard-Serie-768x654.jpg 768w, https:\/\/cool-style.md\/wp-content\/uploads\/2024\/05\/Cool-style.md-Immortal-NYC-Beard-Serie-510x434.jpg 510w\" sizes=\"(max-width: 394px) 100vw, 394px\" \/><\/a>\u0218ampon <a href=\"https:\/\/cool-style.md\/ro\/cosmetice-barbati\/ingrijirea-barbii\/\">pentru barb\u0103<\/a> <a href=\"https:\/\/immortal.com.tr\/\" target=\"_blank\" rel=\"noopener\">Immortal<\/a> pentru \u00eengrijirea zilnic\u0103. Un \u0219ampon special pentru hidratare \u0219i netezire pentru barb\u0103. Extractele de aloe vera \u0219i provitamina B5 ajut\u0103 la netezirea pielii \u0219i la echilibrarea umidit\u0103\u021bii acesteia. U\u0219ureaz\u0103 piept\u0103narea b\u0103rbii.<\/p>\n<p><strong>Volum:<\/strong> 250 ml<\/p>\n<p><strong>Mod de utilizare:<\/strong> Aplica\u021bi pu\u021bin \u0219ampon pe barb\u0103 umezit\u0103 cu ap\u0103 cu mi\u0219c\u0103ri u\u0219oare de masaj p\u00e2n\u0103 se formeaz\u0103 o spum\u0103 groas\u0103. Apoi cl\u0103ti\u021bi cu ap\u0103.<\/p>\n<p><strong>Aten\u021bie:<\/strong> numai pentru uz extern. \u00cen caz de contact cu ochii, cl\u0103ti\u021bi cu mult\u0103 ap\u0103. A nu se lasa la indemana copiilor.<\/p>","protected":false},"excerpt":{"rendered":"<p><span style=\"font-size: 100%;\">Immortal NYC Beard Shampoo cur\u0103\u021b\u0103 delicat barb\u0103, hidrateaz\u0103 \u0219i hr\u0103ne\u0219te pielea.<\/span><span style=\"font-size: 100%;\"><\/span><\/p>\n","protected":false},"featured_media":3173,"template":"","meta":[],"product_brand":[],"product_cat":[32],"product_tag":[],"class_list":{"0":"post-3179","1":"product","2":"type-product","3":"status-publish","4":"has-post-thumbnail","6":"product_cat-ingrijirea-barbii","7":"pa_brand-immortal","8":"pa_felul-produsului-tip-sampon","9":"pa_producator-turcia","10":"pa_volum-250ml","12":"first","13":"instock","14":"featured","15":"shipping-taxable","16":"purchasable","17":"product-type-simple"},"_links":{"self":[{"href":"https:\/\/cool-style.md\/ro\/wp-json\/wp\/v2\/product\/3179","targetHints":{"allow":["GET"]}}],"collection":[{"href":"https:\/\/cool-style.md\/ro\/wp-json\/wp\/v2\/product"}],"about":[{"href":"https:\/\/cool-style.md\/ro\/wp-json\/wp\/v2\/types\/product"}],"wp:featuredmedia":[{"embeddable":true,"href":"https:\/\/cool-style.md\/ro\/wp-json\/wp\/v2\/media\/3173"}],"wp:attachment":[{"href":"https:\/\/cool-style.md\/ro\/wp-json\/wp\/v2\/media?parent=3179"}],"wp:term":[{"taxonomy":"product_brand","embeddable":true,"href":"https:\/\/cool-style.md\/ro\/wp-json\/wp\/v2\/product_brand?post=3179"},{"taxonomy":"product_cat","embeddable":true,"href":"https:\/\/cool-style.md\/ro\/wp-json\/wp\/v2\/product_cat?post=3179"},{"taxonomy":"product_tag","embeddable":true,"href":"https:\/\/cool-style.md\/ro\/wp-json\/wp\/v2\/product_tag?post=3179"}],"curies":[{"name":"wp","href":"https:\/\/api.w.org\/{rel}","templated":true}]}}