{"id":3203,"date":"2024-05-20T19:38:02","date_gmt":"2024-05-20T19:38:02","guid":{"rendered":"https:\/\/cool-style.md\/?post_type=product&#038;p=3203"},"modified":"2024-12-06T17:00:54","modified_gmt":"2024-12-06T17:00:54","slug":"immortal-infuse-barber-smoother","status":"publish","type":"product","link":"https:\/\/cool-style.md\/ro\/product\/immortal-infuse-barber-smoother\/","title":{"rendered":"Balsam de p\u0103r Immortal Infuse Barber Smoother 1000ml"},"content":{"rendered":"<h2><span style=\"font-size: 75%;\">Balsam de p\u0103r Immortal Infuse Barber Smoother<\/span><a style=\"font-size: 100%;\" href=\"https:\/\/cool-style.md\/wp-content\/uploads\/2024\/05\/Cool-style.md-Immortal-Chaos-Sea-Salt.png\"><br \/>\n<\/a><\/h2>\n<ul>\n<li>Face p\u0103rul mai u\u0219or de piept\u0103nat;<\/li>\n<li>Protejeaz\u0103 \u00eempotriva daunelor;<\/li>\n<li>Nu \u00eengreuneaz\u0103 p\u0103rul;<\/li>\n<li>Ofer\u0103 o str\u0103lucire s\u0103n\u0103toas\u0103;<\/li>\n<\/ul>\n<p><span style=\"font-size: 100%;\"><a href=\"https:\/\/cool-style.md\/wp-content\/uploads\/2024\/05\/Cool-style.md-Immorta-Shaving-Gel.jpg\"><img decoding=\"async\" class=\"alignleft wp-image-3199\" src=\"https:\/\/cool-style.md\/wp-content\/uploads\/2024\/05\/Cool-style.md-Immorta-Shaving-Gel-466x400.jpg\" alt=\"Cool-style.md Immorta Shaving Gel\" width=\"350\" height=\"300\" srcset=\"https:\/\/cool-style.md\/wp-content\/uploads\/2024\/05\/Cool-style.md-Immorta-Shaving-Gel-466x400.jpg 466w, https:\/\/cool-style.md\/wp-content\/uploads\/2024\/05\/Cool-style.md-Immorta-Shaving-Gel-768x659.jpg 768w, https:\/\/cool-style.md\/wp-content\/uploads\/2024\/05\/Cool-style.md-Immorta-Shaving-Gel-510x437.jpg 510w, https:\/\/cool-style.md\/wp-content\/uploads\/2024\/05\/Cool-style.md-Immorta-Shaving-Gel.jpg 906w\" sizes=\"(max-width: 350px) 100vw, 350px\" \/><\/a>Balsam <\/span><a href=\"https:\/\/immortal.com.tr\/\" target=\"_blank\" rel=\"noopener\">Immortal<\/a><span style=\"font-size: 100%;\"> pentru \u00eengrijirea zilnic\u0103. Datorit\u0103 cheratinei vegetale con\u021binute, re\u021bine umiditatea p\u0103rului \u0219i confer\u0103 m\u0103t\u0103sos \u0219i str\u0103lucire. Face p\u0103rul mai u\u0219or de piept\u0103nat \u0219i ajut\u0103 la protejarea p\u0103rului de deteriorare la piept\u0103nare. Balsamul controleaz\u0103 static p\u0103rului \u0219i nu \u00eel \u00eengreuneaz\u0103. Potrivit <\/span><a style=\"font-size: 100%;\" href=\"https:\/\/cool-style.md\/ro\/product-category\/cosmetice-barbati\/coafarea-barbati\/\">pentru toate tipurile de p\u0103r<\/a><span style=\"font-size: 100%;\">.<\/span><\/p>\n<p><span style=\"font-size: 100%;\"><strong>Volum:<\/strong> 1000 ml<\/span><\/p>\n<p><span style=\"font-size: 100%;\"><strong>Mod de utilizare:<\/strong> Aplica\u021bi cu mi\u0219c\u0103ri de masaj pe p\u0103rul umed. A\u0219tepta\u021bi aproximativ 3-5 minute \u0219i cl\u0103ti\u021bi bine.<\/span><\/p>\n<p><span style=\"font-size: 100%;\"><strong>Aten\u021bie:<\/strong> numai pentru uz extern. \u00cen caz de contact cu ochii, cl\u0103ti\u021bi cu mult\u0103 ap\u0103. A nu se lasa la indemana copiilor.<\/span><\/p>","protected":false},"excerpt":{"rendered":"<p><span style=\"font-size: 100%;\">Immortal Infuse Barber Smoother re\u021bine umiditatea p\u0103rului \u0219i confer\u0103 m\u0103t\u0103sos \u0219i str\u0103lucire.<\/span><span style=\"font-size: 100%;\"><\/span><\/p>\n","protected":false},"featured_media":3204,"template":"","meta":[],"product_brand":[],"product_cat":[31],"product_tag":[],"class_list":{"0":"post-3203","1":"product","2":"type-product","3":"status-publish","4":"has-post-thumbnail","6":"product_cat-ingrijirea-par-barbati","7":"pa_brand-immortal","8":"pa_felul-produsului-tip-balsam","9":"pa_producator-turcia","10":"pa_volum-1000ml","12":"first","13":"instock","14":"featured","15":"shipping-taxable","16":"purchasable","17":"product-type-simple"},"_links":{"self":[{"href":"https:\/\/cool-style.md\/ro\/wp-json\/wp\/v2\/product\/3203","targetHints":{"allow":["GET"]}}],"collection":[{"href":"https:\/\/cool-style.md\/ro\/wp-json\/wp\/v2\/product"}],"about":[{"href":"https:\/\/cool-style.md\/ro\/wp-json\/wp\/v2\/types\/product"}],"wp:featuredmedia":[{"embeddable":true,"href":"https:\/\/cool-style.md\/ro\/wp-json\/wp\/v2\/media\/3204"}],"wp:attachment":[{"href":"https:\/\/cool-style.md\/ro\/wp-json\/wp\/v2\/media?parent=3203"}],"wp:term":[{"taxonomy":"product_brand","embeddable":true,"href":"https:\/\/cool-style.md\/ro\/wp-json\/wp\/v2\/product_brand?post=3203"},{"taxonomy":"product_cat","embeddable":true,"href":"https:\/\/cool-style.md\/ro\/wp-json\/wp\/v2\/product_cat?post=3203"},{"taxonomy":"product_tag","embeddable":true,"href":"https:\/\/cool-style.md\/ro\/wp-json\/wp\/v2\/product_tag?post=3203"}],"curies":[{"name":"wp","href":"https:\/\/api.w.org\/{rel}","templated":true}]}}