{"id":3205,"date":"2024-05-20T19:48:58","date_gmt":"2024-05-20T19:48:58","guid":{"rendered":"https:\/\/cool-style.md\/?post_type=product&#038;p=3205"},"modified":"2024-12-06T17:01:16","modified_gmt":"2024-12-06T17:01:16","slug":"immortal-infuse-barber-talcum-powder","status":"publish","type":"product","link":"https:\/\/cool-style.md\/ro\/product\/immortal-infuse-barber-talcum-powder\/","title":{"rendered":"Talc calmant dup\u0103 ras Immortal Infuse Barber Talcum Powder 185gr"},"content":{"rendered":"<h2><span style=\"font-size: 75%;\">Talc calmant dup\u0103 ras Immortal Infuse Barber Talcum Powder<\/span><a style=\"font-size: 100%;\" href=\"https:\/\/cool-style.md\/wp-content\/uploads\/2024\/05\/Cool-style.md-Immortal-Chaos-Sea-Salt.png\"><br \/>\n<\/a><\/h2>\n<ul>\n<li>Are efect de r\u0103cire;<\/li>\n<li>Calmeaz\u0103 pielea dup\u0103 ras;<\/li>\n<li>Nu irit\u0103 pielea;<\/li>\n<li>Nu astup\u0103 porii;<\/li>\n<\/ul>\n<p><span style=\"font-size: 100%;\"><a href=\"https:\/\/cool-style.md\/wp-content\/uploads\/2024\/05\/Cool-style.md-Immorta-Shaving-Gel.jpg\"><img decoding=\"async\" class=\"alignleft wp-image-3199\" src=\"https:\/\/cool-style.md\/wp-content\/uploads\/2024\/05\/Cool-style.md-Immorta-Shaving-Gel-466x400.jpg\" alt=\"Cool-style.md Immorta Shaving Gel\" width=\"350\" height=\"300\" srcset=\"https:\/\/cool-style.md\/wp-content\/uploads\/2024\/05\/Cool-style.md-Immorta-Shaving-Gel-466x400.jpg 466w, https:\/\/cool-style.md\/wp-content\/uploads\/2024\/05\/Cool-style.md-Immorta-Shaving-Gel-768x659.jpg 768w, https:\/\/cool-style.md\/wp-content\/uploads\/2024\/05\/Cool-style.md-Immorta-Shaving-Gel-510x437.jpg 510w, https:\/\/cool-style.md\/wp-content\/uploads\/2024\/05\/Cool-style.md-Immorta-Shaving-Gel.jpg 906w\" sizes=\"(max-width: 350px) 100vw, 350px\" \/><\/a>Talc <\/span><a href=\"https:\/\/immortal.com.tr\/\" target=\"_blank\" rel=\"noopener\">Immortal<\/a><span style=\"font-size: 100%;\"> &#8211; talc lini\u0219titor, r\u0103coritor, cu o arom\u0103 pl\u0103cut\u0103. Calmeaz\u0103 pielea sensibil\u0103 dup\u0103 <a href=\"https:\/\/cool-style.md\/cosmetice-barbati\/pentru-barbierit\/\">b\u0103rbierit<\/a>, prevenind erup\u021biile. Formula pe baz\u0103 de zinc \u0219i oxizi de fier are propriet\u0103\u021bi curative, nu irit\u0103 pielea, nu provoac\u0103 m\u00e2nc\u0103rime \u0219i nu \u00eenfund\u0103 porii.<\/span><\/p>\n<p><span style=\"font-size: 100%;\"><strong>Volum:<\/strong> 185 gr<\/span><\/p>\n<p><span style=\"font-size: 100%;\"><strong>Mod de utilizare:<\/strong> Aplica\u021bi o cantitate mic\u0103 de pudr\u0103 de talc pe o m\u00e2n\u0103 uscat\u0103 sau direct pe piele. Pudra de talc func\u021bioneaz\u0103 bine \u0219i cu aplicatoarele.<\/span><\/p>\n<p><span style=\"font-size: 100%;\"><strong>Aten\u021bie:<\/strong> numai pentru uz extern. \u00cen caz de contact cu ochii, cl\u0103ti\u021bi cu mult\u0103 ap\u0103. A nu se lasa la indemana copiilor.<\/span><\/p>","protected":false},"excerpt":{"rendered":"<p><span style=\"font-size: 100%;\">Immortal Infuse Barber Talcum Powder calmeaz\u0103 pielea sensibil\u0103 dup\u0103 b\u0103rbierit, prevenind erup\u021biile.<\/span><span style=\"font-size: 100%;\"><\/span><\/p>\n","protected":false},"featured_media":3207,"template":"","meta":[],"product_brand":[],"product_cat":[34],"product_tag":[],"class_list":{"0":"post-3205","1":"product","2":"type-product","3":"status-publish","4":"has-post-thumbnail","6":"product_cat-pentru-barbierit","7":"pa_brand-immortal","8":"pa_felul-produsului-tip-talc","9":"pa_producator-turcia","10":"pa_volum-185gr","12":"first","13":"instock","14":"featured","15":"shipping-taxable","16":"purchasable","17":"product-type-simple"},"_links":{"self":[{"href":"https:\/\/cool-style.md\/ro\/wp-json\/wp\/v2\/product\/3205","targetHints":{"allow":["GET"]}}],"collection":[{"href":"https:\/\/cool-style.md\/ro\/wp-json\/wp\/v2\/product"}],"about":[{"href":"https:\/\/cool-style.md\/ro\/wp-json\/wp\/v2\/types\/product"}],"wp:featuredmedia":[{"embeddable":true,"href":"https:\/\/cool-style.md\/ro\/wp-json\/wp\/v2\/media\/3207"}],"wp:attachment":[{"href":"https:\/\/cool-style.md\/ro\/wp-json\/wp\/v2\/media?parent=3205"}],"wp:term":[{"taxonomy":"product_brand","embeddable":true,"href":"https:\/\/cool-style.md\/ro\/wp-json\/wp\/v2\/product_brand?post=3205"},{"taxonomy":"product_cat","embeddable":true,"href":"https:\/\/cool-style.md\/ro\/wp-json\/wp\/v2\/product_cat?post=3205"},{"taxonomy":"product_tag","embeddable":true,"href":"https:\/\/cool-style.md\/ro\/wp-json\/wp\/v2\/product_tag?post=3205"}],"curies":[{"name":"wp","href":"https:\/\/api.w.org\/{rel}","templated":true}]}}