{"id":3210,"date":"2024-05-20T20:15:37","date_gmt":"2024-05-20T20:15:37","guid":{"rendered":"https:\/\/cool-style.md\/?post_type=product&#038;p=3210"},"modified":"2024-12-06T17:02:58","modified_gmt":"2024-12-06T17:02:58","slug":"immortal-quick-cooling-spray","status":"publish","type":"product","link":"https:\/\/cool-style.md\/ro\/product\/immortal-quick-cooling-spray\/","title":{"rendered":"Spray de r\u0103cire instrumentelor 5\u00een1 Immortal Quick Cooling Spray 500ml"},"content":{"rendered":"<h2><span style=\"font-size: 75%;\">Spray de r\u0103cire instrumentelor\u00a0Immortal Quick Cooling Spray<\/span><\/h2>\n<p>Spray pentru instrumente <a href=\"https:\/\/immortal.com.tr\/\" target=\"_blank\" rel=\"noopener\">Immortal<\/a>\u00a0sunt un <a href=\"https:\/\/cool-style.md\/ro\/accesorii\/\">accesoriu<\/a> indispensabil pentru orice stilist. Modul perfect de a men\u021bine lamele de tuns la rece \u00een timp ce t\u0103ia\u021bi. Nu numai c\u0103 este un excelent lichid de r\u0103cire a lamei, dar este \u0219i un lubrifiant, dezinfectant, agent de cur\u0103\u021bare a lamei \u0219i inhibitor de rugin\u0103 pentru a ajuta la reducerea frec\u0103rii la t\u0103iere.<\/p>\n<p><strong>Volum:<\/strong> 500 ml<\/p>\n<p><span style=\"font-size: 100%;\"><strong>Mod de utilizare:<\/strong><\/span> Pulveriza\u021bi o cantitate suficient\u0103 de produs pe instrument. L\u0103sa\u021bi ma\u0219ina de tuns s\u0103 func\u021bioneze aproximativ 10 secunde pentru a permite uleiului s\u0103 se r\u0103sp\u00e2ndeasc\u0103 \u00een p\u0103r\u021bile lamei. Apoi \u0219terge\u021bi suprafa\u021ba de cur\u0103\u021bat cu vat\u0103 moale. Purta\u021bi m\u0103nu\u0219i \u00een timpul aplic\u0103rii.","protected":false},"excerpt":{"rendered":"<p><span style=\"font-size: 100%;\">Immortal Quick Cooling Spray cur\u0103\u021b\u0103 \u0219i lubrifiaz\u0103 instrumentul, prelungind durata de via\u021b\u0103 a instrumentului.<\/span><span style=\"font-size: 100%;\"><\/span><\/p>\n","protected":false},"featured_media":3211,"template":"","meta":[],"product_brand":[],"product_cat":[29,132],"product_tag":[],"class_list":{"0":"post-3210","1":"product","2":"type-product","3":"status-publish","4":"has-post-thumbnail","6":"product_cat-accesorii","7":"product_cat-diverse-accesorii","8":"pa_brand-immortal","9":"pa_producator-turcia","10":"pa_volum-500ml","12":"first","13":"instock","14":"shipping-taxable","15":"purchasable","16":"product-type-simple"},"_links":{"self":[{"href":"https:\/\/cool-style.md\/ro\/wp-json\/wp\/v2\/product\/3210","targetHints":{"allow":["GET"]}}],"collection":[{"href":"https:\/\/cool-style.md\/ro\/wp-json\/wp\/v2\/product"}],"about":[{"href":"https:\/\/cool-style.md\/ro\/wp-json\/wp\/v2\/types\/product"}],"wp:featuredmedia":[{"embeddable":true,"href":"https:\/\/cool-style.md\/ro\/wp-json\/wp\/v2\/media\/3211"}],"wp:attachment":[{"href":"https:\/\/cool-style.md\/ro\/wp-json\/wp\/v2\/media?parent=3210"}],"wp:term":[{"taxonomy":"product_brand","embeddable":true,"href":"https:\/\/cool-style.md\/ro\/wp-json\/wp\/v2\/product_brand?post=3210"},{"taxonomy":"product_cat","embeddable":true,"href":"https:\/\/cool-style.md\/ro\/wp-json\/wp\/v2\/product_cat?post=3210"},{"taxonomy":"product_tag","embeddable":true,"href":"https:\/\/cool-style.md\/ro\/wp-json\/wp\/v2\/product_tag?post=3210"}],"curies":[{"name":"wp","href":"https:\/\/api.w.org\/{rel}","templated":true}]}}