{"id":3212,"date":"2024-05-20T20:24:13","date_gmt":"2024-05-20T20:24:13","guid":{"rendered":"https:\/\/cool-style.md\/?post_type=product&#038;p=3212"},"modified":"2024-12-06T17:04:02","modified_gmt":"2024-12-06T17:04:02","slug":"immortal-nyc-deluxe-super-spray","status":"publish","type":"product","link":"https:\/\/cool-style.md\/ro\/product\/immortal-nyc-deluxe-super-spray\/","title":{"rendered":"Lac de p\u0103r Immortal NYC Deluxe Super Spray 500ml"},"content":{"rendered":"<h2><span style=\"font-size: 75%;\">Lac de p\u0103r Immortal NYC Deluxe Super Spray<\/span><\/h2>\n<ul>\n<li><span style=\"font-size: 100%;\">Coafare u\u0219oar\u0103 \u0219i rapid\u0103;<\/span><\/li>\n<li><span style=\"font-size: 100%;\">Potrivit pentru p\u0103r de orice lungime;<\/span><\/li>\n<li><span style=\"font-size: 100%;\">Fixare puternic\u0103;<\/span><\/li>\n<li><span style=\"font-size: 100%;\">Nu \u00eengreuneaz\u0103 p\u0103rul;<\/span><\/li>\n<li><span style=\"font-size: 100%;\">Se spal\u0103 la \u0219amponare.<\/span><\/li>\n<\/ul>\n<p><span style=\"font-size: 100%;\"><a href=\"https:\/\/cool-style.md\/wp-content\/uploads\/2024\/05\/Cool-style.md-Immortal-NYC-Deluxe-Super-Spray-500ml.webp\"><img decoding=\"async\" class=\"wp-image-3214 alignright\" src=\"https:\/\/cool-style.md\/wp-content\/uploads\/2024\/05\/Cool-style.md-Immortal-NYC-Deluxe-Super-Spray-500ml-398x400.webp\" alt=\"Cool-style.md Immortal NYC Deluxe Super Spray 500ml\" width=\"299\" height=\"300\" srcset=\"https:\/\/cool-style.md\/wp-content\/uploads\/2024\/05\/Cool-style.md-Immortal-NYC-Deluxe-Super-Spray-500ml-398x400.webp 398w, https:\/\/cool-style.md\/wp-content\/uploads\/2024\/05\/Cool-style.md-Immortal-NYC-Deluxe-Super-Spray-500ml-796x800.webp 796w, https:\/\/cool-style.md\/wp-content\/uploads\/2024\/05\/Cool-style.md-Immortal-NYC-Deluxe-Super-Spray-500ml-280x280.webp 280w, https:\/\/cool-style.md\/wp-content\/uploads\/2024\/05\/Cool-style.md-Immortal-NYC-Deluxe-Super-Spray-500ml-768x772.webp 768w, https:\/\/cool-style.md\/wp-content\/uploads\/2024\/05\/Cool-style.md-Immortal-NYC-Deluxe-Super-Spray-500ml-1528x1536.webp 1528w, https:\/\/cool-style.md\/wp-content\/uploads\/2024\/05\/Cool-style.md-Immortal-NYC-Deluxe-Super-Spray-500ml-300x300.webp 300w, https:\/\/cool-style.md\/wp-content\/uploads\/2024\/05\/Cool-style.md-Immortal-NYC-Deluxe-Super-Spray-500ml-510x513.webp 510w, https:\/\/cool-style.md\/wp-content\/uploads\/2024\/05\/Cool-style.md-Immortal-NYC-Deluxe-Super-Spray-500ml-100x100.webp 100w, https:\/\/cool-style.md\/wp-content\/uploads\/2024\/05\/Cool-style.md-Immortal-NYC-Deluxe-Super-Spray-500ml.webp 1592w\" sizes=\"(max-width: 299px) 100vw, 299px\" \/><\/a>Lac de p\u0103r <a href=\"https:\/\/immortal.com.tr\/\" target=\"_blank\" rel=\"noopener\">Immortal<\/a> ajut\u0103 la modelarea p\u0103rului. Formula puternic\u0103 faciliteaz\u0103 crearea oric\u0103rei coafuri \u0219i repararea acesteia pe tot parcursul zilei. Datorit\u0103 formulei sale, care nu \u00eengreuneaz\u0103 p\u0103rul, \u00eei confer\u0103 un nivel ridicat de str\u0103lucire. Nu lasa urme pe suprafata parului si se indeparteaza usor de pe par la spalare. Potrivit <a href=\"https:\/\/cool-style.md\/ro\/product-category\/cosmetice-barbati\/coafarea-barbati\/\">pentru toate tipurile de p\u0103r<\/a>.<\/span><\/p>\n<p><span style=\"font-size: 100%;\"><strong>Fixare:<\/strong> super tare<\/span><\/p>\n<p><span style=\"font-size: 100%;\"><strong>Volum:<\/strong> 500 ml<\/span><\/p>\n<p><span style=\"font-size: 100%;\"><strong>Mod de utilizare:<\/strong> pentru a fixa forma &#8211; pulveriza\u021bi fixativul pe p\u0103r la o distan\u021b\u0103 de 30 cm; pentru a da volum p\u0103rului &#8211; pulveriza\u021bi produsul aproape de r\u0103d\u0103cini.<\/span><\/p>\n<p><span style=\"font-size: 100%;\"><strong>Aten\u021bie:<\/strong> numai pentru uz extern. \u00cen caz de contact cu ochii, cl\u0103ti\u021bi cu mult\u0103 ap\u0103. A nu se lasa la indemana copiilor.<\/span><\/p>","protected":false},"excerpt":{"rendered":"<p><span style=\"font-size: 100%;\">Immortal NYC Deluxe Super Spray ofer\u0103 p\u0103rului o str\u0103lucire pl\u0103cut\u0103, v\u0103 permite s\u0103 men\u021bine\u021bi coafarea dorit\u0103 pentru \u00eentreaga zi.<\/span><span style=\"font-size: 100%;\"><\/span><\/p>\n","protected":false},"featured_media":3213,"template":"","meta":[],"product_brand":[],"product_cat":[30,35],"product_tag":[],"class_list":{"0":"post-3212","1":"product","2":"type-product","3":"status-publish","4":"has-post-thumbnail","6":"product_cat-coafarea-barbati","7":"product_cat-coafarea-femei","8":"pa_brand-immortal","9":"pa_felul-produsului-tip-lac-de-par","10":"pa_fixare-extra-puternica","11":"pa_producator-turcia","12":"pa_volum-500ml","14":"first","15":"instock","16":"featured","17":"shipping-taxable","18":"purchasable","19":"product-type-simple"},"_links":{"self":[{"href":"https:\/\/cool-style.md\/ro\/wp-json\/wp\/v2\/product\/3212","targetHints":{"allow":["GET"]}}],"collection":[{"href":"https:\/\/cool-style.md\/ro\/wp-json\/wp\/v2\/product"}],"about":[{"href":"https:\/\/cool-style.md\/ro\/wp-json\/wp\/v2\/types\/product"}],"wp:featuredmedia":[{"embeddable":true,"href":"https:\/\/cool-style.md\/ro\/wp-json\/wp\/v2\/media\/3213"}],"wp:attachment":[{"href":"https:\/\/cool-style.md\/ro\/wp-json\/wp\/v2\/media?parent=3212"}],"wp:term":[{"taxonomy":"product_brand","embeddable":true,"href":"https:\/\/cool-style.md\/ro\/wp-json\/wp\/v2\/product_brand?post=3212"},{"taxonomy":"product_cat","embeddable":true,"href":"https:\/\/cool-style.md\/ro\/wp-json\/wp\/v2\/product_cat?post=3212"},{"taxonomy":"product_tag","embeddable":true,"href":"https:\/\/cool-style.md\/ro\/wp-json\/wp\/v2\/product_tag?post=3212"}],"curies":[{"name":"wp","href":"https:\/\/api.w.org\/{rel}","templated":true}]}}