{"id":3222,"date":"2024-05-20T20:46:31","date_gmt":"2024-05-20T20:46:31","guid":{"rendered":"https:\/\/cool-style.md\/?post_type=product&#038;p=3222"},"modified":"2024-12-06T17:04:34","modified_gmt":"2024-12-06T17:04:34","slug":"immortal-beton-sparkler-spray","status":"publish","type":"product","link":"https:\/\/cool-style.md\/ro\/product\/immortal-beton-sparkler-spray\/","title":{"rendered":"Spray pentru str\u0103lucirea p\u0103rului Immortal Beton Sparkler Spray 500ml"},"content":{"rendered":"<h2><span style=\"font-size: 75%;\">Spray pentru str\u0103lucirea p\u0103rului\u00a0Immortal Beton Sparkler Spray<\/span><\/h2>\n<ul>\n<li>Adaug\u0103 str\u0103lucire p\u0103rului;<\/li>\n<li>Se usuc\u0103 repede;<\/li>\n<li><span style=\"font-size: 100%;\">Nu \u00eengreuneaz\u0103 p\u0103rul;<\/span><\/li>\n<li><span style=\"font-size: 100%;\">Se spal\u0103 la \u0219amponare.<\/span><\/li>\n<\/ul>\n<p><span style=\"font-size: 100%;\"><a href=\"https:\/\/cool-style.md\/wp-content\/uploads\/2024\/05\/Cool-style.md-Immortal-Beton-Sparkler-Spray-500ml.jpg\"><img decoding=\"async\" class=\"alignright wp-image-3224\" src=\"https:\/\/cool-style.md\/wp-content\/uploads\/2024\/05\/Cool-style.md-Immortal-Beton-Sparkler-Spray-500ml-400x400.jpg\" alt=\"Cool-style.md Immortal Beton Sparkler Spray 500ml\" width=\"300\" height=\"300\" srcset=\"https:\/\/cool-style.md\/wp-content\/uploads\/2024\/05\/Cool-style.md-Immortal-Beton-Sparkler-Spray-500ml-400x400.jpg 400w, https:\/\/cool-style.md\/wp-content\/uploads\/2024\/05\/Cool-style.md-Immortal-Beton-Sparkler-Spray-500ml-280x280.jpg 280w, https:\/\/cool-style.md\/wp-content\/uploads\/2024\/05\/Cool-style.md-Immortal-Beton-Sparkler-Spray-500ml-300x300.jpg 300w, https:\/\/cool-style.md\/wp-content\/uploads\/2024\/05\/Cool-style.md-Immortal-Beton-Sparkler-Spray-500ml-510x510.jpg 510w, https:\/\/cool-style.md\/wp-content\/uploads\/2024\/05\/Cool-style.md-Immortal-Beton-Sparkler-Spray-500ml-100x100.jpg 100w, https:\/\/cool-style.md\/wp-content\/uploads\/2024\/05\/Cool-style.md-Immortal-Beton-Sparkler-Spray-500ml.jpg 640w\" sizes=\"(max-width: 300px) 100vw, 300px\" \/><\/a>Spray pentru str\u0103lucirea <a href=\"https:\/\/immortal.com.tr\/\" target=\"_blank\" rel=\"noopener\">Immortal<\/a> ofer\u0103 p\u0103rului un nivel ridicat de str\u0103lucire datorit\u0103 formulei sale care nu \u00eengreuneaz\u0103 p\u0103rul. Nu las\u0103 urme pe suprafa\u021ba p\u0103rului \u0219i se \u00eendeparteaz\u0103 u\u0219or de pe p\u0103r la spalare. Potrivit <a href=\"https:\/\/cool-style.md\/ro\/product-category\/cosmetice-barbati\/coafarea-barbati\/\">pentru toate tipurile de p\u0103r<\/a>.<\/span><\/p>\n<p><span style=\"font-size: 100%;\"><strong>Volum:<\/strong> 500 ml<\/span><\/p>\n<p><span style=\"font-size: 100%;\"><strong>Mod de utilizare:<\/strong> Pulverizati produsul pe tot parul la o distanta de 30 cm, evitand contactul cu ochii.<\/span><\/p>\n<p><span style=\"font-size: 100%;\"><strong>Aten\u021bie:<\/strong> numai pentru uz extern. \u00cen caz de contact cu ochii, cl\u0103ti\u021bi cu mult\u0103 ap\u0103. A nu se lasa la indemana copiilor.<\/span><\/p>","protected":false},"excerpt":{"rendered":"<p><span style=\"font-size: 100%;\">Immortal Beton Sparkler Spray ofer\u0103 p\u0103rului un nivel ridicat de str\u0103lucire.<\/span><span style=\"font-size: 100%;\"><\/span><\/p>\n","protected":false},"featured_media":3223,"template":"","meta":[],"product_brand":[],"product_cat":[30,35],"product_tag":[],"class_list":{"0":"post-3222","1":"product","2":"type-product","3":"status-publish","4":"has-post-thumbnail","6":"product_cat-coafarea-barbati","7":"product_cat-coafarea-femei","8":"pa_brand-immortal","9":"pa_felul-produsului-tip-lac-de-par","10":"pa_producator-turcia","11":"pa_volum-500ml","13":"first","14":"instock","15":"featured","16":"shipping-taxable","17":"purchasable","18":"product-type-simple"},"_links":{"self":[{"href":"https:\/\/cool-style.md\/ro\/wp-json\/wp\/v2\/product\/3222","targetHints":{"allow":["GET"]}}],"collection":[{"href":"https:\/\/cool-style.md\/ro\/wp-json\/wp\/v2\/product"}],"about":[{"href":"https:\/\/cool-style.md\/ro\/wp-json\/wp\/v2\/types\/product"}],"wp:featuredmedia":[{"embeddable":true,"href":"https:\/\/cool-style.md\/ro\/wp-json\/wp\/v2\/media\/3223"}],"wp:attachment":[{"href":"https:\/\/cool-style.md\/ro\/wp-json\/wp\/v2\/media?parent=3222"}],"wp:term":[{"taxonomy":"product_brand","embeddable":true,"href":"https:\/\/cool-style.md\/ro\/wp-json\/wp\/v2\/product_brand?post=3222"},{"taxonomy":"product_cat","embeddable":true,"href":"https:\/\/cool-style.md\/ro\/wp-json\/wp\/v2\/product_cat?post=3222"},{"taxonomy":"product_tag","embeddable":true,"href":"https:\/\/cool-style.md\/ro\/wp-json\/wp\/v2\/product_tag?post=3222"}],"curies":[{"name":"wp","href":"https:\/\/api.w.org\/{rel}","templated":true}]}}