{"id":3228,"date":"2024-05-20T21:07:04","date_gmt":"2024-05-20T21:07:04","guid":{"rendered":"https:\/\/cool-style.md\/?post_type=product&#038;p=3228"},"modified":"2024-12-06T17:05:34","modified_gmt":"2024-12-06T17:05:34","slug":"immortal-barber-shaving-foam-ocean-waves","status":"publish","type":"product","link":"https:\/\/cool-style.md\/ro\/product\/immortal-barber-shaving-foam-ocean-waves\/","title":{"rendered":"Spum\u0103 de ras Immortal Barber Shaving Foam Ocean Waves 500ml"},"content":{"rendered":"<h2><span style=\"font-size: 75%;\">Spum\u0103 de ras Immortal Barber Shaving Foam Ocean Waves<\/span><\/h2>\n<ul>\n<li>Ideal pentru toate tipurile de piele;<\/li>\n<li>Are propriet\u0103\u021bi de restaurare;<\/li>\n<li>Formul\u0103 neiritant\u0103;<\/li>\n<li>Ofer\u0103 un b\u0103rbierit de aproape \u0219i de aproape;<\/li>\n<li>Are un parfum revigorant.<\/li>\n<\/ul>\n<p><span style=\"font-size: 100%;\"><a href=\"https:\/\/cool-style.md\/wp-content\/uploads\/2024\/05\/Cool-style.md-Immortal-Barber-Shaving-Foam-Ocean-Waves-500ml.jpg\"><img decoding=\"async\" class=\"alignleft wp-image-3229\" src=\"https:\/\/cool-style.md\/wp-content\/uploads\/2024\/05\/Cool-style.md-Immortal-Barber-Shaving-Foam-Ocean-Waves-500ml-326x400.jpg\" alt=\"Cool-style.md Immortal Barber Shaving Foam Ocean Waves 500ml\" width=\"260\" height=\"320\" srcset=\"https:\/\/cool-style.md\/wp-content\/uploads\/2024\/05\/Cool-style.md-Immortal-Barber-Shaving-Foam-Ocean-Waves-500ml-326x400.jpg 326w, https:\/\/cool-style.md\/wp-content\/uploads\/2024\/05\/Cool-style.md-Immortal-Barber-Shaving-Foam-Ocean-Waves-500ml-651x800.jpg 651w, https:\/\/cool-style.md\/wp-content\/uploads\/2024\/05\/Cool-style.md-Immortal-Barber-Shaving-Foam-Ocean-Waves-500ml-768x944.jpg 768w, https:\/\/cool-style.md\/wp-content\/uploads\/2024\/05\/Cool-style.md-Immortal-Barber-Shaving-Foam-Ocean-Waves-500ml-510x627.jpg 510w, https:\/\/cool-style.md\/wp-content\/uploads\/2024\/05\/Cool-style.md-Immortal-Barber-Shaving-Foam-Ocean-Waves-500ml.jpg 1080w\" sizes=\"(max-width: 260px) 100vw, 260px\" \/><\/a><\/span>Spum\u0103 de <a href=\"https:\/\/cool-style.md\/cosmetice-barbati\/pentru-barbierit\/\">ras<\/a> <span style=\"font-size: 100%;\"><a href=\"https:\/\/immortal.com.tr\/\" target=\"_blank\" rel=\"noopener\">Immortal<\/a><\/span> potrivit pentru toate tipurile de piele, hidrateaz\u0103 \u0219i protejeaz\u0103 \u00eempotriva irita\u021biilor, se \u00eentinde u\u0219or, se cl\u0103te\u0219te, l\u0103s\u00e2nd o senza\u021bie de catifelare \u0219i netezime. Spuma de b\u0103rbierit conceput\u0103 pentru frizeri ofer\u0103 un b\u0103rbierit u\u0219or \u0219i ajut\u0103 la hidratarea pielii datorit\u0103 con\u021binutului s\u0103u de vitamina E \u0219i protejeaz\u0103 \u00eempotriva irita\u021biilor. Se \u00eentinde u\u0219or \u0219i las\u0103 pielea neted\u0103 dup\u0103 cl\u0103tire. Are o arom\u0103<span style=\"font-size: 14.4px;\">\u00a0<\/span><span style=\"font-size: 14.4px;\">de mare <\/span><span style=\"font-size: 14.4px;\">pl\u0103cut\u0103.<\/span><\/p>\n<p><strong>Volum:<\/strong> 500 ml<\/p>\n<p><strong>Mod de utilizare:<\/strong> Aplica\u021bi pe fa\u021b\u0103, apoi \u00eencepe\u021bi s\u0103 v\u0103 b\u0103rbieri\u021bi. Cl\u0103ti\u021bi cu ap\u0103 cald\u0103.<\/p>\n<p><span style=\"font-size: 100%;\"><strong>Aten\u021bie:<\/strong> numai pentru uz extern. \u00cen caz de contact cu ochii, cl\u0103ti\u021bi cu mult\u0103 ap\u0103. A nu se lasa la indemana copiilor.<\/span><\/p>","protected":false},"excerpt":{"rendered":"<p><span style=\"font-size: 100%;\">Immortal Barber Shaving Foam Ocean Waves ofer\u0103 un b\u0103rbierit u\u0219or \u0219i rapid, protejeaz\u0103 pielea de t\u0103ieturi.<\/span><\/p>\n","protected":false},"featured_media":3230,"template":"","meta":[],"product_brand":[],"product_cat":[34],"product_tag":[],"class_list":{"0":"post-3228","1":"product","2":"type-product","3":"status-publish","4":"has-post-thumbnail","6":"product_cat-pentru-barbierit","7":"pa_brand-immortal","8":"pa_felul-produsului-spuma-de-ras","9":"pa_producator-turcia","10":"pa_volum-500ml","12":"first","13":"instock","14":"featured","15":"shipping-taxable","16":"purchasable","17":"product-type-simple"},"_links":{"self":[{"href":"https:\/\/cool-style.md\/ro\/wp-json\/wp\/v2\/product\/3228","targetHints":{"allow":["GET"]}}],"collection":[{"href":"https:\/\/cool-style.md\/ro\/wp-json\/wp\/v2\/product"}],"about":[{"href":"https:\/\/cool-style.md\/ro\/wp-json\/wp\/v2\/types\/product"}],"wp:featuredmedia":[{"embeddable":true,"href":"https:\/\/cool-style.md\/ro\/wp-json\/wp\/v2\/media\/3230"}],"wp:attachment":[{"href":"https:\/\/cool-style.md\/ro\/wp-json\/wp\/v2\/media?parent=3228"}],"wp:term":[{"taxonomy":"product_brand","embeddable":true,"href":"https:\/\/cool-style.md\/ro\/wp-json\/wp\/v2\/product_brand?post=3228"},{"taxonomy":"product_cat","embeddable":true,"href":"https:\/\/cool-style.md\/ro\/wp-json\/wp\/v2\/product_cat?post=3228"},{"taxonomy":"product_tag","embeddable":true,"href":"https:\/\/cool-style.md\/ro\/wp-json\/wp\/v2\/product_tag?post=3228"}],"curies":[{"name":"wp","href":"https:\/\/api.w.org\/{rel}","templated":true}]}}