{"id":3231,"date":"2024-05-20T21:12:43","date_gmt":"2024-05-20T21:12:43","guid":{"rendered":"https:\/\/cool-style.md\/?post_type=product&#038;p=3231"},"modified":"2024-12-06T17:06:16","modified_gmt":"2024-12-06T17:06:16","slug":"immortal-infuse-black-mask","status":"publish","type":"product","link":"https:\/\/cool-style.md\/ro\/product\/immortal-infuse-black-mask\/","title":{"rendered":"Masca neagr\u0103 pentru fa\u021b\u0103 Immortal Infuse Black Mask 150ml"},"content":{"rendered":"<h2><span style=\"font-size: 75%;\">Masca neagr\u0103 pentru fa\u021b\u0103 Immortal Infuse Black Mask<\/span><\/h2>\n<ul>\n<li>Elimina punctele negre;<\/li>\n<li>Hidrateaz\u0103 \u0219i hr\u0103ne\u0219te pielea fe\u021bei;<\/li>\n<li>Neteze\u0219te ridurile \u0219i \u00eembun\u0103t\u0103\u021be\u0219te fermitatea;<\/li>\n<li>Normalizeaz\u0103 activitatea glandelor sebacee;<\/li>\n<li>Potrivit pentru toate tipurile de piele;<\/li>\n<\/ul>\n<p><a href=\"https:\/\/cool-style.md\/wp-content\/uploads\/2024\/05\/Cool-style.md-Immortal-Infuse-Black-Mask-150ml.webp\"><img decoding=\"async\" class=\"alignleft wp-image-3233\" src=\"https:\/\/cool-style.md\/wp-content\/uploads\/2024\/05\/Cool-style.md-Immortal-Infuse-Black-Mask-150ml-401x400.webp\" alt=\"Cool-style.md Immortal Infuse Black Mask 150ml\" width=\"301\" height=\"300\" srcset=\"https:\/\/cool-style.md\/wp-content\/uploads\/2024\/05\/Cool-style.md-Immortal-Infuse-Black-Mask-150ml-401x400.webp 401w, https:\/\/cool-style.md\/wp-content\/uploads\/2024\/05\/Cool-style.md-Immortal-Infuse-Black-Mask-150ml-802x800.webp 802w, https:\/\/cool-style.md\/wp-content\/uploads\/2024\/05\/Cool-style.md-Immortal-Infuse-Black-Mask-150ml-280x280.webp 280w, https:\/\/cool-style.md\/wp-content\/uploads\/2024\/05\/Cool-style.md-Immortal-Infuse-Black-Mask-150ml-768x766.webp 768w, https:\/\/cool-style.md\/wp-content\/uploads\/2024\/05\/Cool-style.md-Immortal-Infuse-Black-Mask-150ml-300x300.webp 300w, https:\/\/cool-style.md\/wp-content\/uploads\/2024\/05\/Cool-style.md-Immortal-Infuse-Black-Mask-150ml-510x509.webp 510w, https:\/\/cool-style.md\/wp-content\/uploads\/2024\/05\/Cool-style.md-Immortal-Infuse-Black-Mask-150ml-100x100.webp 100w, https:\/\/cool-style.md\/wp-content\/uploads\/2024\/05\/Cool-style.md-Immortal-Infuse-Black-Mask-150ml.webp 1024w\" sizes=\"(max-width: 301px) 100vw, 301px\" \/><\/a>Masca <a href=\"https:\/\/immortal.com.tr\/\" target=\"_blank\" rel=\"noopener\">Immortal<\/a> pentru <a href=\"https:\/\/cool-style.md\/ro\/cosmetice-barbati\/ingrijirea-fetei\/\">fa\u021b\u0103<\/a> con\u021bin\u00e2nd particule de funingine ajut\u0103 la eliminarea punctelor negre, neteze\u0219te ridurile \u0219i \u00eendep\u0103rteaz\u0103 celulele moarte. Cur\u0103\u021b\u0103 pielea fe\u021bei, l\u0103s\u00e2nd-o cu aspect neted \u0219i s\u0103n\u0103tos. Combate acneea, inflama\u021bia, porii dilata\u021bi, str\u0103lucirea uleioas\u0103 \u0219i normalizeaz\u0103 func\u021bionarea glandelor sebacee. Ajut\u0103 la \u00eendep\u0103rtarea celulelor moarte ale pielii \u00een timp ce elimin\u0103 pielea de murd\u0103rie \u0219i sebum datorit\u0103 acidului salicilic \u0219i complexului botanic pe care \u00eel con\u021bine. Potrivit pentru toate tipurile de piele.<\/p>\n<p><strong>Volum:<\/strong> 150 ml<\/p>\n<p><strong>Mod de utilizare:<\/strong> pe pielea cur\u0103\u021bat\u0103 \u00een prealabil, aplica\u021bi un strat suficient de gros de masc\u0103, ocolind zona ochilor, buzelor \u0219i zonelor de cre\u0219tere a p\u0103rului. A\u0219tepta\u021bi p\u00e2n\u0103 se usuc\u0103 complet \u0219i \u00eendep\u0103rta\u021bi cu grij\u0103 masca, \u00eencep\u00e2nd de la b\u0103rbie.<\/p>\n<p><strong>Aten\u021bie:<\/strong> numai pentru uz extern. \u00cen caz de contact cu ochii, cl\u0103ti\u021bi cu mult\u0103 ap\u0103. A nu se lasa la indemana copiilor.<\/p>","protected":false},"excerpt":{"rendered":"<p><span style=\"font-size: 100%;\">Immortal Infuse Black Mask ajut\u0103 la eliminarea punctelor negre, neteze\u0219te ridurile \u0219i \u00eendep\u0103rteaz\u0103 celulele moarte.<\/span><span style=\"font-size: 100%;\"><\/span><\/p>\n","protected":false},"featured_media":3232,"template":"","meta":[],"product_brand":[],"product_cat":[33],"product_tag":[],"class_list":{"0":"post-3231","1":"product","2":"type-product","3":"status-publish","4":"has-post-thumbnail","6":"product_cat-ingrijirea-fetei","7":"pa_brand-immortal","8":"pa_felul-produsului-tip-masca","9":"pa_producator-turcia","10":"pa_volum-150ml","12":"first","13":"instock","14":"featured","15":"shipping-taxable","16":"purchasable","17":"product-type-simple"},"_links":{"self":[{"href":"https:\/\/cool-style.md\/ro\/wp-json\/wp\/v2\/product\/3231","targetHints":{"allow":["GET"]}}],"collection":[{"href":"https:\/\/cool-style.md\/ro\/wp-json\/wp\/v2\/product"}],"about":[{"href":"https:\/\/cool-style.md\/ro\/wp-json\/wp\/v2\/types\/product"}],"wp:featuredmedia":[{"embeddable":true,"href":"https:\/\/cool-style.md\/ro\/wp-json\/wp\/v2\/media\/3232"}],"wp:attachment":[{"href":"https:\/\/cool-style.md\/ro\/wp-json\/wp\/v2\/media?parent=3231"}],"wp:term":[{"taxonomy":"product_brand","embeddable":true,"href":"https:\/\/cool-style.md\/ro\/wp-json\/wp\/v2\/product_brand?post=3231"},{"taxonomy":"product_cat","embeddable":true,"href":"https:\/\/cool-style.md\/ro\/wp-json\/wp\/v2\/product_cat?post=3231"},{"taxonomy":"product_tag","embeddable":true,"href":"https:\/\/cool-style.md\/ro\/wp-json\/wp\/v2\/product_tag?post=3231"}],"curies":[{"name":"wp","href":"https:\/\/api.w.org\/{rel}","templated":true}]}}