{"id":3249,"date":"2024-05-21T09:19:11","date_gmt":"2024-05-21T09:19:11","guid":{"rendered":"https:\/\/cool-style.md\/?post_type=product&#038;p=3249"},"modified":"2024-12-10T16:30:36","modified_gmt":"2024-12-10T16:30:36","slug":"nishlady-dust-grains-volume-powder","status":"publish","type":"product","link":"https:\/\/cool-style.md\/ro\/product\/nishlady-dust-grains-volume-powder\/","title":{"rendered":"Pudr\u0103 de p\u0103r volumizant\u0103 Nishlady Dust Grains Volume Powder 20gr"},"content":{"rendered":"<h2><span style=\"font-size: 75%;\">Pudr\u0103 de p\u0103r volumizant\u0103 Nishlady Dust Grains Volume Powder<\/span><\/h2>\n<ul>\n<li><span style=\"font-size: 100%;\">Coafare u\u0219oar\u0103 \u0219i rapid\u0103;<\/span><\/li>\n<li><span style=\"font-size: 100%;\">Potrivit pentru p\u0103r de orice lungime;<\/span><\/li>\n<li><span style=\"font-size: 100%;\">Nu \u00eengreuneaz\u0103 p\u0103rul;<\/span><\/li>\n<li><span style=\"font-size: 100%;\">Se spal\u0103 la \u0219amponare.<\/span><\/li>\n<\/ul>\n<p><span style=\"font-size: 100%;\"><a href=\"https:\/\/cool-style.md\/wp-content\/uploads\/2023\/11\/Cool-style.md-Nish-Lady-Ultimate-Volume.png\"><img decoding=\"async\" class=\"alignleft wp-image-2744\" src=\"https:\/\/cool-style.md\/wp-content\/uploads\/2023\/11\/Cool-style.md-Nish-Lady-Ultimate-Volume-436x400.png\" alt=\"Cool-style.md Nish Lady Ultimate Volume\" width=\"300\" height=\"275\" srcset=\"https:\/\/cool-style.md\/wp-content\/uploads\/2023\/11\/Cool-style.md-Nish-Lady-Ultimate-Volume-436x400.png 436w, https:\/\/cool-style.md\/wp-content\/uploads\/2023\/11\/Cool-style.md-Nish-Lady-Ultimate-Volume-510x468.png 510w, https:\/\/cool-style.md\/wp-content\/uploads\/2023\/11\/Cool-style.md-Nish-Lady-Ultimate-Volume-872x800.png 872w, https:\/\/cool-style.md\/wp-content\/uploads\/2023\/11\/Cool-style.md-Nish-Lady-Ultimate-Volume-768x704.png 768w, https:\/\/cool-style.md\/wp-content\/uploads\/2023\/11\/Cool-style.md-Nish-Lady-Ultimate-Volume.png 1027w\" sizes=\"(max-width: 300px) 100vw, 300px\" \/><\/a>Pudr\u0103 <a href=\"https:\/\/nishlady.com\/\" target=\"_blank\" rel=\"noopener\">Nishlady<\/a>\u00a0pentru a ad\u0103uga volum p\u0103rului. Datorit\u0103 formulei sale unice, ofer\u0103 un stil natural mat \u0219i adaug\u0103 volum p\u0103rului t\u0103u. Poate fi folosit\u0103 ca \u0219ampon uscat deoarece absoarbe excesul de ulei de pe p\u0103r.<\/span><span style=\"font-size: 100%;\">\u00a0Potrivit\u0103 <\/span><a style=\"font-size: 100%;\" href=\"https:\/\/cool-style.md\/ro\/product-category\/cosmetice-barbati\/coafarea-barbati\/\">pentru toate tipurile de p\u0103r<\/a><span style=\"font-size: 100%;\">.<\/span><\/p>\n<p><span style=\"font-size: 100%;\"><strong>Volum:<\/strong> 20 gr<\/span><\/p>\n<p><span style=\"font-size: 100%;\"><strong>Fixare:<\/strong> medie<\/span><\/p>\n<p><span style=\"font-size: 100%;\"><strong>Mod de utilizare:<\/strong> Agita\u021bi recipientul pentru a dispersa pulberea \u00eenainte de utilizare. Turna\u021bi pudra direct pe r\u0103d\u0103cinile p\u0103rului \u0219i distribui\u021bi-o pe tot p\u0103rul, ad\u0103ug\u00e2nd volum \u0219i coafare p\u0103rului \u00een scurt timp.<\/span><\/p>\n<p><span style=\"font-size: 100%;\"><strong>Aten\u021bie:<\/strong> numai pentru uz extern. \u00cen caz de contact cu ochii, cl\u0103ti\u021bi cu mult\u0103 ap\u0103. A nu se lasa la indemana copiilor.<\/span><\/p>","protected":false},"excerpt":{"rendered":"<p><span style=\"font-size: 100%;\">Nishlady Dust Grains Volume Powder ofer\u0103 un aspect natural mat la coafare \u0219i d\u0103 volum p\u0103rului.<\/span><span style=\"font-size: 100%;\"><\/span><\/p>\n","protected":false},"featured_media":3251,"template":"","meta":[],"product_brand":[],"product_cat":[35],"product_tag":[],"class_list":{"0":"post-3249","1":"product","2":"type-product","3":"status-publish","4":"has-post-thumbnail","6":"product_cat-coafarea-femei","7":"pa_brand-nishlady","8":"pa_felul-produsului-tip-pudra","9":"pa_producator-turcia","10":"pa_volum-20gr","12":"first","13":"instock","14":"featured","15":"shipping-taxable","16":"purchasable","17":"product-type-simple"},"_links":{"self":[{"href":"https:\/\/cool-style.md\/ro\/wp-json\/wp\/v2\/product\/3249","targetHints":{"allow":["GET"]}}],"collection":[{"href":"https:\/\/cool-style.md\/ro\/wp-json\/wp\/v2\/product"}],"about":[{"href":"https:\/\/cool-style.md\/ro\/wp-json\/wp\/v2\/types\/product"}],"wp:featuredmedia":[{"embeddable":true,"href":"https:\/\/cool-style.md\/ro\/wp-json\/wp\/v2\/media\/3251"}],"wp:attachment":[{"href":"https:\/\/cool-style.md\/ro\/wp-json\/wp\/v2\/media?parent=3249"}],"wp:term":[{"taxonomy":"product_brand","embeddable":true,"href":"https:\/\/cool-style.md\/ro\/wp-json\/wp\/v2\/product_brand?post=3249"},{"taxonomy":"product_cat","embeddable":true,"href":"https:\/\/cool-style.md\/ro\/wp-json\/wp\/v2\/product_cat?post=3249"},{"taxonomy":"product_tag","embeddable":true,"href":"https:\/\/cool-style.md\/ro\/wp-json\/wp\/v2\/product_tag?post=3249"}],"curies":[{"name":"wp","href":"https:\/\/api.w.org\/{rel}","templated":true}]}}