{"id":3504,"date":"2024-07-30T06:43:39","date_gmt":"2024-07-30T06:43:39","guid":{"rendered":"https:\/\/cool-style.md\/?post_type=product&#038;p=3504"},"modified":"2024-12-06T17:10:59","modified_gmt":"2024-12-06T17:10:59","slug":"nishlady-hair-brush-nsl-1023","status":"publish","type":"product","link":"https:\/\/cool-style.md\/ro\/product\/nishlady-hair-brush-nsl-1023\/","title":{"rendered":"Brushing pentru p\u0103r Nishlady Hair Brush NSL-1023"},"content":{"rendered":"<h2><span style=\"font-size: 75%;\">Brushing pentru p\u0103r Nishlady Hair Brush NSL-1023<\/span><\/h2>\n<p>Peria profesional\u0103 <a href=\"https:\/\/nishlady.com\/\" target=\"_blank\" rel=\"noopener\">Nishlady<\/a>\u00a0este un <a href=\"https:\/\/cool-style.md\/ro\/accesorii\/\">accesoriu<\/a> de coafur\u0103 indispensabil care poate fi folosit \u00een diverse scopuri. Peria special\u0103 rotund\u0103 ofer\u0103 stilistului o manevrare confortabil\u0103, cu o aten\u021bie sporit\u0103 la detalii \u0219i ajut\u0103 la uscarea, ondularea \u0219i indreptarea p\u0103rului. Fabricat din plastic rezistent la c\u0103ldur\u0103 \u0219i antistatic, este foarte flexibil. Folosit \u00een mod obi\u0219nuit de c\u0103tre stilisti \u00een saloane, cu toate acestea, poate fi folosit acas\u0103.<\/p>\n<p><strong>Scop:<\/strong> pentru aranjarea p\u0103rului<\/p>\n<p><strong>Lungime:<\/strong> 217 mm<\/p>\n<p><strong>Diametru:<\/strong> 50 mm<\/p>\n<p><strong>Material:<\/strong> plastic<\/p>\n<p><b>Culoare:\u00a0<\/b>violet<\/p>","protected":false},"excerpt":{"rendered":"<p><span style=\"font-size: 100%;\">Nishlady Hair Brush NSL-1023 este ideal pentru coafarea p\u0103rului.<\/span><span style=\"font-size: 100%;\"><\/span><\/p>\n","protected":false},"featured_media":3498,"template":"","meta":[],"product_brand":[],"product_cat":[29,131],"product_tag":[],"class_list":{"0":"post-3504","1":"product","2":"type-product","3":"status-publish","4":"has-post-thumbnail","6":"product_cat-accesorii","7":"product_cat-piepteni-si-perii","8":"pa_brand-nishlady","9":"pa_felul-produsului-tip-perie","10":"pa_producator-turcia","12":"first","13":"instock","14":"shipping-taxable","15":"purchasable","16":"product-type-simple"},"_links":{"self":[{"href":"https:\/\/cool-style.md\/ro\/wp-json\/wp\/v2\/product\/3504","targetHints":{"allow":["GET"]}}],"collection":[{"href":"https:\/\/cool-style.md\/ro\/wp-json\/wp\/v2\/product"}],"about":[{"href":"https:\/\/cool-style.md\/ro\/wp-json\/wp\/v2\/types\/product"}],"wp:featuredmedia":[{"embeddable":true,"href":"https:\/\/cool-style.md\/ro\/wp-json\/wp\/v2\/media\/3498"}],"wp:attachment":[{"href":"https:\/\/cool-style.md\/ro\/wp-json\/wp\/v2\/media?parent=3504"}],"wp:term":[{"taxonomy":"product_brand","embeddable":true,"href":"https:\/\/cool-style.md\/ro\/wp-json\/wp\/v2\/product_brand?post=3504"},{"taxonomy":"product_cat","embeddable":true,"href":"https:\/\/cool-style.md\/ro\/wp-json\/wp\/v2\/product_cat?post=3504"},{"taxonomy":"product_tag","embeddable":true,"href":"https:\/\/cool-style.md\/ro\/wp-json\/wp\/v2\/product_tag?post=3504"}],"curies":[{"name":"wp","href":"https:\/\/api.w.org\/{rel}","templated":true}]}}