{"id":4000,"date":"2024-12-09T16:29:12","date_gmt":"2024-12-09T16:29:12","guid":{"rendered":"https:\/\/cool-style.md\/?post_type=product&#038;p=4000"},"modified":"2025-04-15T19:17:05","modified_gmt":"2025-04-15T19:17:05","slug":"jrl-forte-pro-dryer","status":"publish","type":"product","link":"https:\/\/cool-style.md\/ro\/product\/jrl-forte-pro-dryer\/","title":{"rendered":"Usc\u0103tor de p\u0103r profesional JRL Forte Pro Dryer"},"content":{"rendered":"<div class=\"row\"  id=\"row-1126887908\">\n\n\t<div id=\"col-399601445\" class=\"col small-12 large-12\"  >\n\t\t\t\t<div class=\"col-inner\"  >\n\t\t\t\n\t\t\t\n\n<h2 style=\"text-align: center;\">Usc\u0103tor de p\u0103r profesional JRL Forte Pro Dryer<\/h2>\n<p><span style=\"font-size: 100%;\"><a href=\"https:\/\/cool-style.md\/accesorii\/tehnica-de-styling\/\">Usc\u0103tor de p\u0103r<\/a> profesional de la produc\u0103torul <a href=\"https:\/\/www.jrlusa.com\/\" target=\"_blank\" rel=\"noopener\">JRL Professional<\/a> cu design \u0219i func\u021bionalitate excelent\u0103.<\/span><\/p>\n<ul>\n<li>Puternic \u0219i rapid, cu viteze ale motorului de p\u00e2n\u0103 la 95.000 RPM \u0219i putere de 1.850W<\/li>\n<li>Func\u021bie de cur\u0103\u021bare automat\u0103<\/li>\n<li>Filtru lavabil pentru \u00eembun\u0103t\u0103\u021birea protec\u021biei motorului<\/li>\n<li>Generatorul avansat de ioni \u00eencorporat ajut\u0103 la reducerea timpului de uscare Frizz &amp; Static, oferind \u00een acela\u0219i timp hidratare<\/li>\n<li>Lumina LED JRL indic\u0103 starea usc\u0103torului. De exemplu, avertizare de cur\u0103\u021bare regulat\u0103, avertizare de autocur\u0103\u021bare<\/li>\n<li>Ultra u\u0219or \u0219i compact<\/li>\n<li>Vine cu 1 difuer \u0219i duze de 2 dimensiuni<\/li>\n<\/ul>\n<p><span style=\"font-size: 100%;\"><\/span><\/p>\n\t\t<\/div>\n\t\t\t\t\t<\/div>\n\n\t\n\n\t<div id=\"col-41910327\" class=\"col medium-5 small-12 large-5\"  >\n\t\t\t\t<div class=\"col-inner\"  >\n\t\t\t\n\t\t\t\n\t<div class=\"img has-hover x md-x lg-x y md-y lg-y\" id=\"image_1518069682\">\n\t\t\t\t\t\t\t\t<div class=\"img-inner image-cover dark\" style=\"padding-top:245px;\">\n\t\t\t<img decoding=\"async\" width=\"1020\" height=\"721\" src=\"https:\/\/cool-style.md\/wp-content\/uploads\/2024\/12\/Cool-style.md-JRL-Forte-Pro-Dryer-details-1131x800.jpg\" class=\"attachment-large size-large\" alt=\"Cool-style.md JRL Forte Pro Dryer details\" srcset=\"https:\/\/cool-style.md\/wp-content\/uploads\/2024\/12\/Cool-style.md-JRL-Forte-Pro-Dryer-details-1131x800.jpg 1131w, https:\/\/cool-style.md\/wp-content\/uploads\/2024\/12\/Cool-style.md-JRL-Forte-Pro-Dryer-details-565x400.jpg 565w, https:\/\/cool-style.md\/wp-content\/uploads\/2024\/12\/Cool-style.md-JRL-Forte-Pro-Dryer-details-768x543.jpg 768w, https:\/\/cool-style.md\/wp-content\/uploads\/2024\/12\/Cool-style.md-JRL-Forte-Pro-Dryer-details-510x361.jpg 510w, https:\/\/cool-style.md\/wp-content\/uploads\/2024\/12\/Cool-style.md-JRL-Forte-Pro-Dryer-details.jpg 1200w\" sizes=\"(max-width: 1020px) 100vw, 1020px\" \/>\t\t\t\t\t\t\n\t\t\t\t\t<\/div>\n\t\t\t\t\t\t\t\t\n<style>\n#image_1518069682 {\n  width: 100%;\n}\n<\/style>\n\t<\/div>\n\t\n\t\t<\/div>\n\t\t\t\t\t<\/div>\n\n\t\n\n\t<div id=\"col-1607336398\" class=\"col medium-7 small-12 large-7\"  >\n\t\t\t\t<div class=\"col-inner\"  >\n\t\t\t\n\t\t\t\n<p><strong>Puternic \u0219i rapid<\/strong><br \/>\nViteza motorului atinge 100.000 rpm.<\/p>\n<p>FORTE PRO genereaz\u0103 presiune ridicat\u0103 \u0219i vitez\u0103 mare a aerului, instrumentul ideal pentru uscare rapid\u0103 \u0219i styling profesional.<\/p>\n<p><strong>Durat\u0103 de via\u021b\u0103 lung\u0103 \u0219i stabil\u0103<\/strong><br \/>\nDatorit\u0103 motorului durabil DC f\u0103r\u0103 perii.<\/p>\n\t\t<\/div>\n\t\t\t\t\t<\/div>\n\n\t\n\n\t<div id=\"col-1001922637\" class=\"col medium-7 small-12 large-7\"  >\n\t\t\t\t<div class=\"col-inner\"  >\n\t\t\t\n\t\t\t\n<p><strong>Func\u021bia de cur\u0103\u021bare automat\u0103<\/strong><br \/>\nFunc\u021bia de cur\u0103\u021bare automat\u0103 cur\u0103\u021b\u0103 componentele interne ale usc\u0103torului de p\u0103r. Aceast\u0103 tehnologie rote\u0219te turbina motorului \u00een direc\u021bia opus\u0103, asigur\u00e2nd o cur\u0103\u021bare profund\u0103 a filtrului prin suflarea particulelor r\u0103mase pe acesta.<\/p>\n\t\t<\/div>\n\t\t\t\t\t<\/div>\n\n\t\n\n\t<div id=\"col-1562931180\" class=\"col medium-5 small-12 large-5\"  >\n\t\t\t\t<div class=\"col-inner\"  >\n\t\t\t\n\t\t\t\n\t<div class=\"img has-hover x md-x lg-x y md-y lg-y\" id=\"image_1124267847\">\n\t\t\t\t\t\t\t\t<div class=\"img-inner image-cover dark\" style=\"padding-top:245px;\">\n\t\t\t<img decoding=\"async\" width=\"976\" height=\"726\" src=\"https:\/\/cool-style.md\/wp-content\/uploads\/2024\/12\/Cool-style.md-JRL-Forte-Pro-Dryer-details-.jpg\" class=\"attachment-large size-large\" alt=\"Cool-style.md JRL Forte Pro Dryer details\" srcset=\"https:\/\/cool-style.md\/wp-content\/uploads\/2024\/12\/Cool-style.md-JRL-Forte-Pro-Dryer-details-.jpg 976w, https:\/\/cool-style.md\/wp-content\/uploads\/2024\/12\/Cool-style.md-JRL-Forte-Pro-Dryer-details--538x400.jpg 538w, https:\/\/cool-style.md\/wp-content\/uploads\/2024\/12\/Cool-style.md-JRL-Forte-Pro-Dryer-details--768x571.jpg 768w, https:\/\/cool-style.md\/wp-content\/uploads\/2024\/12\/Cool-style.md-JRL-Forte-Pro-Dryer-details--510x379.jpg 510w\" sizes=\"(max-width: 976px) 100vw, 976px\" \/>\t\t\t\t\t\t\n\t\t\t\t\t<\/div>\n\t\t\t\t\t\t\t\t\n<style>\n#image_1124267847 {\n  width: 100%;\n}\n<\/style>\n\t<\/div>\n\t\n\t\t<\/div>\n\t\t\t\t\t<\/div>\n\n\t\n\n\t<div id=\"col-678427976\" class=\"col medium-5 small-12 large-5\"  >\n\t\t\t\t<div class=\"col-inner\"  >\n\t\t\t\n\t\t\t\n\t<div class=\"img has-hover x md-x lg-x y md-y lg-y\" id=\"image_885755934\">\n\t\t\t\t\t\t\t\t<div class=\"img-inner image-cover dark\" style=\"padding-top:245px;\">\n\t\t\t<img decoding=\"async\" width=\"959\" height=\"800\" src=\"https:\/\/cool-style.md\/wp-content\/uploads\/2024\/12\/Cool-style.md-JRL-Forte-Pro-Dryer-details-1-1-959x800.jpg\" class=\"attachment-large size-large\" alt=\"Cool-style.md JRL Forte Pro Dryer details\" srcset=\"https:\/\/cool-style.md\/wp-content\/uploads\/2024\/12\/Cool-style.md-JRL-Forte-Pro-Dryer-details-1-1-959x800.jpg 959w, https:\/\/cool-style.md\/wp-content\/uploads\/2024\/12\/Cool-style.md-JRL-Forte-Pro-Dryer-details-1-1-480x400.jpg 480w, https:\/\/cool-style.md\/wp-content\/uploads\/2024\/12\/Cool-style.md-JRL-Forte-Pro-Dryer-details-1-1-768x640.jpg 768w, https:\/\/cool-style.md\/wp-content\/uploads\/2024\/12\/Cool-style.md-JRL-Forte-Pro-Dryer-details-1-1-510x425.jpg 510w, https:\/\/cool-style.md\/wp-content\/uploads\/2024\/12\/Cool-style.md-JRL-Forte-Pro-Dryer-details-1-1.jpg 1036w\" sizes=\"(max-width: 959px) 100vw, 959px\" \/>\t\t\t\t\t\t\n\t\t\t\t\t<\/div>\n\t\t\t\t\t\t\t\t\n<style>\n#image_885755934 {\n  width: 100%;\n}\n<\/style>\n\t<\/div>\n\t\n\t\t<\/div>\n\t\t\t\t\t<\/div>\n\n\t\n\n\t<div id=\"col-564786035\" class=\"col medium-7 small-12 large-7\"  >\n\t\t\t\t<div class=\"col-inner\"  >\n\t\t\t\n\t\t\t\n<p><strong>Filtru lavabil pentru o protec\u021bie sporit\u0103 a motorului<\/strong><br \/>\nAcest filtru lavabil inovator prelunge\u0219te durata de via\u021b\u0103 a usc\u0103torului dvs. de p\u0103r prin prevenirea eficient\u0103 a p\u0103trunderii particulelor de murd\u0103rie \u00een motor.<br \/>\nV\u0103 recomand\u0103m s\u0103 cur\u0103\u021ba\u021bi filtrul de cel pu\u021bin dou\u0103 ori pe s\u0103pt\u0103m\u00e2n\u0103 cu o perie de cur\u0103\u021bare curat\u0103 pentru a asigura o func\u021bionare eficient\u0103.<\/p>\n\t\t<\/div>\n\t\t\t\t\t<\/div>\n\n\t\n\n\t<div id=\"col-799827229\" class=\"col small-12 large-12\"  >\n\t\t\t\t<div class=\"col-inner\"  >\n\t\t\t\n\t\t\t\n<p style=\"text-align: center;\"><strong>Generatorul avansat de ioni \u00eencorporat ajut\u0103 la reducerea timpului de uscare, reduce statica, oferind hidratare.<\/strong><\/p>\n\t<div class=\"img has-hover x md-x lg-x y md-y lg-y\" id=\"image_1134593555\">\n\t\t\t\t\t\t\t\t<div class=\"img-inner dark\" >\n\t\t\t<img decoding=\"async\" width=\"1020\" height=\"533\" src=\"https:\/\/cool-style.md\/wp-content\/uploads\/2024\/12\/Cool-style.md-JRL-Forte-Pro-Dryer-details-RO-1400x731.jpg\" class=\"attachment-large size-large\" alt=\"\" srcset=\"https:\/\/cool-style.md\/wp-content\/uploads\/2024\/12\/Cool-style.md-JRL-Forte-Pro-Dryer-details-RO-1400x731.jpg 1400w, https:\/\/cool-style.md\/wp-content\/uploads\/2024\/12\/Cool-style.md-JRL-Forte-Pro-Dryer-details-RO-766x400.jpg 766w, https:\/\/cool-style.md\/wp-content\/uploads\/2024\/12\/Cool-style.md-JRL-Forte-Pro-Dryer-details-RO-768x401.jpg 768w, https:\/\/cool-style.md\/wp-content\/uploads\/2024\/12\/Cool-style.md-JRL-Forte-Pro-Dryer-details-RO-1536x802.jpg 1536w, https:\/\/cool-style.md\/wp-content\/uploads\/2024\/12\/Cool-style.md-JRL-Forte-Pro-Dryer-details-RO-510x266.jpg 510w, https:\/\/cool-style.md\/wp-content\/uploads\/2024\/12\/Cool-style.md-JRL-Forte-Pro-Dryer-details-RO.jpg 1920w\" sizes=\"(max-width: 1020px) 100vw, 1020px\" \/>\t\t\t\t\t\t\n\t\t\t\t\t<\/div>\n\t\t\t\t\t\t\t\t\n<style>\n#image_1134593555 {\n  width: 100%;\n}\n<\/style>\n\t<\/div>\n\t\n\t\t<\/div>\n\t\t\t\t\t<\/div>\n\n\t\n\n\t<div id=\"col-95550913\" class=\"col medium-5 small-12 large-5\"  >\n\t\t\t\t<div class=\"col-inner\"  >\n\t\t\t\n\t\t\t\n\t<div class=\"img has-hover x md-x lg-x y md-y lg-y\" id=\"image_855356218\">\n\t\t\t\t\t\t\t\t<div class=\"img-inner image-cover dark\" style=\"padding-top:245px;\">\n\t\t\t<img decoding=\"async\" width=\"1020\" height=\"738\" src=\"https:\/\/cool-style.md\/wp-content\/uploads\/2024\/12\/Cool-style.md-JRL-Forte-Pro-Dryer-details-RO-1-1105x800.jpg\" class=\"attachment-large size-large\" alt=\"Cool-style.md JRL Forte Pro Dryer details RO\" srcset=\"https:\/\/cool-style.md\/wp-content\/uploads\/2024\/12\/Cool-style.md-JRL-Forte-Pro-Dryer-details-RO-1-1105x800.jpg 1105w, https:\/\/cool-style.md\/wp-content\/uploads\/2024\/12\/Cool-style.md-JRL-Forte-Pro-Dryer-details-RO-1-552x400.jpg 552w, https:\/\/cool-style.md\/wp-content\/uploads\/2024\/12\/Cool-style.md-JRL-Forte-Pro-Dryer-details-RO-1-768x556.jpg 768w, https:\/\/cool-style.md\/wp-content\/uploads\/2024\/12\/Cool-style.md-JRL-Forte-Pro-Dryer-details-RO-1-510x369.jpg 510w, https:\/\/cool-style.md\/wp-content\/uploads\/2024\/12\/Cool-style.md-JRL-Forte-Pro-Dryer-details-RO-1.jpg 1497w\" sizes=\"(max-width: 1020px) 100vw, 1020px\" \/>\t\t\t\t\t\t\n\t\t\t\t\t<\/div>\n\t\t\t\t\t\t\t\t\n<style>\n#image_855356218 {\n  width: 100%;\n}\n<\/style>\n\t<\/div>\n\t\n\t\t<\/div>\n\t\t\t\t\t<\/div>\n\n\t\n\n\t<div id=\"col-1174778431\" class=\"col medium-7 small-12 large-7\"  >\n\t\t\t\t<div class=\"col-inner\"  >\n\t\t\t\n\t\t\t\n<p><strong>Func\u021bia de memorare<\/strong><br \/>\nAceast\u0103 func\u021bie permite usc\u0103torului s\u0103 memoreze set\u0103rile de vitez\u0103 \u0219i temperatur\u0103 selectate.<br \/>\n<strong>Set\u0103ri precise<\/strong><br \/>\nButonul Cool shot are 3 set\u0103ri de temperatur\u0103 \u0219i 3 set\u0103ri de vitez\u0103.<\/p>\n\t\t<\/div>\n\t\t\t\t\t<\/div>\n\n\t\n\n\t<div id=\"col-1786195230\" class=\"col small-12 large-12\"  >\n\t\t\t\t<div class=\"col-inner text-center\"  >\n\t\t\t\n\t\t\t\n<p style=\"text-align: center;\"><strong>Ultra-u\u0219or \u0219i compact<\/strong><\/p>\n\t<div class=\"img has-hover x md-x lg-x y md-y lg-y\" id=\"image_1907913069\">\n\t\t\t\t\t\t\t\t<div class=\"img-inner dark\" >\n\t\t\t<img decoding=\"async\" width=\"1020\" height=\"396\" src=\"https:\/\/cool-style.md\/wp-content\/uploads\/2024\/12\/Cool-style.md-JRL-Forte-Pro-Dryer-details-1-4.jpg\" class=\"attachment-large size-large\" alt=\"Cool-style.md JRL Forte Pro Dryer details\" srcset=\"https:\/\/cool-style.md\/wp-content\/uploads\/2024\/12\/Cool-style.md-JRL-Forte-Pro-Dryer-details-1-4.jpg 1350w, https:\/\/cool-style.md\/wp-content\/uploads\/2024\/12\/Cool-style.md-JRL-Forte-Pro-Dryer-details-1-4-800x311.jpg 800w, https:\/\/cool-style.md\/wp-content\/uploads\/2024\/12\/Cool-style.md-JRL-Forte-Pro-Dryer-details-1-4-768x298.jpg 768w, https:\/\/cool-style.md\/wp-content\/uploads\/2024\/12\/Cool-style.md-JRL-Forte-Pro-Dryer-details-1-4-510x198.jpg 510w\" sizes=\"(max-width: 1020px) 100vw, 1020px\" \/>\t\t\t\t\t\t\n\t\t\t\t\t<\/div>\n\t\t\t\t\t\t\t\t\n<style>\n#image_1907913069 {\n  width: 70%;\n}\n<\/style>\n\t<\/div>\n\t\n\n\t\t<\/div>\n\t\t\t\t\t<\/div>\n\n\t\n<\/div>","protected":false},"excerpt":{"rendered":"<p><span style=\"font-size: 100%;\">JRL Forte Pro Dryer &#8211; usc\u0103tor de p\u0103r ionizant profesional.<\/span><span style=\"font-size: 100%;\"><\/span><\/p>\n","protected":false},"featured_media":4004,"template":"","meta":[],"product_brand":[],"product_cat":[29,246],"product_tag":[],"class_list":{"0":"post-4000","1":"product","2":"type-product","3":"status-publish","4":"has-post-thumbnail","6":"product_cat-accesorii","7":"product_cat-tehnica-de-styling","8":"pa_brand-jrl-professional","9":"pa_felul-produsului-uscator-de-par","10":"pa_producator-china","12":"first","13":"instock","14":"featured","15":"shipping-taxable","16":"purchasable","17":"product-type-simple"},"_links":{"self":[{"href":"https:\/\/cool-style.md\/ro\/wp-json\/wp\/v2\/product\/4000","targetHints":{"allow":["GET"]}}],"collection":[{"href":"https:\/\/cool-style.md\/ro\/wp-json\/wp\/v2\/product"}],"about":[{"href":"https:\/\/cool-style.md\/ro\/wp-json\/wp\/v2\/types\/product"}],"wp:featuredmedia":[{"embeddable":true,"href":"https:\/\/cool-style.md\/ro\/wp-json\/wp\/v2\/media\/4004"}],"wp:attachment":[{"href":"https:\/\/cool-style.md\/ro\/wp-json\/wp\/v2\/media?parent=4000"}],"wp:term":[{"taxonomy":"product_brand","embeddable":true,"href":"https:\/\/cool-style.md\/ro\/wp-json\/wp\/v2\/product_brand?post=4000"},{"taxonomy":"product_cat","embeddable":true,"href":"https:\/\/cool-style.md\/ro\/wp-json\/wp\/v2\/product_cat?post=4000"},{"taxonomy":"product_tag","embeddable":true,"href":"https:\/\/cool-style.md\/ro\/wp-json\/wp\/v2\/product_tag?post=4000"}],"curies":[{"name":"wp","href":"https:\/\/api.w.org\/{rel}","templated":true}]}}