{"id":4013,"date":"2024-12-09T16:29:12","date_gmt":"2024-12-09T16:29:12","guid":{"rendered":"https:\/\/cool-style.md\/?post_type=product&#038;p=4013"},"modified":"2026-01-12T20:04:23","modified_gmt":"2026-01-12T20:04:23","slug":"jrl-onyx-hair-trimmer","status":"publish","type":"product","link":"https:\/\/cool-style.md\/ro\/product\/jrl-onyx-hair-trimmer\/","title":{"rendered":"Trimmer JRL Onyx Hair Trimmer Black 2020T-B"},"content":{"rendered":"<h2 style=\"text-align: center;\">Trimmer JRL Onyx Hair Trimmer Black<\/h2>\n<p><span style=\"font-size: 100%;\"><a href=\"https:\/\/cool-style.md\/wp-content\/uploads\/2024\/12\/Cool-style.md-JRL-Onyx-Professional-Cordless-Hair-Trimmer-.jpg\"><img decoding=\"async\" class=\"size-medium wp-image-4014 alignleft\" src=\"https:\/\/cool-style.md\/wp-content\/uploads\/2024\/12\/Cool-style.md-JRL-Onyx-Professional-Cordless-Hair-Trimmer--400x400.jpg\" alt=\"Cool-style.md JRL Onyx Hair Trimmer\" width=\"400\" height=\"400\" srcset=\"https:\/\/cool-style.md\/wp-content\/uploads\/2024\/12\/Cool-style.md-JRL-Onyx-Professional-Cordless-Hair-Trimmer--400x400.jpg 400w, https:\/\/cool-style.md\/wp-content\/uploads\/2024\/12\/Cool-style.md-JRL-Onyx-Professional-Cordless-Hair-Trimmer--800x800.jpg 800w, https:\/\/cool-style.md\/wp-content\/uploads\/2024\/12\/Cool-style.md-JRL-Onyx-Professional-Cordless-Hair-Trimmer--280x280.jpg 280w, https:\/\/cool-style.md\/wp-content\/uploads\/2024\/12\/Cool-style.md-JRL-Onyx-Professional-Cordless-Hair-Trimmer--768x768.jpg 768w, https:\/\/cool-style.md\/wp-content\/uploads\/2024\/12\/Cool-style.md-JRL-Onyx-Professional-Cordless-Hair-Trimmer--300x300.jpg 300w, https:\/\/cool-style.md\/wp-content\/uploads\/2024\/12\/Cool-style.md-JRL-Onyx-Professional-Cordless-Hair-Trimmer--510x510.jpg 510w, https:\/\/cool-style.md\/wp-content\/uploads\/2024\/12\/Cool-style.md-JRL-Onyx-Professional-Cordless-Hair-Trimmer--100x100.jpg 100w, https:\/\/cool-style.md\/wp-content\/uploads\/2024\/12\/Cool-style.md-JRL-Onyx-Professional-Cordless-Hair-Trimmer-.jpg 1500w\" sizes=\"(max-width: 400px) 100vw, 400px\" \/><\/a>Trimmer profesional de la produc\u0103torul <a href=\"https:\/\/www.jrlusa.com\/\" target=\"_blank\" rel=\"noopener\">JRL Professional<\/a> cu design \u0219i func\u021bionalitate excelent\u0103.<\/span><\/p>\n<ul>\n<li>Lama patentat\u0103 Onyx EZ-GAP M ofer\u0103 o t\u0103iere curat\u0103, f\u0103r\u0103 cusur;<\/li>\n<li>Tehnologia patentat\u0103 Smart-Clip: trimmerul detecteaz\u0103 rezisten\u021ba lamei \u0219i cre\u0219te viteza motorului, astfel \u00eenc\u00e2t trimmerul nu trage sau nu se opre\u0219te niciodat\u0103;<\/li>\n<li>Timp de func\u021bionare de 3,5 ore;<\/li>\n<li>8200 rota\u021bii pe minut;<\/li>\n<li>Motorul superior dureaz\u0103 p\u00e2n\u0103 la 1.000 de ore;<\/li>\n<li>Lam\u0103 T ultra ascu\u021bit\u0103 360\u02da: Ideal\u0103 pentru tundere, stilizare \u0219i b\u0103rbierit uscat;<\/li>\n<li>Vine cu dock de \u00eenc\u0103rcare.<\/li>\n<\/ul>\n<p><span style=\"font-size: 100%;\"><\/span><\/p>","protected":false},"excerpt":{"rendered":"<p><span style=\"font-size: 100%;\">JRL Onyx Hair Trimmer Black &#8211; aparat profesional pentru tuns.<\/span><span style=\"font-size: 100%;\"><\/span><\/p>\n","protected":false},"featured_media":7559,"template":"","meta":[],"product_brand":[],"product_cat":[177,29],"product_tag":[],"class_list":{"0":"post-4013","1":"product","2":"type-product","3":"status-publish","4":"has-post-thumbnail","6":"product_cat-aparate-de-tuns","7":"product_cat-accesorii","8":"pa_brand-jrl-professional","9":"pa_felul-produsului-trimmer","10":"pa_producator-china","12":"first","13":"instock","14":"featured","15":"shipping-taxable","16":"purchasable","17":"product-type-simple"},"_links":{"self":[{"href":"https:\/\/cool-style.md\/ro\/wp-json\/wp\/v2\/product\/4013","targetHints":{"allow":["GET"]}}],"collection":[{"href":"https:\/\/cool-style.md\/ro\/wp-json\/wp\/v2\/product"}],"about":[{"href":"https:\/\/cool-style.md\/ro\/wp-json\/wp\/v2\/types\/product"}],"wp:featuredmedia":[{"embeddable":true,"href":"https:\/\/cool-style.md\/ro\/wp-json\/wp\/v2\/media\/7559"}],"wp:attachment":[{"href":"https:\/\/cool-style.md\/ro\/wp-json\/wp\/v2\/media?parent=4013"}],"wp:term":[{"taxonomy":"product_brand","embeddable":true,"href":"https:\/\/cool-style.md\/ro\/wp-json\/wp\/v2\/product_brand?post=4013"},{"taxonomy":"product_cat","embeddable":true,"href":"https:\/\/cool-style.md\/ro\/wp-json\/wp\/v2\/product_cat?post=4013"},{"taxonomy":"product_tag","embeddable":true,"href":"https:\/\/cool-style.md\/ro\/wp-json\/wp\/v2\/product_tag?post=4013"}],"curies":[{"name":"wp","href":"https:\/\/api.w.org\/{rel}","templated":true}]}}