{"id":4016,"date":"2024-12-09T16:29:11","date_gmt":"2024-12-09T16:29:11","guid":{"rendered":"https:\/\/cool-style.md\/?post_type=product&#038;p=4016"},"modified":"2026-01-12T19:35:12","modified_gmt":"2026-01-12T19:35:12","slug":"jrl-onyx-sf-pro-shaver","status":"publish","type":"product","link":"https:\/\/cool-style.md\/ro\/product\/jrl-onyx-sf-pro-shaver\/","title":{"rendered":"Aparat de ras JRL Onyx SF PRO-Shaver"},"content":{"rendered":"<h2 style=\"text-align: center;\">Aparat de ras JRL Onyx SF PRO-Shaver<\/h2>\n<p><span style=\"font-size: 100%;\"><a href=\"https:\/\/cool-style.md\/wp-content\/uploads\/2024\/12\/Cool-style.md-JRL-Onyx-SF-PRO-Shaver-.jpg\"><img decoding=\"async\" class=\"size-medium wp-image-4017 alignleft\" src=\"https:\/\/cool-style.md\/wp-content\/uploads\/2024\/12\/Cool-style.md-JRL-Onyx-SF-PRO-Shaver--400x400.jpg\" alt=\"Cool-style.md JRL Onyx SF PRO-Shaver\" width=\"400\" height=\"400\" srcset=\"https:\/\/cool-style.md\/wp-content\/uploads\/2024\/12\/Cool-style.md-JRL-Onyx-SF-PRO-Shaver--400x400.jpg 400w, https:\/\/cool-style.md\/wp-content\/uploads\/2024\/12\/Cool-style.md-JRL-Onyx-SF-PRO-Shaver--800x800.jpg 800w, https:\/\/cool-style.md\/wp-content\/uploads\/2024\/12\/Cool-style.md-JRL-Onyx-SF-PRO-Shaver--280x280.jpg 280w, https:\/\/cool-style.md\/wp-content\/uploads\/2024\/12\/Cool-style.md-JRL-Onyx-SF-PRO-Shaver--768x768.jpg 768w, https:\/\/cool-style.md\/wp-content\/uploads\/2024\/12\/Cool-style.md-JRL-Onyx-SF-PRO-Shaver--300x300.jpg 300w, https:\/\/cool-style.md\/wp-content\/uploads\/2024\/12\/Cool-style.md-JRL-Onyx-SF-PRO-Shaver--510x510.jpg 510w, https:\/\/cool-style.md\/wp-content\/uploads\/2024\/12\/Cool-style.md-JRL-Onyx-SF-PRO-Shaver--100x100.jpg 100w, https:\/\/cool-style.md\/wp-content\/uploads\/2024\/12\/Cool-style.md-JRL-Onyx-SF-PRO-Shaver-.jpg 1500w\" sizes=\"(max-width: 400px) 100vw, 400px\" \/><\/a><a href=\"https:\/\/cool-style.md\/accesorii\/aparate-de-tuns\/\">Aparat de ras<\/a> profesional de la produc\u0103torul <a href=\"https:\/\/www.jrlusa.com\/\" target=\"_blank\" rel=\"noopener\">JRL Professional<\/a> cu design \u0219i func\u021bionalitate excelent\u0103.<\/span><\/p>\n<ul>\n<li>Tehnologia magnetic\u0103 patentat\u0103 suspend\u0103 lamele f\u0103r\u0103 suport fizic pentru un b\u0103rbierit neted \u0219i uniform<\/li>\n<li>Ultra sub\u021bire, ofer\u0103 o t\u0103iere foarte str\u00e2ns\u0103 f\u0103r\u0103 presiune<\/li>\n<li>Super puternic \u0219i durabil<\/li>\n<li>Motor puternic de 8000 rpm<\/li>\n<li>Timp de \u00eenc\u0103rcare 2 ore = 3 ore de func\u021bionare; afi\u0219ajul LED indic\u0103 starea bateriei<\/li>\n<li>Zgomot redus datorit\u0103 sistemului de lame cu levita\u021bie magnetic\u0103<\/li>\n<li>Utilizare f\u0103r\u0103 fir sau cu cablu<\/li>\n<\/ul>\n<p><span style=\"font-size: 100%;\"><\/span><\/p>","protected":false},"excerpt":{"rendered":"<p><span style=\"font-size: 100%;\">JRL Onyx SF PRO-Shaver &#8211; aparat profesional pentru ras.<\/span><span style=\"font-size: 100%;\"><\/span><\/p>\n","protected":false},"featured_media":4021,"template":"","meta":[],"product_brand":[],"product_cat":[177,29],"product_tag":[],"class_list":{"0":"post-4016","1":"product","2":"type-product","3":"status-publish","4":"has-post-thumbnail","6":"product_cat-aparate-de-tuns","7":"product_cat-accesorii","8":"pa_brand-jrl-professional","9":"pa_felul-produsului-aparat-de-ras","10":"pa_producator-china","12":"first","13":"instock","14":"featured","15":"shipping-taxable","16":"purchasable","17":"product-type-simple"},"_links":{"self":[{"href":"https:\/\/cool-style.md\/ro\/wp-json\/wp\/v2\/product\/4016","targetHints":{"allow":["GET"]}}],"collection":[{"href":"https:\/\/cool-style.md\/ro\/wp-json\/wp\/v2\/product"}],"about":[{"href":"https:\/\/cool-style.md\/ro\/wp-json\/wp\/v2\/types\/product"}],"wp:featuredmedia":[{"embeddable":true,"href":"https:\/\/cool-style.md\/ro\/wp-json\/wp\/v2\/media\/4021"}],"wp:attachment":[{"href":"https:\/\/cool-style.md\/ro\/wp-json\/wp\/v2\/media?parent=4016"}],"wp:term":[{"taxonomy":"product_brand","embeddable":true,"href":"https:\/\/cool-style.md\/ro\/wp-json\/wp\/v2\/product_brand?post=4016"},{"taxonomy":"product_cat","embeddable":true,"href":"https:\/\/cool-style.md\/ro\/wp-json\/wp\/v2\/product_cat?post=4016"},{"taxonomy":"product_tag","embeddable":true,"href":"https:\/\/cool-style.md\/ro\/wp-json\/wp\/v2\/product_tag?post=4016"}],"curies":[{"name":"wp","href":"https:\/\/api.w.org\/{rel}","templated":true}]}}