{"id":4034,"date":"2024-12-09T16:29:09","date_gmt":"2024-12-09T16:29:09","guid":{"rendered":"https:\/\/cool-style.md\/?post_type=product&#038;p=4034"},"modified":"2026-01-12T19:33:53","modified_gmt":"2026-01-12T19:33:53","slug":"jrl-ghost-collection-3","status":"publish","type":"product","link":"https:\/\/cool-style.md\/ro\/product\/jrl-ghost-collection-3\/","title":{"rendered":"Set usc\u0103tor de p\u0103r, ma\u0219in\u0103 de tuns, trimmer \u0219i aparat de ras JRL Ghost Collection 3"},"content":{"rendered":"<h2 style=\"text-align: center;\">Set usc\u0103tor de p\u0103r, ma\u0219in\u0103 de tuns, trimmer \u0219i aparat de ras JRL Ghost Collection 3<\/h2>\n<p><span style=\"font-size: 100%;\">Set de <a href=\"https:\/\/cool-style.md\/accesorii\/aparate-de-tuns\/\">aparate profesionale<\/a> de tuns\u00a0de la produc\u0103torul <a href=\"https:\/\/www.jrlusa.com\/\" target=\"_blank\" rel=\"noopener\">JRL Professional<\/a> cu design \u0219i func\u021bionalitate excelent\u0103. Include: 1 x aparat de tuns GHOST 2020C, 1 x trimmer GHOST 2020T cu lam\u0103 EZ-M GAP, 1 x aparat de ras GHOST SF, 1 x usc\u0103tor de p\u0103r Ghost Forte Pro, 1 x sta\u021bie de \u00eenc\u0103rcare, 1 x \u0219urubelni\u021b\u0103, 1 x perie, 1 x ulei lubrifiant, 1 x ap\u0103r\u0103toare lamei, 1 x set de accesorii de protec\u021bie.<\/span><\/p>\n<h3><span style=\"font-size: 100%;\"><a href=\"https:\/\/cool-style.md\/wp-content\/uploads\/2024\/12\/Cool-style.md-JRL-Ghost-Forte-PRO-Dryer.jpg\"><img decoding=\"async\" class=\"alignleft wp-image-4036\" src=\"https:\/\/cool-style.md\/wp-content\/uploads\/2024\/12\/Cool-style.md-JRL-Ghost-Forte-PRO-Dryer-400x400.jpg\" alt=\"Cool-style.md JRL Ghost Forte PRO Dryer\" width=\"260\" height=\"260\" srcset=\"https:\/\/cool-style.md\/wp-content\/uploads\/2024\/12\/Cool-style.md-JRL-Ghost-Forte-PRO-Dryer-400x400.jpg 400w, https:\/\/cool-style.md\/wp-content\/uploads\/2024\/12\/Cool-style.md-JRL-Ghost-Forte-PRO-Dryer-800x800.jpg 800w, https:\/\/cool-style.md\/wp-content\/uploads\/2024\/12\/Cool-style.md-JRL-Ghost-Forte-PRO-Dryer-280x280.jpg 280w, https:\/\/cool-style.md\/wp-content\/uploads\/2024\/12\/Cool-style.md-JRL-Ghost-Forte-PRO-Dryer-768x768.jpg 768w, https:\/\/cool-style.md\/wp-content\/uploads\/2024\/12\/Cool-style.md-JRL-Ghost-Forte-PRO-Dryer-300x300.jpg 300w, https:\/\/cool-style.md\/wp-content\/uploads\/2024\/12\/Cool-style.md-JRL-Ghost-Forte-PRO-Dryer-510x510.jpg 510w, https:\/\/cool-style.md\/wp-content\/uploads\/2024\/12\/Cool-style.md-JRL-Ghost-Forte-PRO-Dryer-100x100.jpg 100w, https:\/\/cool-style.md\/wp-content\/uploads\/2024\/12\/Cool-style.md-JRL-Ghost-Forte-PRO-Dryer.jpg 966w\" sizes=\"(max-width: 260px) 100vw, 260px\" \/><\/a>Usc\u0103tor de p\u0103r profesional <a href=\"https:\/\/cool-style.md\/product\/jrl-forte-pro-dryer\/\">Ghost Forte PRO Dryer<\/a><br \/>\n<\/span><\/h3>\n<ul>\n<li>Puternic \u0219i rapid, cu viteze ale motorului de p\u00e2n\u0103 la 95.000 RPM \u0219i putere de 1.850W;<\/li>\n<li>Func\u021bie de cur\u0103\u021bare automat\u0103;<\/li>\n<li>Filtru lavabil pentru \u00eembun\u0103t\u0103\u021birea protec\u021biei motorului;<\/li>\n<li>Generatorul avansat de ioni \u00eencorporat ajut\u0103 la reducerea timpului de uscare Frizz &amp; Static, oferind \u00een acela\u0219i timp hidratare;<\/li>\n<li>Lumina LED JRL indic\u0103 starea usc\u0103torului. De exemplu, avertizare de cur\u0103\u021bare regulat\u0103, avertizare de autocur\u0103\u021bare;<\/li>\n<li>Ultra u\u0219or \u0219i compact.<\/li>\n<\/ul>\n<p><a href=\"https:\/\/cool-style.md\/wp-content\/uploads\/2024\/12\/Cool-style.md-GHOST-Professional-Cordless-Hair-Clipper.jpg\"><img decoding=\"async\" class=\"alignleft wp-image-4029\" src=\"https:\/\/cool-style.md\/wp-content\/uploads\/2024\/12\/Cool-style.md-GHOST-Professional-Cordless-Hair-Clipper-400x400.jpg\" alt=\"Cool-style.md GHOST Professional Cordless Hair Clipper\" width=\"260\" height=\"260\" srcset=\"https:\/\/cool-style.md\/wp-content\/uploads\/2024\/12\/Cool-style.md-GHOST-Professional-Cordless-Hair-Clipper-400x400.jpg 400w, https:\/\/cool-style.md\/wp-content\/uploads\/2024\/12\/Cool-style.md-GHOST-Professional-Cordless-Hair-Clipper-800x800.jpg 800w, https:\/\/cool-style.md\/wp-content\/uploads\/2024\/12\/Cool-style.md-GHOST-Professional-Cordless-Hair-Clipper-280x280.jpg 280w, https:\/\/cool-style.md\/wp-content\/uploads\/2024\/12\/Cool-style.md-GHOST-Professional-Cordless-Hair-Clipper-768x768.jpg 768w, https:\/\/cool-style.md\/wp-content\/uploads\/2024\/12\/Cool-style.md-GHOST-Professional-Cordless-Hair-Clipper-300x300.jpg 300w, https:\/\/cool-style.md\/wp-content\/uploads\/2024\/12\/Cool-style.md-GHOST-Professional-Cordless-Hair-Clipper-510x510.jpg 510w, https:\/\/cool-style.md\/wp-content\/uploads\/2024\/12\/Cool-style.md-GHOST-Professional-Cordless-Hair-Clipper-100x100.jpg 100w, https:\/\/cool-style.md\/wp-content\/uploads\/2024\/12\/Cool-style.md-GHOST-Professional-Cordless-Hair-Clipper.jpg 1500w\" sizes=\"(max-width: 260px) 100vw, 260px\" \/><\/a><\/p>\n<h3><span style=\"font-size: 100%;\">Ma\u0219in\u0103 de tuns profesional\u0103 Ghost Professional Cordless Hair Clipper<\/span><\/h3>\n<ul>\n<li>Tehnologia patentat\u0103 Reset IQ Charge &#8211; o nou\u0103 metod\u0103 de \u00eenc\u0103rcare care prelunge\u0219te durata de via\u021b\u0103 a bateriei;<\/li>\n<li>3 ore pentru \u00eenc\u0103rcare normal\u0103, 5 ore pentru Reset IQ Charging;<\/li>\n<li>Tehnologie Smart-Clip patentat\u0103 &#8211; detecteaz\u0103 rezisten\u021ba lamei \u0219i cre\u0219te viteza motorului, astfel \u00eenc\u00e2t ma\u0219ina de tuns nu va aluneca sau bloca niciodat\u0103;<\/li>\n<li>Putere constant\u0103 &#8211; 2 ajust\u0103ri ale vitezei pentru versatilitate de t\u0103iere, 6000 \u0219i 7500 rpm, \u0219i men\u021bine viteza \u00een timpul lucrului;<\/li>\n<li>Echipat cu lam\u0103 Onyx Fade Precision Blade &#8211; Ajut\u0103 la ob\u021binerea unui aspect proasp\u0103t de decolorare, max. lungime: 3,5 mm;<\/li>\n<li>Motor silen\u021bios &#8211; creeaz\u0103 un mediu de lucru lini\u0219tit;<\/li>\n<li>Timp maxim de func\u021bionare 5 ore &#8211; 3 ore de \u00eenc\u0103rcare asigur\u0103 5 ore de via\u021b\u0103 a bateriei;<\/li>\n<li>Func\u021bie avansat\u0103 de blocare a p\u00e2rghiei &#8211; 5 ajust\u0103ri de nivel fixe cu control continuu care dureaz\u0103 pentru utilizare pe termen lung;<\/li>\n<li>Tehnologie Cool Blade patentat\u0103 &#8211; Materialul special men\u021bine lama rece la atingere, f\u0103c\u00e2nd-o mai rece dec\u00e2t majoritatea ma\u0219inilor de tuns \u00eentr-un test de 30 de minute;<\/li>\n<li>Afi\u0219aj LED &#8211; Afi\u0219ajul LED arat\u0103 durata de via\u021b\u0103 r\u0103mas\u0103 a bateriei la setarea curent\u0103 a vitezei.<\/li>\n<\/ul>\n<p><a href=\"https:\/\/cool-style.md\/wp-content\/uploads\/2024\/12\/Cool-style.md-GHOST-Professional-Cordless-Hair-Trimmer.jpg\"><img decoding=\"async\" class=\"wp-image-4030 alignleft\" src=\"https:\/\/cool-style.md\/wp-content\/uploads\/2024\/12\/Cool-style.md-GHOST-Professional-Cordless-Hair-Trimmer-400x400.jpg\" alt=\"Cool-style.md GHOST Professional Cordless Hair Trimmer\" width=\"260\" height=\"260\" srcset=\"https:\/\/cool-style.md\/wp-content\/uploads\/2024\/12\/Cool-style.md-GHOST-Professional-Cordless-Hair-Trimmer-400x400.jpg 400w, https:\/\/cool-style.md\/wp-content\/uploads\/2024\/12\/Cool-style.md-GHOST-Professional-Cordless-Hair-Trimmer-800x800.jpg 800w, https:\/\/cool-style.md\/wp-content\/uploads\/2024\/12\/Cool-style.md-GHOST-Professional-Cordless-Hair-Trimmer-280x280.jpg 280w, https:\/\/cool-style.md\/wp-content\/uploads\/2024\/12\/Cool-style.md-GHOST-Professional-Cordless-Hair-Trimmer-768x768.jpg 768w, https:\/\/cool-style.md\/wp-content\/uploads\/2024\/12\/Cool-style.md-GHOST-Professional-Cordless-Hair-Trimmer-300x300.jpg 300w, https:\/\/cool-style.md\/wp-content\/uploads\/2024\/12\/Cool-style.md-GHOST-Professional-Cordless-Hair-Trimmer-510x510.jpg 510w, https:\/\/cool-style.md\/wp-content\/uploads\/2024\/12\/Cool-style.md-GHOST-Professional-Cordless-Hair-Trimmer-100x100.jpg 100w, https:\/\/cool-style.md\/wp-content\/uploads\/2024\/12\/Cool-style.md-GHOST-Professional-Cordless-Hair-Trimmer.jpg 1500w\" sizes=\"(max-width: 260px) 100vw, 260px\" \/><\/a><\/p>\n<h3><span style=\"font-size: 100%;\">Trimmer profesional Ghost Professional Cordless Hair Trimmer<\/span><\/h3>\n<ul>\n<li>Lama brevetat\u0103 Onyx EZ-GAP M garanteaz\u0103 de fiecare dat\u0103 un b\u0103rbierit atent, impecabil, f\u0103r\u0103 goluri;<\/li>\n<li>Tehnologie Smart-Clip patentat\u0103 &#8211; detecteaz\u0103 rezisten\u021ba lamei \u0219i cre\u0219te viteza motorului, astfel \u00eenc\u00e2t ma\u0219ina de tuns nu va aluneca sau bloca niciodat\u0103;<\/li>\n<li>3,5 ore de func\u021bionare f\u0103r\u0103 re\u00eenc\u0103rcare;<\/li>\n<li>8200 rpm;<\/li>\n<li>Motorul superior dureaz\u0103 p\u00e2n\u0103 la 1000 de ore;<\/li>\n<li>Lam\u0103 ultra-sub\u021bire, deschis\u0103 la 360\u00b0;<\/li>\n<\/ul>\n<h3><a href=\"https:\/\/cool-style.md\/wp-content\/uploads\/2024\/12\/Cool-style.md-JRL-Ghost-SF-PRO-Shaver.jpg\"><img decoding=\"async\" class=\"alignleft wp-image-4032\" src=\"https:\/\/cool-style.md\/wp-content\/uploads\/2024\/12\/Cool-style.md-JRL-Ghost-SF-PRO-Shaver-400x400.jpg\" alt=\"Cool-style.md JRL Ghost SF PRO-Shaver\" width=\"260\" height=\"260\" srcset=\"https:\/\/cool-style.md\/wp-content\/uploads\/2024\/12\/Cool-style.md-JRL-Ghost-SF-PRO-Shaver-400x400.jpg 400w, https:\/\/cool-style.md\/wp-content\/uploads\/2024\/12\/Cool-style.md-JRL-Ghost-SF-PRO-Shaver-800x800.jpg 800w, https:\/\/cool-style.md\/wp-content\/uploads\/2024\/12\/Cool-style.md-JRL-Ghost-SF-PRO-Shaver-280x280.jpg 280w, https:\/\/cool-style.md\/wp-content\/uploads\/2024\/12\/Cool-style.md-JRL-Ghost-SF-PRO-Shaver-768x768.jpg 768w, https:\/\/cool-style.md\/wp-content\/uploads\/2024\/12\/Cool-style.md-JRL-Ghost-SF-PRO-Shaver-300x300.jpg 300w, https:\/\/cool-style.md\/wp-content\/uploads\/2024\/12\/Cool-style.md-JRL-Ghost-SF-PRO-Shaver-510x510.jpg 510w, https:\/\/cool-style.md\/wp-content\/uploads\/2024\/12\/Cool-style.md-JRL-Ghost-SF-PRO-Shaver-100x100.jpg 100w, https:\/\/cool-style.md\/wp-content\/uploads\/2024\/12\/Cool-style.md-JRL-Ghost-SF-PRO-Shaver.jpg 1500w\" sizes=\"(max-width: 260px) 100vw, 260px\" \/><\/a>Aparat de ras profesional Ghost SF PRO-Shaver<\/h3>\n<ul>\n<li>Tehnologia magnetic\u0103 patentat\u0103 suspend\u0103 lamele f\u0103r\u0103 suport fizic pentru un b\u0103rbierit neted \u0219i uniform;<\/li>\n<li>Super puternic \u0219i durabil;<\/li>\n<li>Motor puternic de 8000 rpm;<\/li>\n<li>Timp de \u00eenc\u0103rcare 2 ore = 3 ore de func\u021bionare; afi\u0219ajul LED indic\u0103 starea bateriei;<\/li>\n<li>Zgomot redus datorit\u0103 sistemului de lame cu levita\u021bie magnetic\u0103;<\/li>\n<li>Utilizare f\u0103r\u0103 fir sau cu cablu.<\/li>\n<\/ul>\n<p><span style=\"font-size: 100%;\"><\/span><\/p>","protected":false},"excerpt":{"rendered":"<p><span style=\"font-size: 100%;\">JRL Ghost Collection &#8211; set de aparate profesionale pentru tuns.<\/span><span style=\"font-size: 100%;\"><\/span><\/p>\n","protected":false},"featured_media":4035,"template":"","meta":[],"product_brand":[],"product_cat":[177,29,246],"product_tag":[],"class_list":{"0":"post-4034","1":"product","2":"type-product","3":"status-publish","4":"has-post-thumbnail","6":"product_cat-aparate-de-tuns","7":"product_cat-accesorii","8":"product_cat-tehnica-de-styling","9":"pa_brand-jrl-professional","10":"pa_felul-produsului-aparat-de-ras","11":"pa_felul-produsului-masina-de-tuns","12":"pa_felul-produsului-trimmer","13":"pa_felul-produsului-uscator-de-par","14":"pa_producator-china","15":"pa_volum-1-set","17":"first","18":"instock","19":"featured","20":"shipping-taxable","21":"purchasable","22":"product-type-simple"},"_links":{"self":[{"href":"https:\/\/cool-style.md\/ro\/wp-json\/wp\/v2\/product\/4034","targetHints":{"allow":["GET"]}}],"collection":[{"href":"https:\/\/cool-style.md\/ro\/wp-json\/wp\/v2\/product"}],"about":[{"href":"https:\/\/cool-style.md\/ro\/wp-json\/wp\/v2\/types\/product"}],"wp:featuredmedia":[{"embeddable":true,"href":"https:\/\/cool-style.md\/ro\/wp-json\/wp\/v2\/media\/4035"}],"wp:attachment":[{"href":"https:\/\/cool-style.md\/ro\/wp-json\/wp\/v2\/media?parent=4034"}],"wp:term":[{"taxonomy":"product_brand","embeddable":true,"href":"https:\/\/cool-style.md\/ro\/wp-json\/wp\/v2\/product_brand?post=4034"},{"taxonomy":"product_cat","embeddable":true,"href":"https:\/\/cool-style.md\/ro\/wp-json\/wp\/v2\/product_cat?post=4034"},{"taxonomy":"product_tag","embeddable":true,"href":"https:\/\/cool-style.md\/ro\/wp-json\/wp\/v2\/product_tag?post=4034"}],"curies":[{"name":"wp","href":"https:\/\/api.w.org\/{rel}","templated":true}]}}