{"id":4037,"date":"2024-12-09T15:29:09","date_gmt":"2024-12-09T15:29:09","guid":{"rendered":"https:\/\/cool-style.md\/?post_type=product&#038;p=4037"},"modified":"2025-04-15T17:36:48","modified_gmt":"2025-04-15T17:36:48","slug":"jrl-ceramic-blade-ff2020t-silver","status":"publish","type":"product","link":"https:\/\/cool-style.md\/ro\/product\/jrl-ceramic-blade-ff2020t-silver\/","title":{"rendered":"Lam\u0103 ceramic\u0103 pentru trimmer JRL Ceramic Blade FF2020T EZ-GAP Silver"},"content":{"rendered":"<h2 style=\"text-align: center;\">Lam\u0103 ceramic\u0103 pentru trimmer JRL Ceramic Blade FF2020T Silver<\/h2>\n<p><span style=\"font-size: 100%;\"><a href=\"https:\/\/cool-style.md\/wp-content\/uploads\/2024\/12\/Cool-style.md-JRL-Ceramic-Blade-FF2020T-Silver-1.jpg\"><img decoding=\"async\" class=\"alignleft wp-image-4039\" src=\"https:\/\/cool-style.md\/wp-content\/uploads\/2024\/12\/Cool-style.md-JRL-Ceramic-Blade-FF2020T-Silver-1-400x400.jpg\" alt=\"Cool-style.md JRL Ceramic Blade FF2020T Silver\" width=\"200\" height=\"200\" srcset=\"https:\/\/cool-style.md\/wp-content\/uploads\/2024\/12\/Cool-style.md-JRL-Ceramic-Blade-FF2020T-Silver-1-400x400.jpg 400w, https:\/\/cool-style.md\/wp-content\/uploads\/2024\/12\/Cool-style.md-JRL-Ceramic-Blade-FF2020T-Silver-1-800x800.jpg 800w, https:\/\/cool-style.md\/wp-content\/uploads\/2024\/12\/Cool-style.md-JRL-Ceramic-Blade-FF2020T-Silver-1-280x280.jpg 280w, https:\/\/cool-style.md\/wp-content\/uploads\/2024\/12\/Cool-style.md-JRL-Ceramic-Blade-FF2020T-Silver-1-768x768.jpg 768w, https:\/\/cool-style.md\/wp-content\/uploads\/2024\/12\/Cool-style.md-JRL-Ceramic-Blade-FF2020T-Silver-1-300x300.jpg 300w, https:\/\/cool-style.md\/wp-content\/uploads\/2024\/12\/Cool-style.md-JRL-Ceramic-Blade-FF2020T-Silver-1-510x510.jpg 510w, https:\/\/cool-style.md\/wp-content\/uploads\/2024\/12\/Cool-style.md-JRL-Ceramic-Blade-FF2020T-Silver-1-100x100.jpg 100w, https:\/\/cool-style.md\/wp-content\/uploads\/2024\/12\/Cool-style.md-JRL-Ceramic-Blade-FF2020T-Silver-1.jpg 1500w\" sizes=\"(max-width: 200px) 100vw, 200px\" \/><\/a>Lam\u0103 pentru <a href=\"https:\/\/cool-style.md\/accesorii\/aparate-de-tuns\/\">Trimmer profesional<\/a> de la produc\u0103torul <a href=\"https:\/\/www.jrlusa.com\/\" target=\"_blank\" rel=\"noopener\">JRL Professional<\/a>. Ob\u021bine\u021bi rezultate impecabile f\u0103r\u0103 efort cu revolu\u021bionarul EZ-GAP BLADE. Spune-\u021bi adio ajust\u0103rilor care necesit\u0103 timp. Experimenta\u021bi o precizie \u0219i eficien\u021b\u0103 de neegalat. EZ-GAP BLADE mai ascu\u021bit \u0219i mai precis asigur\u0103 t\u0103ieturi curate \u0219i impecabile de fiecare dat\u0103. Simplifica\u021bi-v\u0103 fluxul de lucru \u0219i \u00eembun\u0103t\u0103\u021bi\u021bi productivitatea cu o tehnologie inovatoare. Cel mai bun instrument pentru profesioni\u0219ti.<\/span><\/p>\n<ul>\n<li>Lam\u0103 mobil\u0103 ceramic\u0103 inoxidabil\u0103;<\/li>\n<li>Lam\u0103 durabil\u0103 din o\u021bel inoxidabil cu autoascu\u021bire;<\/li>\n<li>Potrivit pentru alte m\u0103rci populare de ma\u0219ini de tuns.<\/li>\n<\/ul>\n<p><span style=\"font-size: 100%;\"><\/span><\/p>","protected":false},"excerpt":{"rendered":"<p><span style=\"font-size: 100%;\">JRL Ceramic Blade FF2020T Silver &#8211; lam\u0103 pentru aparat profesional pentru tuns.<\/span><span style=\"font-size: 100%;\"><\/span><\/p>\n","protected":false},"featured_media":4040,"template":"","meta":[],"product_brand":[],"product_cat":[29,242],"product_tag":[],"class_list":{"0":"post-4037","1":"product","2":"type-product","3":"status-publish","4":"has-post-thumbnail","6":"product_cat-accesorii","7":"product_cat-lame-si-duze","8":"pa_brand-jrl-professional","9":"pa_felul-produsului-lama","10":"pa_producator-china","12":"first","13":"instock","14":"shipping-taxable","15":"purchasable","16":"product-type-simple"},"_links":{"self":[{"href":"https:\/\/cool-style.md\/ro\/wp-json\/wp\/v2\/product\/4037","targetHints":{"allow":["GET"]}}],"collection":[{"href":"https:\/\/cool-style.md\/ro\/wp-json\/wp\/v2\/product"}],"about":[{"href":"https:\/\/cool-style.md\/ro\/wp-json\/wp\/v2\/types\/product"}],"wp:featuredmedia":[{"embeddable":true,"href":"https:\/\/cool-style.md\/ro\/wp-json\/wp\/v2\/media\/4040"}],"wp:attachment":[{"href":"https:\/\/cool-style.md\/ro\/wp-json\/wp\/v2\/media?parent=4037"}],"wp:term":[{"taxonomy":"product_brand","embeddable":true,"href":"https:\/\/cool-style.md\/ro\/wp-json\/wp\/v2\/product_brand?post=4037"},{"taxonomy":"product_cat","embeddable":true,"href":"https:\/\/cool-style.md\/ro\/wp-json\/wp\/v2\/product_cat?post=4037"},{"taxonomy":"product_tag","embeddable":true,"href":"https:\/\/cool-style.md\/ro\/wp-json\/wp\/v2\/product_tag?post=4037"}],"curies":[{"name":"wp","href":"https:\/\/api.w.org\/{rel}","templated":true}]}}