{"id":4057,"date":"2024-12-08T11:36:55","date_gmt":"2024-12-08T11:36:55","guid":{"rendered":"https:\/\/cool-style.md\/?post_type=product&#038;p=4057"},"modified":"2024-12-08T12:24:24","modified_gmt":"2024-12-08T12:24:24","slug":"nishlady-milk-therapy-shampoo-5l","status":"publish","type":"product","link":"https:\/\/cool-style.md\/ro\/product\/nishlady-milk-therapy-shampoo-5l\/","title":{"rendered":"\u0218ampon pentru p\u0103r uscat \u0219i deteriorat NishLady Milk Therapy Shampoo 5000ml"},"content":{"rendered":"<h2><span style=\"font-size: 75%;\">\u0218ampon pentru p\u0103r uscat \u0219i deteriorat NishLady Milk Therapy Shampoo<\/span><\/h2>\n<ul>\n<li>con\u021bine un complex de 12 aminoacizi;<\/li>\n<li>previne p\u0103rul uscat \u0219i fragil;<\/li>\n<li>ofer\u0103 o str\u0103lucire s\u0103n\u0103toas\u0103;<\/li>\n<li>nu contine saruri si parabeni.<\/li>\n<\/ul>\n<p><a href=\"https:\/\/cool-style.md\/wp-content\/uploads\/2024\/07\/Cool-style.md-Nishlady-Milk-Therapy-Collection.jpg\"><img decoding=\"async\" class=\"alignleft wp-image-4044\" src=\"https:\/\/cool-style.md\/wp-content\/uploads\/2024\/07\/Cool-style.md-Nishlady-Milk-Therapy-Collection-427x400.jpg\" alt=\"Cool-style.md Nishlady Milk Therapy Collection\" width=\"350\" height=\"328\" srcset=\"https:\/\/cool-style.md\/wp-content\/uploads\/2024\/07\/Cool-style.md-Nishlady-Milk-Therapy-Collection-427x400.jpg 427w, https:\/\/cool-style.md\/wp-content\/uploads\/2024\/07\/Cool-style.md-Nishlady-Milk-Therapy-Collection-510x478.jpg 510w, https:\/\/cool-style.md\/wp-content\/uploads\/2024\/07\/Cool-style.md-Nishlady-Milk-Therapy-Collection.jpg 721w\" sizes=\"(max-width: 350px) 100vw, 350px\" \/><\/a><a href=\"https:\/\/cool-style.md\/felul-produsului\/tip-sampon\/\">\u0218ampon<\/a> <span style=\"font-size: 100%;\"><a href=\"https:\/\/nishlady.com\/\" target=\"_blank\" rel=\"noopener\">NishLady<\/a><\/span> con\u021bine proteine \u200b\u200bdin lapte \u0219i calciu, hr\u0103ne\u0219te r\u0103d\u0103cinile p\u0103rului, hidrateaz\u0103 p\u0103rul \u0219i \u00eengrije\u0219te delicat scalpul. Datorit\u0103 proteinelor, stimuleaz\u0103 foliculii de p\u0103r \u0219i asigur\u0103 o cre\u0219tere s\u0103n\u0103toas\u0103 a p\u0103rului.<\/p>\n<p><strong>Volum:<\/strong> 5000 ml<\/p>\n<p><strong>Mod de utilizare:<\/strong> Aplica\u021bi cantitatea necesar\u0103 de \u0219ampon pe p\u0103rul umed. Maseaz\u0103-\u021bi p\u0103rul p\u00e2n\u0103 se formeaz\u0103 o spum\u0103 groas\u0103, apoi cl\u0103te\u0219te-te cu ap\u0103 cald\u0103. Repeta\u021bi procesul dup\u0103 cum este necesar.<\/p>\n<p><span style=\"font-size: 100%;\"><strong>Aten\u021bie:<\/strong> numai pentru uz extern. \u00cen caz de contact cu ochii, cl\u0103ti\u021bi cu mult\u0103 ap\u0103. A nu se lasa la indemana copiilor.<\/span><\/p>","protected":false},"excerpt":{"rendered":"<p><span style=\"font-size: 100%;\">NishLady Milk Therapy Shampoo hr\u0103ne\u0219te r\u0103d\u0103cinile p\u0103rului, hidrateaz\u0103 p\u0103rul \u0219i \u00eengrije\u0219te delicat scalpul.<\/span><span style=\"font-size: 100%;\"><\/span><\/p>\n","protected":false},"featured_media":4058,"template":"","meta":[],"product_brand":[],"product_cat":[36],"product_tag":[],"class_list":{"0":"post-4057","1":"product","2":"type-product","3":"status-publish","4":"has-post-thumbnail","6":"product_cat-ingrijirea-par-femei","7":"pa_brand-nishlady","8":"pa_felul-produsului-tip-sampon","9":"pa_producator-turcia","10":"pa_volum-5000ml","12":"first","13":"instock","14":"featured","15":"shipping-taxable","16":"purchasable","17":"product-type-simple"},"_links":{"self":[{"href":"https:\/\/cool-style.md\/ro\/wp-json\/wp\/v2\/product\/4057","targetHints":{"allow":["GET"]}}],"collection":[{"href":"https:\/\/cool-style.md\/ro\/wp-json\/wp\/v2\/product"}],"about":[{"href":"https:\/\/cool-style.md\/ro\/wp-json\/wp\/v2\/types\/product"}],"wp:featuredmedia":[{"embeddable":true,"href":"https:\/\/cool-style.md\/ro\/wp-json\/wp\/v2\/media\/4058"}],"wp:attachment":[{"href":"https:\/\/cool-style.md\/ro\/wp-json\/wp\/v2\/media?parent=4057"}],"wp:term":[{"taxonomy":"product_brand","embeddable":true,"href":"https:\/\/cool-style.md\/ro\/wp-json\/wp\/v2\/product_brand?post=4057"},{"taxonomy":"product_cat","embeddable":true,"href":"https:\/\/cool-style.md\/ro\/wp-json\/wp\/v2\/product_cat?post=4057"},{"taxonomy":"product_tag","embeddable":true,"href":"https:\/\/cool-style.md\/ro\/wp-json\/wp\/v2\/product_tag?post=4057"}],"curies":[{"name":"wp","href":"https:\/\/api.w.org\/{rel}","templated":true}]}}