{"id":4070,"date":"2024-12-08T12:56:28","date_gmt":"2024-12-08T12:56:28","guid":{"rendered":"https:\/\/cool-style.md\/?post_type=product&#038;p=4070"},"modified":"2024-12-09T08:14:08","modified_gmt":"2024-12-09T08:14:08","slug":"nishlady-deodorant-spray-pessimistic-03","status":"publish","type":"product","link":"https:\/\/cool-style.md\/ro\/product\/nishlady-deodorant-spray-pessimistic-03\/","title":{"rendered":"Spray deodorant pentru femei NishLady Deodorant Spray Pessimistic 03 200ml"},"content":{"rendered":"<h2><span style=\"font-size: 75%;\">Spray deodorant NishLady Deodorant Spray Pessimistic 03<\/span><\/h2>\n<p><a href=\"https:\/\/cool-style.md\/wp-content\/uploads\/2024\/12\/Cool-style.md-NishLady-Deodorant-Spray.jpg\"><img decoding=\"async\" class=\"alignleft wp-image-4063\" src=\"https:\/\/cool-style.md\/wp-content\/uploads\/2024\/12\/Cool-style.md-NishLady-Deodorant-Spray-400x400.jpg\" alt=\"Cool-style.md NishLady Deodorant Spray\" width=\"350\" height=\"350\" srcset=\"https:\/\/cool-style.md\/wp-content\/uploads\/2024\/12\/Cool-style.md-NishLady-Deodorant-Spray-400x400.jpg 400w, https:\/\/cool-style.md\/wp-content\/uploads\/2024\/12\/Cool-style.md-NishLady-Deodorant-Spray-800x800.jpg 800w, https:\/\/cool-style.md\/wp-content\/uploads\/2024\/12\/Cool-style.md-NishLady-Deodorant-Spray-280x280.jpg 280w, https:\/\/cool-style.md\/wp-content\/uploads\/2024\/12\/Cool-style.md-NishLady-Deodorant-Spray-768x768.jpg 768w, https:\/\/cool-style.md\/wp-content\/uploads\/2024\/12\/Cool-style.md-NishLady-Deodorant-Spray-300x300.jpg 300w, https:\/\/cool-style.md\/wp-content\/uploads\/2024\/12\/Cool-style.md-NishLady-Deodorant-Spray-510x510.jpg 510w, https:\/\/cool-style.md\/wp-content\/uploads\/2024\/12\/Cool-style.md-NishLady-Deodorant-Spray-100x100.jpg 100w, https:\/\/cool-style.md\/wp-content\/uploads\/2024\/12\/Cool-style.md-NishLady-Deodorant-Spray.jpg 1080w\" sizes=\"(max-width: 350px) 100vw, 350px\" \/><\/a>C\u0103uta\u021bi protec\u021bie natural\u0103 \u0219i eficient\u0103? \u00cencerca\u021bi <a href=\"https:\/\/cool-style.md\/felul-produsului\/spray-deodorant\/\">spray-urile deodorante<\/a> <a href=\"https:\/\/nishlady.com\/\" target=\"_blank\" rel=\"noopener\">Nishlady<\/a>! Ele ofer\u0103 o protec\u021bie de lung\u0103 durat\u0103 \u0219i confortabil\u0103, f\u0103r\u0103 a v\u0103 afecta pielea. Sim\u021bi\u021bi prospe\u021bimea cu puterea naturii!<\/p>\n<p><strong>Volum:<\/strong> 200 ml<\/p>\n<p><span style=\"font-size: 100%;\"><strong>Aten\u021bie:<\/strong> numai pentru uz extern. \u00cen caz de contact cu ochii, cl\u0103ti\u021bi cu mult\u0103 ap\u0103. A nu se lasa la indemana copiilor.<\/span><\/p>","protected":false},"excerpt":{"rendered":"<p><span style=\"font-size: 100%;\">NishLady Deodorant Spray Pessimistic 03 &#8211; protec\u021bie natural\u0103 \u0219i eficient\u0103.<\/span><\/p>\n","protected":false},"featured_media":4071,"template":"","meta":[],"product_brand":[],"product_cat":[217],"product_tag":[],"class_list":{"0":"post-4070","1":"product","2":"type-product","3":"status-publish","4":"has-post-thumbnail","6":"product_cat-deodorante","7":"pa_brand-nishlady","8":"pa_felul-produsului-spray-deodorant","9":"pa_producator-turcia","10":"pa_volum-200ml","12":"first","13":"instock","14":"featured","15":"shipping-taxable","16":"purchasable","17":"product-type-simple"},"_links":{"self":[{"href":"https:\/\/cool-style.md\/ro\/wp-json\/wp\/v2\/product\/4070","targetHints":{"allow":["GET"]}}],"collection":[{"href":"https:\/\/cool-style.md\/ro\/wp-json\/wp\/v2\/product"}],"about":[{"href":"https:\/\/cool-style.md\/ro\/wp-json\/wp\/v2\/types\/product"}],"wp:featuredmedia":[{"embeddable":true,"href":"https:\/\/cool-style.md\/ro\/wp-json\/wp\/v2\/media\/4071"}],"wp:attachment":[{"href":"https:\/\/cool-style.md\/ro\/wp-json\/wp\/v2\/media?parent=4070"}],"wp:term":[{"taxonomy":"product_brand","embeddable":true,"href":"https:\/\/cool-style.md\/ro\/wp-json\/wp\/v2\/product_brand?post=4070"},{"taxonomy":"product_cat","embeddable":true,"href":"https:\/\/cool-style.md\/ro\/wp-json\/wp\/v2\/product_cat?post=4070"},{"taxonomy":"product_tag","embeddable":true,"href":"https:\/\/cool-style.md\/ro\/wp-json\/wp\/v2\/product_tag?post=4070"}],"curies":[{"name":"wp","href":"https:\/\/api.w.org\/{rel}","templated":true}]}}