{"id":4080,"date":"2024-12-08T13:46:04","date_gmt":"2024-12-08T13:46:04","guid":{"rendered":"https:\/\/cool-style.md\/?post_type=product&#038;p=4080"},"modified":"2024-12-08T14:02:18","modified_gmt":"2024-12-08T14:02:18","slug":"nishlady-birket-pink","status":"publish","type":"product","link":"https:\/\/cool-style.md\/ro\/product\/nishlady-birket-pink\/","title":{"rendered":"Clam\u0103 de p\u0103r de coafor Nishlady Birket Pink"},"content":{"rendered":"<h2><span style=\"font-size: 75%;\">Clam\u0103 de p\u0103r de coafor Nishlady Birket Pink<\/span><\/h2>\n<p><a href=\"https:\/\/cool-style.md\/wp-content\/uploads\/2024\/12\/Cool-style.md-Nishlady-Birket-Pink.png\"><img decoding=\"async\" class=\"wp-image-4082 alignleft\" src=\"https:\/\/cool-style.md\/wp-content\/uploads\/2024\/12\/Cool-style.md-Nishlady-Birket-Pink-409x400.png\" alt=\"Cool-style.md Nishlady Birket Pink\" width=\"150\" height=\"147\" srcset=\"https:\/\/cool-style.md\/wp-content\/uploads\/2024\/12\/Cool-style.md-Nishlady-Birket-Pink-409x400.png 409w, https:\/\/cool-style.md\/wp-content\/uploads\/2024\/12\/Cool-style.md-Nishlady-Birket-Pink-818x800.png 818w, https:\/\/cool-style.md\/wp-content\/uploads\/2024\/12\/Cool-style.md-Nishlady-Birket-Pink-768x751.png 768w, https:\/\/cool-style.md\/wp-content\/uploads\/2024\/12\/Cool-style.md-Nishlady-Birket-Pink-1536x1502.png 1536w, https:\/\/cool-style.md\/wp-content\/uploads\/2024\/12\/Cool-style.md-Nishlady-Birket-Pink-510x499.png 510w, https:\/\/cool-style.md\/wp-content\/uploads\/2024\/12\/Cool-style.md-Nishlady-Birket-Pink.png 1920w\" sizes=\"(max-width: 150px) 100vw, 150px\" \/><\/a>Clame de p\u0103r profesionale <a href=\"https:\/\/www.nishlady.com\/\" target=\"_blank\" rel=\"noopener\">Nishlady<\/a> au o form\u0103 special\u0103 \u0219i din\u021bi care garanteaz\u0103 o prindere perfect\u0103 chiar \u0219i cu p\u0103rul foarte gros \u0219i lung. Sunt ideale at\u00e2t pentru saloanele profesionale de coafur\u0103, c\u00e2t \u0219i pentru uz casnic.<\/p>\n<div><\/div>\n<div>Un <a href=\"https:\/\/cool-style.md\/ro\/accesorii\/\">accesoriu<\/a> indispensabil oric\u0103rui salon pentru organizarea muncii rapide \u0219i de \u00eenalt\u0103 calitate.<\/div>","protected":false},"excerpt":{"rendered":"<p><span style=\"font-size: 100%;\">Nishlady Birket Pink garanteaz\u0103 o prindere perfect\u0103 chiar \u0219i cu p\u0103rul foarte gros \u0219i lung.<\/span><span style=\"font-size: 100%;\"><\/span><\/p>\n","protected":false},"featured_media":4081,"template":"","meta":[],"product_brand":[],"product_cat":[29,132],"product_tag":[],"class_list":{"0":"post-4080","1":"product","2":"type-product","3":"status-publish","4":"has-post-thumbnail","6":"product_cat-accesorii","7":"product_cat-diverse-accesorii","8":"pa_brand-nishlady","9":"pa_felul-produsului-clama-de-par","10":"pa_producator-turcia","12":"first","13":"instock","14":"shipping-taxable","15":"purchasable","16":"product-type-simple"},"_links":{"self":[{"href":"https:\/\/cool-style.md\/ro\/wp-json\/wp\/v2\/product\/4080","targetHints":{"allow":["GET"]}}],"collection":[{"href":"https:\/\/cool-style.md\/ro\/wp-json\/wp\/v2\/product"}],"about":[{"href":"https:\/\/cool-style.md\/ro\/wp-json\/wp\/v2\/types\/product"}],"wp:featuredmedia":[{"embeddable":true,"href":"https:\/\/cool-style.md\/ro\/wp-json\/wp\/v2\/media\/4081"}],"wp:attachment":[{"href":"https:\/\/cool-style.md\/ro\/wp-json\/wp\/v2\/media?parent=4080"}],"wp:term":[{"taxonomy":"product_brand","embeddable":true,"href":"https:\/\/cool-style.md\/ro\/wp-json\/wp\/v2\/product_brand?post=4080"},{"taxonomy":"product_cat","embeddable":true,"href":"https:\/\/cool-style.md\/ro\/wp-json\/wp\/v2\/product_cat?post=4080"},{"taxonomy":"product_tag","embeddable":true,"href":"https:\/\/cool-style.md\/ro\/wp-json\/wp\/v2\/product_tag?post=4080"}],"curies":[{"name":"wp","href":"https:\/\/api.w.org\/{rel}","templated":true}]}}