{"id":4090,"date":"2024-12-08T14:37:55","date_gmt":"2024-12-08T14:37:55","guid":{"rendered":"https:\/\/cool-style.md\/?post_type=product&#038;p=4090"},"modified":"2024-12-08T14:43:01","modified_gmt":"2024-12-08T14:43:01","slug":"nishman-barber-cape-07","status":"publish","type":"product","link":"https:\/\/cool-style.md\/ro\/product\/nishman-barber-cape-07\/","title":{"rendered":"\u0218or\u021b Barber Nishman Barber Cape 07"},"content":{"rendered":"<h2><span style=\"font-size: 75%;\">\u0218or\u021b din piele Nishman Barber Cape 07<\/span><\/h2>\n<p>\u0218or\u021bul <a href=\"https:\/\/nishman.com.tr\/\" target=\"_blank\" rel=\"noopener\">Nishman<\/a>\u00a0combin\u0103 durabilitatea, manopera \u0219i designul ergonomic pentru a se potrivi nevoilor dumneavoastr\u0103. U\u0219or de \u00eembr\u0103cat, u\u0219or de mutat rapid \u0219i protejeaz\u0103-\u021bi hainele \u0219i pielea de lichide fierbin\u021bi, stropi, murd\u0103rie, praf, vopsea \u0219i lipici.<\/p>\n<p>\u0218or\u021bul este fabricat din material durabil de \u00eenalt\u0103 calitate, care ofer\u0103 siguran\u021b\u0103 \u0219i protec\u021bie fiabil\u0103 pentru o varietate de locuri de munc\u0103. \u0218or\u021bul are buzunare pentru toate <a href=\"https:\/\/cool-style.md\/ro\/accesorii\/\">uneltele<\/a> tale, cum ar fi foarfece, piepteni, perii \u0219i perii, sticle etc.<\/p>","protected":false},"excerpt":{"rendered":"<p><span style=\"font-size: 100%;\">Nishman Barber Cape 07 v\u0103 va ajuta s\u0103 proteja\u021bi \u00eembr\u0103c\u0103mintea de murd\u0103rie \u00een timpul lucrului.<\/span><span style=\"font-size: 100%;\"><\/span><\/p>\n","protected":false},"featured_media":4091,"template":"","meta":[],"product_brand":[],"product_cat":[29,132],"product_tag":[],"class_list":{"0":"post-4090","1":"product","2":"type-product","3":"status-publish","4":"has-post-thumbnail","6":"product_cat-accesorii","7":"product_cat-diverse-accesorii","8":"pa_brand-nishman","9":"pa_felul-produsului-sort","10":"pa_producator-turcia","12":"first","13":"instock","14":"shipping-taxable","15":"purchasable","16":"product-type-simple"},"_links":{"self":[{"href":"https:\/\/cool-style.md\/ro\/wp-json\/wp\/v2\/product\/4090","targetHints":{"allow":["GET"]}}],"collection":[{"href":"https:\/\/cool-style.md\/ro\/wp-json\/wp\/v2\/product"}],"about":[{"href":"https:\/\/cool-style.md\/ro\/wp-json\/wp\/v2\/types\/product"}],"wp:featuredmedia":[{"embeddable":true,"href":"https:\/\/cool-style.md\/ro\/wp-json\/wp\/v2\/media\/4091"}],"wp:attachment":[{"href":"https:\/\/cool-style.md\/ro\/wp-json\/wp\/v2\/media?parent=4090"}],"wp:term":[{"taxonomy":"product_brand","embeddable":true,"href":"https:\/\/cool-style.md\/ro\/wp-json\/wp\/v2\/product_brand?post=4090"},{"taxonomy":"product_cat","embeddable":true,"href":"https:\/\/cool-style.md\/ro\/wp-json\/wp\/v2\/product_cat?post=4090"},{"taxonomy":"product_tag","embeddable":true,"href":"https:\/\/cool-style.md\/ro\/wp-json\/wp\/v2\/product_tag?post=4090"}],"curies":[{"name":"wp","href":"https:\/\/api.w.org\/{rel}","templated":true}]}}