{"id":4092,"date":"2024-12-08T14:46:51","date_gmt":"2024-12-08T14:46:51","guid":{"rendered":"https:\/\/cool-style.md\/?post_type=product&#038;p=4092"},"modified":"2024-12-08T14:57:01","modified_gmt":"2024-12-08T14:57:01","slug":"nishman-blade-oil","status":"publish","type":"product","link":"https:\/\/cool-style.md\/ro\/product\/nishman-blade-oil\/","title":{"rendered":"Ulei pentru ungerea ma\u0219inei de tuns Nishman Blade Oil 200ml"},"content":{"rendered":"<h2><span style=\"font-size: 75%;\">Ulei pentru ungerea ma\u0219inei de tuns Nishman Blade Oil<\/span><\/h2>\n<p><a href=\"https:\/\/cool-style.md\/wp-content\/uploads\/2024\/12\/Cool-style.md-Nishman-Blade-Oil-200ml.jpg\"><img decoding=\"async\" class=\"alignleft wp-image-4093\" src=\"https:\/\/cool-style.md\/wp-content\/uploads\/2024\/12\/Cool-style.md-Nishman-Blade-Oil-200ml-364x400.jpg\" alt=\"Cool-style.md Nishman Blade Oil 200ml\" width=\"200\" height=\"220\" srcset=\"https:\/\/cool-style.md\/wp-content\/uploads\/2024\/12\/Cool-style.md-Nishman-Blade-Oil-200ml-364x400.jpg 364w, https:\/\/cool-style.md\/wp-content\/uploads\/2024\/12\/Cool-style.md-Nishman-Blade-Oil-200ml-728x800.jpg 728w, https:\/\/cool-style.md\/wp-content\/uploads\/2024\/12\/Cool-style.md-Nishman-Blade-Oil-200ml-768x845.jpg 768w, https:\/\/cool-style.md\/wp-content\/uploads\/2024\/12\/Cool-style.md-Nishman-Blade-Oil-200ml-510x561.jpg 510w, https:\/\/cool-style.md\/wp-content\/uploads\/2024\/12\/Cool-style.md-Nishman-Blade-Oil-200ml.jpg 873w\" sizes=\"(max-width: 200px) 100vw, 200px\" \/><\/a>Uleiul pentru ma\u0219ina de tuns <a href=\"https:\/\/nishman.com.tr\/\" target=\"_blank\" rel=\"noopener\">Nishman<\/a> este un accesoriu indispensabil pentru orice stilist. Ulei special formulat pentru lamele ma\u0219inii de tuns trimmere. Foarte sub\u021bire \u0219i negras \u00een compara\u021bie cu alte uleiuri, ceea ce asigur\u0103 un contact optim \u00eentre lama inferioar\u0103 \u0219i superioar\u0103. P\u0103rul nu se lipe\u0219te \u0219i nu se prinde \u00eentre lame.<\/p>\n<ul>\n<li>Reduce rezisten\u021ba \u0219i are un efect pozitiv asupra capacit\u0103\u021bii de t\u0103iere;<\/li>\n<li>\u00cencetine\u0219te procesul de uzur\u0103;<\/li>\n<li>Cu\u021bitele r\u0103m\u00e2n ascu\u021bite mai mult timp;<\/li>\n<li>Reduce zgomotul, uzura \u0219i vibra\u021biile.<\/li>\n<\/ul>\n<p><strong>Volum:<\/strong> 200 ml<\/p>","protected":false},"excerpt":{"rendered":"<p><span style=\"font-size: 100%;\">Nishman Blade Oil reduce rezisten\u021ba \u0219i are un efect pozitiv asupra capacit\u0103\u021bii de t\u0103iere a ma\u0219inii.<\/span><span style=\"font-size: 100%;\"><\/span><\/p>\n","protected":false},"featured_media":4094,"template":"","meta":[],"product_brand":[],"product_cat":[29,132],"product_tag":[],"class_list":{"0":"post-4092","1":"product","2":"type-product","3":"status-publish","4":"has-post-thumbnail","6":"product_cat-accesorii","7":"product_cat-diverse-accesorii","8":"pa_brand-nishman","9":"pa_felul-produsului-tip-ulei","10":"pa_producator-turcia","11":"pa_volum-200ml","13":"first","14":"instock","15":"featured","16":"shipping-taxable","17":"purchasable","18":"product-type-simple"},"_links":{"self":[{"href":"https:\/\/cool-style.md\/ro\/wp-json\/wp\/v2\/product\/4092","targetHints":{"allow":["GET"]}}],"collection":[{"href":"https:\/\/cool-style.md\/ro\/wp-json\/wp\/v2\/product"}],"about":[{"href":"https:\/\/cool-style.md\/ro\/wp-json\/wp\/v2\/types\/product"}],"wp:featuredmedia":[{"embeddable":true,"href":"https:\/\/cool-style.md\/ro\/wp-json\/wp\/v2\/media\/4094"}],"wp:attachment":[{"href":"https:\/\/cool-style.md\/ro\/wp-json\/wp\/v2\/media?parent=4092"}],"wp:term":[{"taxonomy":"product_brand","embeddable":true,"href":"https:\/\/cool-style.md\/ro\/wp-json\/wp\/v2\/product_brand?post=4092"},{"taxonomy":"product_cat","embeddable":true,"href":"https:\/\/cool-style.md\/ro\/wp-json\/wp\/v2\/product_cat?post=4092"},{"taxonomy":"product_tag","embeddable":true,"href":"https:\/\/cool-style.md\/ro\/wp-json\/wp\/v2\/product_tag?post=4092"}],"curies":[{"name":"wp","href":"https:\/\/api.w.org\/{rel}","templated":true}]}}