{"id":4102,"date":"2024-12-08T15:30:32","date_gmt":"2024-12-08T15:30:32","guid":{"rendered":"https:\/\/cool-style.md\/?post_type=product&#038;p=4102"},"modified":"2025-10-24T08:17:55","modified_gmt":"2025-10-24T08:17:55","slug":"nishman-powder-stylingwax-p0","status":"publish","type":"product","link":"https:\/\/cool-style.md\/ro\/product\/nishman-powder-stylingwax-p0\/","title":{"rendered":"Pudr\u0103 volumizant\u0103 pentru p\u0103r Nishman Powder StylingWax P0 20gr"},"content":{"rendered":"<h2><span style=\"font-size: 75%;\">Pudr\u0103 volumizant\u0103 Nishman Powder StylingWax P0<\/span><\/h2>\n<ul>\n<li>D\u0103 volum \u0219i \u00eel fixeaz\u0103;<\/li>\n<li>Grad mediu de fixare;<\/li>\n<li>Volumul maxim;<\/li>\n<li>Nu las\u0103 urme pe p\u0103r;<\/li>\n<li>\u00cendep\u0103rteaz\u0103 str\u0103lucirea uleioas\u0103;<\/li>\n<\/ul>\n<p><a href=\"https:\/\/cool-style.md\/wp-content\/uploads\/2024\/12\/Cool-style.md-Nishman-Powder-Styling-Wax-P0-20gr.webp\"><img decoding=\"async\" class=\"wp-image-4104 alignleft\" src=\"https:\/\/cool-style.md\/wp-content\/uploads\/2024\/12\/Cool-style.md-Nishman-Powder-Styling-Wax-P0-20gr.webp\" alt=\"Cool-style.md-Nishman-Powder-Styling-Wax-P0 20gr\" width=\"400\" height=\"400\" srcset=\"https:\/\/cool-style.md\/wp-content\/uploads\/2024\/12\/Cool-style.md-Nishman-Powder-Styling-Wax-P0-20gr.webp 1024w, https:\/\/cool-style.md\/wp-content\/uploads\/2024\/12\/Cool-style.md-Nishman-Powder-Styling-Wax-P0-20gr-400x400.webp 400w, https:\/\/cool-style.md\/wp-content\/uploads\/2024\/12\/Cool-style.md-Nishman-Powder-Styling-Wax-P0-20gr-800x800.webp 800w, https:\/\/cool-style.md\/wp-content\/uploads\/2024\/12\/Cool-style.md-Nishman-Powder-Styling-Wax-P0-20gr-280x280.webp 280w, https:\/\/cool-style.md\/wp-content\/uploads\/2024\/12\/Cool-style.md-Nishman-Powder-Styling-Wax-P0-20gr-768x768.webp 768w, https:\/\/cool-style.md\/wp-content\/uploads\/2024\/12\/Cool-style.md-Nishman-Powder-Styling-Wax-P0-20gr-300x300.webp 300w, https:\/\/cool-style.md\/wp-content\/uploads\/2024\/12\/Cool-style.md-Nishman-Powder-Styling-Wax-P0-20gr-510x510.webp 510w, https:\/\/cool-style.md\/wp-content\/uploads\/2024\/12\/Cool-style.md-Nishman-Powder-Styling-Wax-P0-20gr-100x100.webp 100w\" sizes=\"(max-width: 400px) 100vw, 400px\" \/><\/a>Pudra matifiant\u0103 <a href=\"https:\/\/nishman.com.tr\/\" target=\"_blank\" rel=\"noopener\">Nishman<\/a> ofer\u0103 volum maxim cu men\u021binere medie. Formula de control u\u0219oar\u0103 v\u0103 permite s\u0103 v\u0103 coafa\u021bi p\u0103rul \u00een orice stil dori\u021bi, f\u0103r\u0103 a v\u0103 sim\u021bi rigid sau greu. Design elegant, u\u0219urin\u021b\u0103 \u00een utilizare, flexibilitate \u0219i durabilitate. Produs de \u00eenalt\u0103 calitate pentru frizerii profesioni\u0219ti. F\u0103r\u0103 lipire \u0219i bulg\u0103ri, nu las\u0103 urme pe p\u0103r, \u00eendep\u0103rteaz\u0103 str\u0103lucirea uleioas\u0103. Potrivit <a href=\"https:\/\/cool-style.md\/ro\/cosmetice-femei\/ingrijirea-par-femei\/\">pentru toate tipurile de p\u0103r<\/a>, precum \u0219i pentru uz zilnic.<\/p>\n<p><strong>Volum:<\/strong> 20 gr<\/p>\n<p><strong>Fixare:<\/strong> medie<\/p>\n<p><span style=\"font-size: 100%;\"><strong>Aten\u021bie:<\/strong> numai pentru uz extern. \u00cen caz de contact cu ochii, cl\u0103ti\u021bi cu mult\u0103 ap\u0103. A nu se lasa la indemana copiilor.<\/span><\/p>","protected":false},"excerpt":{"rendered":"<p><span style=\"font-size: 100%;\">Nishman Powder StylingWax P0 d\u0103 volum, \u00eendep\u0103rteaz\u0103 str\u0103lucirea uleioas\u0103, asigur\u0103 o fixare maxim\u0103.<\/span><span style=\"font-size: 100%;\"><\/span><\/p>\n","protected":false},"featured_media":4103,"template":"","meta":[],"product_brand":[],"product_cat":[30],"product_tag":[],"class_list":{"0":"post-4102","1":"product","2":"type-product","3":"status-publish","4":"has-post-thumbnail","6":"product_cat-coafarea-barbati","7":"pa_brand-nishman","8":"pa_felul-produsului-tip-pudra","9":"pa_fixare-medie","10":"pa_producator-turcia","11":"pa_volum-20gr","13":"first","14":"instock","15":"featured","16":"shipping-taxable","17":"purchasable","18":"product-type-simple"},"_links":{"self":[{"href":"https:\/\/cool-style.md\/ro\/wp-json\/wp\/v2\/product\/4102","targetHints":{"allow":["GET"]}}],"collection":[{"href":"https:\/\/cool-style.md\/ro\/wp-json\/wp\/v2\/product"}],"about":[{"href":"https:\/\/cool-style.md\/ro\/wp-json\/wp\/v2\/types\/product"}],"wp:featuredmedia":[{"embeddable":true,"href":"https:\/\/cool-style.md\/ro\/wp-json\/wp\/v2\/media\/4103"}],"wp:attachment":[{"href":"https:\/\/cool-style.md\/ro\/wp-json\/wp\/v2\/media?parent=4102"}],"wp:term":[{"taxonomy":"product_brand","embeddable":true,"href":"https:\/\/cool-style.md\/ro\/wp-json\/wp\/v2\/product_brand?post=4102"},{"taxonomy":"product_cat","embeddable":true,"href":"https:\/\/cool-style.md\/ro\/wp-json\/wp\/v2\/product_cat?post=4102"},{"taxonomy":"product_tag","embeddable":true,"href":"https:\/\/cool-style.md\/ro\/wp-json\/wp\/v2\/product_tag?post=4102"}],"curies":[{"name":"wp","href":"https:\/\/api.w.org\/{rel}","templated":true}]}}