{"id":4116,"date":"2024-12-08T16:47:41","date_gmt":"2024-12-08T16:47:41","guid":{"rendered":"https:\/\/cool-style.md\/?post_type=product&#038;p=4116"},"modified":"2026-01-05T17:50:00","modified_gmt":"2026-01-05T17:50:00","slug":"nishman-gift-box-yellow-set","status":"publish","type":"product","link":"https:\/\/cool-style.md\/ro\/product\/nishman-gift-box-yellow-set\/","title":{"rendered":"Set Cadou Nishman Gift Box Yellow Set (5 unit\u0103\u021bi)"},"content":{"rendered":"<h2><span style=\"font-size: 75%;\">Set Cadou Nishman Gift Box Yellow Set<\/span><\/h2>\n<p>Setul cadou <a href=\"https:\/\/nishman.com.tr\/\" target=\"_blank\" rel=\"noopener\">Nishman<\/a> include cele mai bune <a href=\"https:\/\/cool-style.md\/ro\/cosmetice-barbati\/\">produse cosmetice<\/a> ale m\u0103rcii. Este perfect ca un cadou pentru orice barbat.<\/p>\n<p>Ve\u021bi ob\u021bine asta:<\/p>\n<p><a href=\"https:\/\/cool-style.md\/wp-content\/uploads\/2021\/12\/Cool-style.md-Nishman-Pro-Hair-Shampoo-400ml.png\"><img decoding=\"async\" class=\"alignleft wp-image-1078\" src=\"https:\/\/cool-style.md\/wp-content\/uploads\/2021\/12\/Cool-style.md-Nishman-Pro-Hair-Shampoo-400ml-400x400.png\" alt=\"Cool-style.md Nishman Pro-Hair Shampoo 400ml\" width=\"157\" height=\"157\" srcset=\"https:\/\/cool-style.md\/wp-content\/uploads\/2021\/12\/Cool-style.md-Nishman-Pro-Hair-Shampoo-400ml-400x400.png 400w, https:\/\/cool-style.md\/wp-content\/uploads\/2021\/12\/Cool-style.md-Nishman-Pro-Hair-Shampoo-400ml-300x300.png 300w, https:\/\/cool-style.md\/wp-content\/uploads\/2021\/12\/Cool-style.md-Nishman-Pro-Hair-Shampoo-400ml-100x100.png 100w, https:\/\/cool-style.md\/wp-content\/uploads\/2021\/12\/Cool-style.md-Nishman-Pro-Hair-Shampoo-400ml-510x510.png 510w, https:\/\/cool-style.md\/wp-content\/uploads\/2021\/12\/Cool-style.md-Nishman-Pro-Hair-Shampoo-400ml-280x280.png 280w, https:\/\/cool-style.md\/wp-content\/uploads\/2021\/12\/Cool-style.md-Nishman-Pro-Hair-Shampoo-400ml-768x768.png 768w, https:\/\/cool-style.md\/wp-content\/uploads\/2021\/12\/Cool-style.md-Nishman-Pro-Hair-Shampoo-400ml-800x800.png 800w, https:\/\/cool-style.md\/wp-content\/uploads\/2021\/12\/Cool-style.md-Nishman-Pro-Hair-Shampoo-400ml-1536x1536.png 1536w, https:\/\/cool-style.md\/wp-content\/uploads\/2021\/12\/Cool-style.md-Nishman-Pro-Hair-Shampoo-400ml-247x247.png 247w, https:\/\/cool-style.md\/wp-content\/uploads\/2021\/12\/Cool-style.md-Nishman-Pro-Hair-Shampoo-400ml.png 1920w\" sizes=\"(max-width: 157px) 100vw, 157px\" \/><\/a><\/p>\n<p>\u0218ampon professional pentru p\u0103r Nishman Pro-Hair Shampoo Keratin Complex 200ml cu un complex de keratin\u0103. Ingredientele naturale \u0219i extractele din plante red\u0103 p\u0103rului un aspect s\u0103n\u0103tos, face p\u0103rul moale \u0219i m\u0103t\u0103sos, red\u00e2ndu-i str\u0103lucirea natural\u0103. Prelunge\u0219te efectul de \u00eengrijire complex\u0103 a p\u0103rului cu cheratina. F\u0103r\u0103 sare \u0219i parabeni. Produsul este potrivit <a href=\"https:\/\/cool-style.md\/ro\/cosmetice-barbati\/ingrijirea-par-barbati\/\">toate tipurile de p\u0103r<\/a>, precum \u0219i pentru uz zilnic.<\/p>\n<p><strong><a href=\"https:\/\/cool-style.md\/wp-content\/uploads\/2021\/12\/Cool-style.md-Nishman-Pro-Hair-Conditioner-400ml.png\"><img decoding=\"async\" class=\"alignleft wp-image-1086\" src=\"https:\/\/cool-style.md\/wp-content\/uploads\/2021\/12\/Cool-style.md-Nishman-Pro-Hair-Conditioner-400ml-400x400.png\" alt=\"Cool-style.md Nishman Pro-Hair Conditioner 400ml\" width=\"157\" height=\"157\" srcset=\"https:\/\/cool-style.md\/wp-content\/uploads\/2021\/12\/Cool-style.md-Nishman-Pro-Hair-Conditioner-400ml-400x400.png 400w, https:\/\/cool-style.md\/wp-content\/uploads\/2021\/12\/Cool-style.md-Nishman-Pro-Hair-Conditioner-400ml-300x300.png 300w, https:\/\/cool-style.md\/wp-content\/uploads\/2021\/12\/Cool-style.md-Nishman-Pro-Hair-Conditioner-400ml-100x100.png 100w, https:\/\/cool-style.md\/wp-content\/uploads\/2021\/12\/Cool-style.md-Nishman-Pro-Hair-Conditioner-400ml-510x510.png 510w, https:\/\/cool-style.md\/wp-content\/uploads\/2021\/12\/Cool-style.md-Nishman-Pro-Hair-Conditioner-400ml-280x280.png 280w, https:\/\/cool-style.md\/wp-content\/uploads\/2021\/12\/Cool-style.md-Nishman-Pro-Hair-Conditioner-400ml-768x768.png 768w, https:\/\/cool-style.md\/wp-content\/uploads\/2021\/12\/Cool-style.md-Nishman-Pro-Hair-Conditioner-400ml-800x800.png 800w, https:\/\/cool-style.md\/wp-content\/uploads\/2021\/12\/Cool-style.md-Nishman-Pro-Hair-Conditioner-400ml-1536x1536.png 1536w, https:\/\/cool-style.md\/wp-content\/uploads\/2021\/12\/Cool-style.md-Nishman-Pro-Hair-Conditioner-400ml-247x247.png 247w, https:\/\/cool-style.md\/wp-content\/uploads\/2021\/12\/Cool-style.md-Nishman-Pro-Hair-Conditioner-400ml.png 1920w\" sizes=\"(max-width: 157px) 100vw, 157px\" \/><\/a><\/strong><\/p>\n<p>&nbsp;<\/p>\n<p>Balsam professional pentru p\u0103r Nishman Pro-Hair Conditioner Keratin Complex 200ml cu un complex de keratin\u0103. Ingredientele naturale \u0219i extractele din plante red\u0103 p\u0103rului un aspect s\u0103n\u0103tos, face p\u0103rul moale \u0219i m\u0103t\u0103sos, red\u00e2ndu-i str\u0103lucirea natural\u0103. Prelunge\u0219te efectul de \u00eengrijire complex\u0103 a p\u0103rului cu cheratina. F\u0103r\u0103 sare \u0219i parabeni. Produsul este potrivit <a href=\"https:\/\/cool-style.md\/ro\/cosmetice-barbati\/ingrijirea-par-barbati\/\">toate tipurile de p\u0103r<\/a>, precum \u0219i pentru uz zilnic.<\/p>\n<p><a href=\"https:\/\/cool-style.md\/wp-content\/uploads\/2021\/12\/Cool-style.md-Nishman-After-Shave-Cologne-08-Sun-Sense-400ml.png\"><img decoding=\"async\" class=\"wp-image-710 alignleft\" src=\"https:\/\/cool-style.md\/wp-content\/uploads\/2021\/12\/Cool-style.md-Nishman-After-Shave-Cologne-08-Sun-Sense-400ml-400x400.png\" alt=\"Cool-style.md Nishman After Shave Cologne 08 Sun Sense 400ml\" width=\"157\" height=\"157\" srcset=\"https:\/\/cool-style.md\/wp-content\/uploads\/2021\/12\/Cool-style.md-Nishman-After-Shave-Cologne-08-Sun-Sense-400ml-400x400.png 400w, https:\/\/cool-style.md\/wp-content\/uploads\/2021\/12\/Cool-style.md-Nishman-After-Shave-Cologne-08-Sun-Sense-400ml-300x300.png 300w, https:\/\/cool-style.md\/wp-content\/uploads\/2021\/12\/Cool-style.md-Nishman-After-Shave-Cologne-08-Sun-Sense-400ml-100x100.png 100w, https:\/\/cool-style.md\/wp-content\/uploads\/2021\/12\/Cool-style.md-Nishman-After-Shave-Cologne-08-Sun-Sense-400ml-510x510.png 510w, https:\/\/cool-style.md\/wp-content\/uploads\/2021\/12\/Cool-style.md-Nishman-After-Shave-Cologne-08-Sun-Sense-400ml-280x280.png 280w, https:\/\/cool-style.md\/wp-content\/uploads\/2021\/12\/Cool-style.md-Nishman-After-Shave-Cologne-08-Sun-Sense-400ml-768x768.png 768w, https:\/\/cool-style.md\/wp-content\/uploads\/2021\/12\/Cool-style.md-Nishman-After-Shave-Cologne-08-Sun-Sense-400ml-800x800.png 800w, https:\/\/cool-style.md\/wp-content\/uploads\/2021\/12\/Cool-style.md-Nishman-After-Shave-Cologne-08-Sun-Sense-400ml-247x247.png 247w, https:\/\/cool-style.md\/wp-content\/uploads\/2021\/12\/Cool-style.md-Nishman-After-Shave-Cologne-08-Sun-Sense-400ml.png 1228w\" sizes=\"(max-width: 157px) 100vw, 157px\" \/><\/a><\/p>\n<p>Colonie dup\u0103 ras Nishman After Shave Cologne 08 Sun Sense 200 ml este perfect\u0103 pentru b\u0103rbatul activ. Cu un amestec unic de busuioc, l\u0103m\u00e2ie, rozmarin, mu\u0219e\u021bel, tarhon \u0219i mandarin\u0103, o combina\u021bie de floare de portocal, meri\u0219or, lacramioare \u0219i anason, vanilie dulce, cumarin\u0103 pe baz\u0103 de plante \u0219i un fundal clasic de cedru lemnos, parfum Sun Sense dureaz\u0103 ore \u00eentregi.<\/p>\n<p><img decoding=\"async\" class=\"size-medium wp-image-654 alignleft\" src=\"https:\/\/cool-style.md\/wp-content\/uploads\/2021\/12\/Nishman-Powder-Styling-WaxP1-400x400.png\" alt=\"Nishman Powder Styling WaxP1\" width=\"157\" height=\"157\" srcset=\"https:\/\/cool-style.md\/wp-content\/uploads\/2021\/12\/Nishman-Powder-Styling-WaxP1-400x400.png 400w, https:\/\/cool-style.md\/wp-content\/uploads\/2021\/12\/Nishman-Powder-Styling-WaxP1-300x300.png 300w, https:\/\/cool-style.md\/wp-content\/uploads\/2021\/12\/Nishman-Powder-Styling-WaxP1-100x100.png 100w, https:\/\/cool-style.md\/wp-content\/uploads\/2021\/12\/Nishman-Powder-Styling-WaxP1-510x510.png 510w, https:\/\/cool-style.md\/wp-content\/uploads\/2021\/12\/Nishman-Powder-Styling-WaxP1-800x800.png 800w, https:\/\/cool-style.md\/wp-content\/uploads\/2021\/12\/Nishman-Powder-Styling-WaxP1-280x280.png 280w, https:\/\/cool-style.md\/wp-content\/uploads\/2021\/12\/Nishman-Powder-Styling-WaxP1-768x768.png 768w, https:\/\/cool-style.md\/wp-content\/uploads\/2021\/12\/Nishman-Powder-Styling-WaxP1-1536x1536.png 1536w, https:\/\/cool-style.md\/wp-content\/uploads\/2021\/12\/Nishman-Powder-Styling-WaxP1-247x247.png 247w, https:\/\/cool-style.md\/wp-content\/uploads\/2021\/12\/Nishman-Powder-Styling-WaxP1.png 1920w\" sizes=\"(max-width: 157px) 100vw, 157px\" \/><\/p>\n<p>Pudr\u0103 de p\u0103r Nishman Volume Powder P1 20 gr. Un nou concept interesant de textur\u0103 instantanee cu o suprafa\u021b\u0103 mat\u0103! O pudr\u0103 u\u0219oar\u0103 se transform\u0103 \u00eentr-o cear\u0103 cremoas\u0103, d\u00e2nd p\u0103rului volum la r\u0103d\u0103cini \u0219i fixare perfect\u0103. F\u0103r\u0103 pete albe sau urme grase, doar p\u0103r natural tactil!<\/p>\n<p><a href=\"https:\/\/cool-style.md\/wp-content\/uploads\/2021\/12\/Cool-style.md-Nishman-Matte-Paste-M1-Argan-100ml.png\"><img decoding=\"async\" class=\"wp-image-1325 alignleft\" src=\"https:\/\/cool-style.md\/wp-content\/uploads\/2021\/12\/Cool-style.md-Nishman-Matte-Paste-M1-Argan-100ml-400x400.png\" alt=\"Cool-style.md Nishman Matte Paste M1 Argan 100ml\" width=\"157\" height=\"157\" srcset=\"https:\/\/cool-style.md\/wp-content\/uploads\/2021\/12\/Cool-style.md-Nishman-Matte-Paste-M1-Argan-100ml-400x400.png 400w, https:\/\/cool-style.md\/wp-content\/uploads\/2021\/12\/Cool-style.md-Nishman-Matte-Paste-M1-Argan-100ml-300x300.png 300w, https:\/\/cool-style.md\/wp-content\/uploads\/2021\/12\/Cool-style.md-Nishman-Matte-Paste-M1-Argan-100ml-100x100.png 100w, https:\/\/cool-style.md\/wp-content\/uploads\/2021\/12\/Cool-style.md-Nishman-Matte-Paste-M1-Argan-100ml-510x510.png 510w, https:\/\/cool-style.md\/wp-content\/uploads\/2021\/12\/Cool-style.md-Nishman-Matte-Paste-M1-Argan-100ml-280x280.png 280w, https:\/\/cool-style.md\/wp-content\/uploads\/2021\/12\/Cool-style.md-Nishman-Matte-Paste-M1-Argan-100ml-768x768.png 768w, https:\/\/cool-style.md\/wp-content\/uploads\/2021\/12\/Cool-style.md-Nishman-Matte-Paste-M1-Argan-100ml-800x800.png 800w, https:\/\/cool-style.md\/wp-content\/uploads\/2021\/12\/Cool-style.md-Nishman-Matte-Paste-M1-Argan-100ml-1536x1536.png 1536w, https:\/\/cool-style.md\/wp-content\/uploads\/2021\/12\/Cool-style.md-Nishman-Matte-Paste-M1-Argan-100ml-247x247.png 247w, https:\/\/cool-style.md\/wp-content\/uploads\/2021\/12\/Cool-style.md-Nishman-Matte-Paste-M1-Argan-100ml.png 1920w\" sizes=\"(max-width: 157px) 100vw, 157px\" \/><\/a><\/p>\n<p>Cear\u0103 mat\u0103 pentru p\u0103r Nishman Matte Paste M1 Argan ajut\u0103 la modelarea p\u0103rului. Ofer\u0103 un aspect mat \u0219i o fixare puternic\u0103 care dureaz\u0103 toat\u0103 ziua. \u00cendreapt\u0103 p\u0103rul \u0219i \u00eempiedic\u0103 schimbarea formei acestuia. Nu lipe\u0219te p\u0103rul, ofer\u0103 o piept\u0103nare u\u0219oar\u0103. Potrivit <a href=\"https:\/\/cool-style.md\/ro\/product-category\/cosmetice-barbati\/coafarea-barbati\/\">pentru toate tipurile de p\u0103r<\/a>.","protected":false},"excerpt":{"rendered":"<p><span style=\"font-size: 100%;\">Nishman Gift Box a adunat cele mai bune produse cosmetice pentru un cadou perfect.<\/span><span style=\"font-size: 100%;\"><\/span><\/p>\n","protected":false},"featured_media":4117,"template":"","meta":[],"product_brand":[],"product_cat":[34,30,31],"product_tag":[],"class_list":{"0":"post-4116","1":"product","2":"type-product","3":"status-publish","4":"has-post-thumbnail","6":"product_cat-pentru-barbierit","7":"product_cat-coafarea-barbati","8":"product_cat-ingrijirea-par-barbati","9":"pa_brand-nishman","10":"pa_felul-produsului-tip-ceara","11":"pa_felul-produsului-tip-balsam","12":"pa_felul-produsului-tip-colonie","13":"pa_felul-produsului-tip-pudra","14":"pa_felul-produsului-tip-sampon","15":"pa_producator-turcia","16":"pa_volum-1-set","18":"first","19":"instock","20":"shipping-taxable","21":"purchasable","22":"product-type-simple"},"_links":{"self":[{"href":"https:\/\/cool-style.md\/ro\/wp-json\/wp\/v2\/product\/4116","targetHints":{"allow":["GET"]}}],"collection":[{"href":"https:\/\/cool-style.md\/ro\/wp-json\/wp\/v2\/product"}],"about":[{"href":"https:\/\/cool-style.md\/ro\/wp-json\/wp\/v2\/types\/product"}],"wp:featuredmedia":[{"embeddable":true,"href":"https:\/\/cool-style.md\/ro\/wp-json\/wp\/v2\/media\/4117"}],"wp:attachment":[{"href":"https:\/\/cool-style.md\/ro\/wp-json\/wp\/v2\/media?parent=4116"}],"wp:term":[{"taxonomy":"product_brand","embeddable":true,"href":"https:\/\/cool-style.md\/ro\/wp-json\/wp\/v2\/product_brand?post=4116"},{"taxonomy":"product_cat","embeddable":true,"href":"https:\/\/cool-style.md\/ro\/wp-json\/wp\/v2\/product_cat?post=4116"},{"taxonomy":"product_tag","embeddable":true,"href":"https:\/\/cool-style.md\/ro\/wp-json\/wp\/v2\/product_tag?post=4116"}],"curies":[{"name":"wp","href":"https:\/\/api.w.org\/{rel}","templated":true}]}}