{"id":4121,"date":"2024-12-09T08:59:53","date_gmt":"2024-12-09T08:59:53","guid":{"rendered":"https:\/\/cool-style.md\/?post_type=product&#038;p=4121"},"modified":"2024-12-09T09:10:40","modified_gmt":"2024-12-09T09:10:40","slug":"nishman-deodorant-spray-06","status":"publish","type":"product","link":"https:\/\/cool-style.md\/ro\/product\/nishman-deodorant-spray-06\/","title":{"rendered":"Spray deodorant pentru b\u0103rba\u021bi Nishman Deodorant Spray 06 200ml"},"content":{"rendered":"<h2><span style=\"font-size: 75%;\">Spray deodorant Nishman Deodorant Spray 06<\/span><\/h2>\n<p><span style=\"font-size: 100%;\"><a href=\"https:\/\/cool-style.md\/wp-content\/uploads\/2024\/12\/Cool-style.md-Nishaman-Deodorant-Spray.jpg\"><img decoding=\"async\" class=\" wp-image-4122 alignleft\" src=\"https:\/\/cool-style.md\/wp-content\/uploads\/2024\/12\/Cool-style.md-Nishaman-Deodorant-Spray.jpg\" alt=\" Cool-style.md-Nishaman-Deodorant-Spray\" width=\"288\" height=\"161\" srcset=\"https:\/\/cool-style.md\/wp-content\/uploads\/2024\/12\/Cool-style.md-Nishaman-Deodorant-Spray.jpg 700w, https:\/\/cool-style.md\/wp-content\/uploads\/2024\/12\/Cool-style.md-Nishaman-Deodorant-Spray-510x285.jpg 510w\" sizes=\"(max-width: 288px) 100vw, 288px\" \/><\/a><\/span><\/p>\n<p>Protec\u021bia ta zilnic\u0103 este aici! V\u0103 prezent\u0103m noul <a href=\"https:\/\/cool-style.md\/felul-produsului\/spray-deodorant\/\">spray deodorant<\/a> <a href=\"https:\/\/nishman.com.tr\/\" target=\"_blank\" rel=\"noopener\">Nishman<\/a>, conceput pentru a v\u0103 men\u021bine proasp\u0103t \u0219i \u00eencrez\u0103tor pe tot parcursul zilei. Cu o protec\u021bie puternic\u0103 \u0219i un parfum de lung\u0103 durat\u0103, este partenerul perfect pentru fiecare mi\u0219care pe care o faci. Fii curajos, stai statornic.<\/p>\n<p>Un deodorant de lung\u0103 durat\u0103 pentru b\u0103rba\u021bi care ofer\u0103 prospe\u021bime pe tot parcursul zilei. Are o formul\u0103 cu uscare rapid\u0103, nu las\u0103 reziduuri lipicioase \u0219i este bl\u00e2nd cu pielea.<\/p>\n<p>Inspirat de Versace Eros, acest parfum ofer\u0103 un parfum proasp\u0103t de citrice, cu note de v\u00e2rf de ment\u0103 \u0219i l\u0103m\u00e2ie, note de inim\u0103 de mu\u0219cate \u0219i cedru \u0219i note de baz\u0103 de boabe de tonka \u0219i vanilie.<\/p>\n<p><strong>Volum:<\/strong> 200 ml<\/p>\n<p><span style=\"font-size: 100%;\"><strong>Aten\u021bie:<\/strong> numai pentru uz extern. \u00cen caz de contact cu ochii, cl\u0103ti\u021bi cu mult\u0103 ap\u0103. A nu se lasa la indemana copiilor.<\/span><\/p>","protected":false},"excerpt":{"rendered":"<p><span style=\"font-size: 100%;\">Nishman Deodorant Spray 06 &#8211; protec\u021bie natural\u0103 \u0219i eficient\u0103.<\/span><\/p>\n","protected":false},"featured_media":4123,"template":"","meta":[],"product_brand":[],"product_cat":[224],"product_tag":[],"class_list":{"0":"post-4121","1":"product","2":"type-product","3":"status-publish","4":"has-post-thumbnail","6":"product_cat-deodorante-man","7":"pa_brand-nishman","8":"pa_felul-produsului-spray-deodorant","9":"pa_producator-turcia","10":"pa_volum-200ml","12":"first","13":"instock","14":"featured","15":"shipping-taxable","16":"purchasable","17":"product-type-simple"},"_links":{"self":[{"href":"https:\/\/cool-style.md\/ro\/wp-json\/wp\/v2\/product\/4121","targetHints":{"allow":["GET"]}}],"collection":[{"href":"https:\/\/cool-style.md\/ro\/wp-json\/wp\/v2\/product"}],"about":[{"href":"https:\/\/cool-style.md\/ro\/wp-json\/wp\/v2\/types\/product"}],"wp:featuredmedia":[{"embeddable":true,"href":"https:\/\/cool-style.md\/ro\/wp-json\/wp\/v2\/media\/4123"}],"wp:attachment":[{"href":"https:\/\/cool-style.md\/ro\/wp-json\/wp\/v2\/media?parent=4121"}],"wp:term":[{"taxonomy":"product_brand","embeddable":true,"href":"https:\/\/cool-style.md\/ro\/wp-json\/wp\/v2\/product_brand?post=4121"},{"taxonomy":"product_cat","embeddable":true,"href":"https:\/\/cool-style.md\/ro\/wp-json\/wp\/v2\/product_cat?post=4121"},{"taxonomy":"product_tag","embeddable":true,"href":"https:\/\/cool-style.md\/ro\/wp-json\/wp\/v2\/product_tag?post=4121"}],"curies":[{"name":"wp","href":"https:\/\/api.w.org\/{rel}","templated":true}]}}