{"id":4141,"date":"2024-12-09T11:28:36","date_gmt":"2024-12-09T11:28:36","guid":{"rendered":"https:\/\/cool-style.md\/?post_type=product&#038;p=4141"},"modified":"2026-01-05T18:38:06","modified_gmt":"2026-01-05T18:38:06","slug":"nishman-sea-face-scrub","status":"publish","type":"product","link":"https:\/\/cool-style.md\/ro\/product\/nishman-sea-face-scrub\/","title":{"rendered":"Scrub pentru fa\u021b\u0103 cu sare de mare Nishman Sea Face Scrub 300ml"},"content":{"rendered":"<h2><span style=\"font-size: 75%;\">Scrub pentru fa\u021b\u0103 Nishman Sea Face Scrub<\/span><\/h2>\n<ul>\n<li>Cur\u0103\u021b\u0103 \u00een profunzime \u0219i str\u00e2nge porii;<\/li>\n<li>\u00cendep\u0103rteaz\u0103 murd\u0103ria de pe fa\u021b\u0103, celulele moarte ale pielii \u0219i excesul de gr\u0103sime corporal\u0103;<\/li>\n<li>Las\u0103 pielea moale, curat\u0103 \u0219i str\u0103lucitoare;<\/li>\n<li>Potrivit pentru toate tipurile de piele;<\/li>\n<\/ul>\n<p><a href=\"https:\/\/cool-style.md\/wp-content\/uploads\/2024\/12\/Cool-style.md-Nishman-Sea-Scrub-1.jpg\"><img decoding=\"async\" class=\"wp-image-4143 alignleft\" src=\"https:\/\/cool-style.md\/wp-content\/uploads\/2024\/12\/Cool-style.md-Nishman-Sea-Scrub-1-400x400.jpg\" alt=\"Cool-style.md Nishman Sea Scrub\" width=\"236\" height=\"236\" srcset=\"https:\/\/cool-style.md\/wp-content\/uploads\/2024\/12\/Cool-style.md-Nishman-Sea-Scrub-1-400x400.jpg 400w, https:\/\/cool-style.md\/wp-content\/uploads\/2024\/12\/Cool-style.md-Nishman-Sea-Scrub-1-280x280.jpg 280w, https:\/\/cool-style.md\/wp-content\/uploads\/2024\/12\/Cool-style.md-Nishman-Sea-Scrub-1-300x300.jpg 300w, https:\/\/cool-style.md\/wp-content\/uploads\/2024\/12\/Cool-style.md-Nishman-Sea-Scrub-1-100x100.jpg 100w, https:\/\/cool-style.md\/wp-content\/uploads\/2024\/12\/Cool-style.md-Nishman-Sea-Scrub-1.jpg 500w\" sizes=\"(max-width: 236px) 100vw, 236px\" \/><\/a>Exfoliant natural pentru <a href=\"https:\/\/cool-style.md\/ro\/cosmetice-barbati\/ingrijirea-fetei\/\">cur\u0103\u021barea fe\u021bei<\/a> cu sare de mare <a href=\"https:\/\/nishman.com.tr\/\" target=\"_blank\" rel=\"noopener\">NISHMAN<\/a> este special conceput pentru a \u00eendep\u0103rta u\u0219or murd\u0103ria, excesul de ulei \u0219i punctele negre de pe fa\u021b\u0103. Datorit\u0103 dispari\u021biei celulelor moarte, pielea fe\u021bei devine mai fin\u0103, mai moale \u0219i mai s\u0103n\u0103toas\u0103.<\/p>\n<p><strong>Volum:<\/strong> 300 ml<\/p>\n<p><strong>Mod de utilizare:<\/strong> Aplica\u021bi scrub-ul pe piele \u0219i masa\u021bi u\u0219or fa\u021ba cu mi\u0219c\u0103ri circulare, evit\u00e2nd contactul cu pielea sensibil\u0103 din jurul ochilor. Apoi cl\u0103ti\u021bi-l cu ap\u0103 cald\u0103.<\/p>\n<p><strong>Aten\u021bie:<\/strong> numai pentru uz extern. \u00cen caz de contact cu ochii, cl\u0103ti\u021bi cu mult\u0103 ap\u0103. A nu se lasa la indemana copiilor.","protected":false},"excerpt":{"rendered":"<p><span style=\"font-size: 100%;\">Nishman Sea Face Scrub cura\u021b\u0103 \u00een profunzime porii \u0219i \u00eendeparteaz\u0103 celulele moarte.<\/span><span style=\"font-size: 100%;\"><\/span><\/p>\n","protected":false},"featured_media":4142,"template":"","meta":[],"product_brand":[],"product_cat":[33],"product_tag":[],"class_list":{"0":"post-4141","1":"product","2":"type-product","3":"status-publish","4":"has-post-thumbnail","6":"product_cat-ingrijirea-fetei","7":"pa_brand-nishman","8":"pa_felul-produsului-tip-scrub","9":"pa_producator-turcia","10":"pa_volum-300ml","12":"first","13":"instock","14":"featured","15":"shipping-taxable","16":"purchasable","17":"product-type-simple"},"_links":{"self":[{"href":"https:\/\/cool-style.md\/ro\/wp-json\/wp\/v2\/product\/4141","targetHints":{"allow":["GET"]}}],"collection":[{"href":"https:\/\/cool-style.md\/ro\/wp-json\/wp\/v2\/product"}],"about":[{"href":"https:\/\/cool-style.md\/ro\/wp-json\/wp\/v2\/types\/product"}],"wp:featuredmedia":[{"embeddable":true,"href":"https:\/\/cool-style.md\/ro\/wp-json\/wp\/v2\/media\/4142"}],"wp:attachment":[{"href":"https:\/\/cool-style.md\/ro\/wp-json\/wp\/v2\/media?parent=4141"}],"wp:term":[{"taxonomy":"product_brand","embeddable":true,"href":"https:\/\/cool-style.md\/ro\/wp-json\/wp\/v2\/product_brand?post=4141"},{"taxonomy":"product_cat","embeddable":true,"href":"https:\/\/cool-style.md\/ro\/wp-json\/wp\/v2\/product_cat?post=4141"},{"taxonomy":"product_tag","embeddable":true,"href":"https:\/\/cool-style.md\/ro\/wp-json\/wp\/v2\/product_tag?post=4141"}],"curies":[{"name":"wp","href":"https:\/\/api.w.org\/{rel}","templated":true}]}}