{"id":4147,"date":"2024-12-09T12:59:29","date_gmt":"2024-12-09T12:59:29","guid":{"rendered":"https:\/\/cool-style.md\/?post_type=product&#038;p=4147"},"modified":"2024-12-10T16:52:54","modified_gmt":"2024-12-10T16:52:54","slug":"nishman-beard-mustache-leave-in-foam-conditioner","status":"publish","type":"product","link":"https:\/\/cool-style.md\/ro\/product\/nishman-beard-mustache-leave-in-foam-conditioner\/","title":{"rendered":"Balsam-spum\u0103 pentru barb\u0103 \u0219i musta\u021b\u0103 \u00eempotriva m\u0103tre\u021bii Nishman Beard &#038; Mustache Leave in Foam Conditioner 150ml"},"content":{"rendered":"<h2><span style=\"font-size: 75%;\">Balsam-spum\u0103 Nishman Beard &amp; Mustache Leave in Foam Conditioner<\/span><\/h2>\n<ul>\n<li>\u00cenmoaie \u0219i hr\u0103ne\u0219te p\u0103rul;<\/li>\n<li>U\u0219ureaz\u0103 piept\u0103narea;<\/li>\n<li>Previne matrea\u021ba;<\/li>\n<li>Pentru toate tipurile de p\u0103r.<\/li>\n<\/ul>\n<p><a href=\"https:\/\/cool-style.md\/wp-content\/uploads\/2024\/12\/Cool-style.md-Nishman-Foam-Conditioner.jpg\"><img decoding=\"async\" class=\"wp-image-4149 alignleft\" src=\"https:\/\/cool-style.md\/wp-content\/uploads\/2024\/12\/Cool-style.md-Nishman-Foam-Conditioner-400x400.jpg\" alt=\"Cool-style.md Nishman Foam Conditioner\" width=\"270\" height=\"270\" srcset=\"https:\/\/cool-style.md\/wp-content\/uploads\/2024\/12\/Cool-style.md-Nishman-Foam-Conditioner-400x400.jpg 400w, https:\/\/cool-style.md\/wp-content\/uploads\/2024\/12\/Cool-style.md-Nishman-Foam-Conditioner-800x800.jpg 800w, https:\/\/cool-style.md\/wp-content\/uploads\/2024\/12\/Cool-style.md-Nishman-Foam-Conditioner-280x280.jpg 280w, https:\/\/cool-style.md\/wp-content\/uploads\/2024\/12\/Cool-style.md-Nishman-Foam-Conditioner-768x768.jpg 768w, https:\/\/cool-style.md\/wp-content\/uploads\/2024\/12\/Cool-style.md-Nishman-Foam-Conditioner-300x300.jpg 300w, https:\/\/cool-style.md\/wp-content\/uploads\/2024\/12\/Cool-style.md-Nishman-Foam-Conditioner-510x510.jpg 510w, https:\/\/cool-style.md\/wp-content\/uploads\/2024\/12\/Cool-style.md-Nishman-Foam-Conditioner-100x100.jpg 100w, https:\/\/cool-style.md\/wp-content\/uploads\/2024\/12\/Cool-style.md-Nishman-Foam-Conditioner.jpg 1080w\" sizes=\"(max-width: 270px) 100vw, 270px\" \/><\/a>Balsam spumant pentru <a href=\"https:\/\/cool-style.md\/cosmetice-barbati\/ingrijirea-barbii\/\">barb\u0103 \u0219i musta\u021b\u0103<\/a> <a href=\"https:\/\/nishman.com.tr\/\" target=\"_blank\" rel=\"noopener\">Nishman<\/a>, cu formula sa special formulata care contine rozmarin, urzica, provitamina B5, biotina si niacina, iti lasa barba si mustata moale in timp ce previne incretirea.<\/p>\n<p>Datorit\u0103 proteinelor \u0219i aminoacizilor pe care \u00eei con\u021bine, red\u0103 textura p\u0103rului deteriorat \u0219i suprauscat la nivelul dorit de umiditate, faciliteaz\u0103 piept\u0103narea, elimin\u0103 \u00eencre\u021birea \u0219i adaug\u0103 str\u0103lucire.<\/p>\n<p><strong>Volum:<\/strong> 150 ml<\/p>\n<p><strong>Mod de utilizare:<\/strong>Aplica\u021bi pe barb\u0103 \u0219i musta\u021b\u0103 cu mi\u0219c\u0103ri u\u0219oare de masaj. Nu-l sp\u0103la\u021bi.<\/p>\n<p><strong>Aten\u021bie:<\/strong> numai pentru uz extern. \u00cen caz de contact cu ochii, cl\u0103ti\u021bi cu mult\u0103 ap\u0103. A nu se lasa la indemana copiilor.<\/p>","protected":false},"excerpt":{"rendered":"<p><span style=\"font-size: 100%;\">Nishman Beard &amp; Mustache Leave in Foam Conditioner catifeleaz\u0103 \u0219i hr\u0103ne\u0219te p\u0103rul, previne m\u0103trea\u021ba.<\/span><span style=\"font-size: 100%;\"><\/span><\/p>\n","protected":false},"featured_media":4148,"template":"","meta":[],"product_brand":[],"product_cat":[32],"product_tag":[],"class_list":{"0":"post-4147","1":"product","2":"type-product","3":"status-publish","4":"has-post-thumbnail","6":"product_cat-ingrijirea-barbii","7":"pa_brand-nishman","8":"pa_felul-produsului-tip-balsam","9":"pa_producator-turcia","10":"pa_volum-150ml","12":"first","13":"instock","14":"featured","15":"shipping-taxable","16":"purchasable","17":"product-type-simple"},"_links":{"self":[{"href":"https:\/\/cool-style.md\/ro\/wp-json\/wp\/v2\/product\/4147","targetHints":{"allow":["GET"]}}],"collection":[{"href":"https:\/\/cool-style.md\/ro\/wp-json\/wp\/v2\/product"}],"about":[{"href":"https:\/\/cool-style.md\/ro\/wp-json\/wp\/v2\/types\/product"}],"wp:featuredmedia":[{"embeddable":true,"href":"https:\/\/cool-style.md\/ro\/wp-json\/wp\/v2\/media\/4148"}],"wp:attachment":[{"href":"https:\/\/cool-style.md\/ro\/wp-json\/wp\/v2\/media?parent=4147"}],"wp:term":[{"taxonomy":"product_brand","embeddable":true,"href":"https:\/\/cool-style.md\/ro\/wp-json\/wp\/v2\/product_brand?post=4147"},{"taxonomy":"product_cat","embeddable":true,"href":"https:\/\/cool-style.md\/ro\/wp-json\/wp\/v2\/product_cat?post=4147"},{"taxonomy":"product_tag","embeddable":true,"href":"https:\/\/cool-style.md\/ro\/wp-json\/wp\/v2\/product_tag?post=4147"}],"curies":[{"name":"wp","href":"https:\/\/api.w.org\/{rel}","templated":true}]}}