{"id":4150,"date":"2024-12-09T13:13:57","date_gmt":"2024-12-09T13:13:57","guid":{"rendered":"https:\/\/cool-style.md\/?post_type=product&#038;p=4150"},"modified":"2026-01-05T19:27:53","modified_gmt":"2026-01-05T19:27:53","slug":"nishman-face-tonic-1-fresh","status":"publish","type":"product","link":"https:\/\/cool-style.md\/ro\/product\/nishman-face-tonic-1-fresh\/","title":{"rendered":"Tonic facial Nishman Face Tonic 1 Fresh 200ml"},"content":{"rendered":"<h2><span style=\"font-size: 75%;\">Tonic facial Nishman Face Tonic 1 Fresh<\/span><\/h2>\n<ul>\n<li>Hidrateaz\u0103 \u0219i hr\u0103ne\u0219te pielea;<\/li>\n<li>Restabile\u0219te echilibrul umidit\u0103\u021bii;<\/li>\n<li>Ofer\u0103 o senza\u021bie de prospe\u021bime;<\/li>\n<li>Cur\u0103\u021b\u0103 eficient pielea;<\/li>\n<\/ul>\n<p><span style=\"font-size: 100%;\"><a href=\"https:\/\/cool-style.md\/wp-content\/uploads\/2024\/12\/Cool-style.md-Nishman-Face-Tonic-1-Fresh-200ml-.jpg\"><img decoding=\"async\" class=\"wp-image-4152 alignleft\" src=\"https:\/\/cool-style.md\/wp-content\/uploads\/2024\/12\/Cool-style.md-Nishman-Face-Tonic-1-Fresh-200ml--400x400.jpg\" alt=\"Cool-style.md Nishman Face Tonic 1 Fresh 200ml\" width=\"259\" height=\"259\" srcset=\"https:\/\/cool-style.md\/wp-content\/uploads\/2024\/12\/Cool-style.md-Nishman-Face-Tonic-1-Fresh-200ml--400x400.jpg 400w, https:\/\/cool-style.md\/wp-content\/uploads\/2024\/12\/Cool-style.md-Nishman-Face-Tonic-1-Fresh-200ml--800x800.jpg 800w, https:\/\/cool-style.md\/wp-content\/uploads\/2024\/12\/Cool-style.md-Nishman-Face-Tonic-1-Fresh-200ml--280x280.jpg 280w, https:\/\/cool-style.md\/wp-content\/uploads\/2024\/12\/Cool-style.md-Nishman-Face-Tonic-1-Fresh-200ml--768x768.jpg 768w, https:\/\/cool-style.md\/wp-content\/uploads\/2024\/12\/Cool-style.md-Nishman-Face-Tonic-1-Fresh-200ml--300x300.jpg 300w, https:\/\/cool-style.md\/wp-content\/uploads\/2024\/12\/Cool-style.md-Nishman-Face-Tonic-1-Fresh-200ml--510x510.jpg 510w, https:\/\/cool-style.md\/wp-content\/uploads\/2024\/12\/Cool-style.md-Nishman-Face-Tonic-1-Fresh-200ml--100x100.jpg 100w, https:\/\/cool-style.md\/wp-content\/uploads\/2024\/12\/Cool-style.md-Nishman-Face-Tonic-1-Fresh-200ml-.jpg 1080w\" sizes=\"(max-width: 259px) 100vw, 259px\" \/><\/a>Tonic <a href=\"https:\/\/cool-style.md\/ro\/cosmetice-barbati\/ingrijirea-fetei\/\">facial<\/a>\u00a0<a href=\"https:\/\/nishman.com.tr\/\" target=\"_blank\" rel=\"noopener\">Nishman<\/a> \u00eemprosp\u0103teaz\u0103 pielea \u0219i \u00eei restabile\u0219te echilibrul natural al pH-ului. Finalizeaz\u0103 procedura de cur\u0103\u021bare a pielii, preg\u0103tindu-l pentru aplicarea produselor de \u00eengrijire de baz\u0103. Protejeaz\u0103 \u00eempotriva factorilor negativi de mediu \u0219i a toxinelor, p\u0103str\u00e2nd tinere\u021bea \u0219i frumuse\u021bea natural\u0103. Componentele din compozi\u021bie \u00eemprosp\u0103teaz\u0103, r\u0103cesc, vindec\u0103 r\u0103nile \u0219i calmeaz\u0103 inflama\u021bia de pe piele.<\/span><\/p>\n<p><strong>Volum:<\/strong> 200 ml<\/p>\n<p><strong>Mod de utilizare:<\/strong> Dup\u0103 sp\u0103lare, umezi\u021bi un tampon de bumbac cu toner \u0219i aplica\u021bi-l pe fa\u021b\u0103, mas\u00e2nd cu mi\u0219c\u0103ri circulare.<\/p>\n<p><span style=\"font-size: 100%;\"><strong>Aten\u021bie:<\/strong> numai pentru uz extern. \u00cen caz de contact cu ochii, cl\u0103ti\u021bi cu mult\u0103 ap\u0103. A nu se lasa la indemana copiilor.<\/span><\/p>","protected":false},"excerpt":{"rendered":"<p><span style=\"font-size: 100%;\">Nishman Face Tonic 1 Fresh cur\u0103\u021b\u0103 pielea \u0219i \u00eei confer\u0103 un aspect proasp\u0103t \u0219i curat.<\/span><span style=\"font-size: 100%;\"><\/span><\/p>\n","protected":false},"featured_media":4151,"template":"","meta":[],"product_brand":[],"product_cat":[33],"product_tag":[],"class_list":{"0":"post-4150","1":"product","2":"type-product","3":"status-publish","4":"has-post-thumbnail","6":"product_cat-ingrijirea-fetei","7":"pa_brand-nishman","8":"pa_felul-produsului-tip-tonic","9":"pa_producator-turcia","10":"pa_volum-200ml","12":"first","13":"instock","14":"featured","15":"shipping-taxable","16":"purchasable","17":"product-type-simple"},"_links":{"self":[{"href":"https:\/\/cool-style.md\/ro\/wp-json\/wp\/v2\/product\/4150","targetHints":{"allow":["GET"]}}],"collection":[{"href":"https:\/\/cool-style.md\/ro\/wp-json\/wp\/v2\/product"}],"about":[{"href":"https:\/\/cool-style.md\/ro\/wp-json\/wp\/v2\/types\/product"}],"wp:featuredmedia":[{"embeddable":true,"href":"https:\/\/cool-style.md\/ro\/wp-json\/wp\/v2\/media\/4151"}],"wp:attachment":[{"href":"https:\/\/cool-style.md\/ro\/wp-json\/wp\/v2\/media?parent=4150"}],"wp:term":[{"taxonomy":"product_brand","embeddable":true,"href":"https:\/\/cool-style.md\/ro\/wp-json\/wp\/v2\/product_brand?post=4150"},{"taxonomy":"product_cat","embeddable":true,"href":"https:\/\/cool-style.md\/ro\/wp-json\/wp\/v2\/product_cat?post=4150"},{"taxonomy":"product_tag","embeddable":true,"href":"https:\/\/cool-style.md\/ro\/wp-json\/wp\/v2\/product_tag?post=4150"}],"curies":[{"name":"wp","href":"https:\/\/api.w.org\/{rel}","templated":true}]}}