{"id":4153,"date":"2024-12-09T13:41:59","date_gmt":"2024-12-09T13:41:59","guid":{"rendered":"https:\/\/cool-style.md\/?post_type=product&#038;p=4153"},"modified":"2024-12-09T13:49:08","modified_gmt":"2024-12-09T13:49:08","slug":"nishman-sea-salt-spray-02","status":"publish","type":"product","link":"https:\/\/cool-style.md\/ro\/product\/nishman-sea-salt-spray-02\/","title":{"rendered":"Spray cu sare de mare Nishman Sea Salt Spray 02 200ml"},"content":{"rendered":"<h2><span style=\"font-size: 75%;\">Spray cu sare de mare Nishman Sea Salt Spray 02<\/span><\/h2>\n<ul>\n<li>Coafare u\u0219oar\u0103 si rapid\u0103;<\/li>\n<li>Ofer\u0103 volum mare;<\/li>\n<li>F\u0103r\u0103 lipiciitate;<\/li>\n<li>\u00cenmoaie \u0219i face p\u0103rul mai u\u0219or de gestionat;<\/li>\n<li>Nu \u00eengreuneaz\u0103 p\u0103rul.<\/li>\n<\/ul>\n<p><a href=\"https:\/\/cool-style.md\/wp-content\/uploads\/2024\/12\/Cool-style.md-Nishman-Sea-Salt-Spray-02.jpg\"><img decoding=\"async\" class=\"wp-image-4154 alignleft\" src=\"https:\/\/cool-style.md\/wp-content\/uploads\/2024\/12\/Cool-style.md-Nishman-Sea-Salt-Spray-02-400x400.jpg\" alt=\"Cool-style.md Nishman Sea Salt Spray 02\" width=\"350\" height=\"350\" srcset=\"https:\/\/cool-style.md\/wp-content\/uploads\/2024\/12\/Cool-style.md-Nishman-Sea-Salt-Spray-02-400x400.jpg 400w, https:\/\/cool-style.md\/wp-content\/uploads\/2024\/12\/Cool-style.md-Nishman-Sea-Salt-Spray-02-280x280.jpg 280w, https:\/\/cool-style.md\/wp-content\/uploads\/2024\/12\/Cool-style.md-Nishman-Sea-Salt-Spray-02-300x300.jpg 300w, https:\/\/cool-style.md\/wp-content\/uploads\/2024\/12\/Cool-style.md-Nishman-Sea-Salt-Spray-02-510x510.jpg 510w, https:\/\/cool-style.md\/wp-content\/uploads\/2024\/12\/Cool-style.md-Nishman-Sea-Salt-Spray-02-100x100.jpg 100w, https:\/\/cool-style.md\/wp-content\/uploads\/2024\/12\/Cool-style.md-Nishman-Sea-Salt-Spray-02.jpg 700w\" sizes=\"(max-width: 350px) 100vw, 350px\" \/><\/a>Spray-ul cu sare de mare <a href=\"https:\/\/nishman.com.tr\/\" target=\"_blank\" rel=\"noopener\">Nishman<\/a> este produsul perfect pentru coafarea p\u0103rului. Formula unic\u0103 va oferi p\u0103rului t\u0103u volum incredibil, mi\u0219care \u0219i \u021binere. Spre deosebire de uleiuri \u0219i lacuri, nu \u00eengreuneaz\u0103 p\u0103rul. Con\u021bine alge marine \u0219i ulei de argan. Potrivit <a href=\"https:\/\/cool-style.md\/ro\/product-category\/cosmetice-barbati\/coafarea-barbati\/\">pentru orice tip de p\u0103r<\/a>.<\/p>\n<p><strong>Volum:<\/strong> 200 ml<\/p>\n<p><b>Fixare:<\/b> medie<\/p>\n<p><strong>Mod de utilizare:<\/strong> Pulveriza\u021bi pe p\u0103rul umed. Pentru o eviden\u021biere mai eficient\u0103 a texturii, \u00eencepe\u021bi s\u0103 distribui\u021bi produsul de la mijlocul buclelor, \u0219i nu de la r\u0103d\u0103cini.<\/p>\n<p><strong>Aten\u021bie:<\/strong> numai pentru uz extern. \u00cen caz de contact cu ochii, cl\u0103ti\u021bi cu mult\u0103 ap\u0103. A nu se lasa la indemana copiilor.<\/p>","protected":false},"excerpt":{"rendered":"<p><span style=\"font-size: 100%;\">Nishman Sea Salt Spray ofer\u0103 \u021binere \u0219i volum f\u0103r\u0103 a \u00eengreuna p\u0103rul.<\/span><span style=\"font-size: 100%;\"><\/span><\/p>\n","protected":false},"featured_media":4155,"template":"","meta":[],"product_brand":[],"product_cat":[30,35],"product_tag":[],"class_list":{"0":"post-4153","1":"product","2":"type-product","3":"status-publish","4":"has-post-thumbnail","6":"product_cat-coafarea-barbati","7":"product_cat-coafarea-femei","8":"pa_brand-nishman","9":"pa_felul-produsului-tip-spray-sare","10":"pa_fixare-medie","11":"pa_producator-turcia","12":"pa_volum-200ml","14":"first","15":"instock","16":"featured","17":"shipping-taxable","18":"purchasable","19":"product-type-simple"},"_links":{"self":[{"href":"https:\/\/cool-style.md\/ro\/wp-json\/wp\/v2\/product\/4153","targetHints":{"allow":["GET"]}}],"collection":[{"href":"https:\/\/cool-style.md\/ro\/wp-json\/wp\/v2\/product"}],"about":[{"href":"https:\/\/cool-style.md\/ro\/wp-json\/wp\/v2\/types\/product"}],"wp:featuredmedia":[{"embeddable":true,"href":"https:\/\/cool-style.md\/ro\/wp-json\/wp\/v2\/media\/4155"}],"wp:attachment":[{"href":"https:\/\/cool-style.md\/ro\/wp-json\/wp\/v2\/media?parent=4153"}],"wp:term":[{"taxonomy":"product_brand","embeddable":true,"href":"https:\/\/cool-style.md\/ro\/wp-json\/wp\/v2\/product_brand?post=4153"},{"taxonomy":"product_cat","embeddable":true,"href":"https:\/\/cool-style.md\/ro\/wp-json\/wp\/v2\/product_cat?post=4153"},{"taxonomy":"product_tag","embeddable":true,"href":"https:\/\/cool-style.md\/ro\/wp-json\/wp\/v2\/product_tag?post=4153"}],"curies":[{"name":"wp","href":"https:\/\/api.w.org\/{rel}","templated":true}]}}