{"id":4167,"date":"2024-12-09T14:44:42","date_gmt":"2024-12-09T14:44:42","guid":{"rendered":"https:\/\/cool-style.md\/?post_type=product&#038;p=4167"},"modified":"2026-01-05T19:27:10","modified_gmt":"2026-01-05T19:27:10","slug":"nishman-hair-mask-inca-inci-300ml","status":"publish","type":"product","link":"https:\/\/cool-style.md\/ro\/product\/nishman-hair-mask-inca-inci-300ml\/","title":{"rendered":"Masc\u0103 pentru p\u0103r uscat \u0219i deteriorat Nishman Hair Mask Inca Inci Complex 300ml"},"content":{"rendered":"<h2><span style=\"font-size: 75%;\">Masc\u0103 pentru p\u0103r uscat \u0219i deteriorat Nishman Hair Mask Inca Inci Complex<\/span><\/h2>\n<ul>\n<li>Ingrediente naturale;<\/li>\n<li>F\u0103r\u0103 sare \u0219i parabeni;<\/li>\n<li>Cur\u0103\u021b\u0103 \u0219i catifeleaz\u0103 p\u0103rul;<\/li>\n<li>Faciliteaz\u0103 piept\u0103narea;<\/li>\n<\/ul>\n<p><span style=\"font-size: 100%;\"><a href=\"https:\/\/cool-style.md\/wp-content\/uploads\/2021\/12\/Cool-style.md-Nishman-Hair-Mask-Inca-Inci-Complex.jpg\"><img decoding=\"async\" class=\"size-medium wp-image-4166 alignleft\" src=\"https:\/\/cool-style.md\/wp-content\/uploads\/2021\/12\/Cool-style.md-Nishman-Hair-Mask-Inca-Inci-Complex-287x400.jpg\" alt=\"Cool-style.md Nishman Hair Mask Inca Inci Complex\" width=\"287\" height=\"400\" srcset=\"https:\/\/cool-style.md\/wp-content\/uploads\/2021\/12\/Cool-style.md-Nishman-Hair-Mask-Inca-Inci-Complex-287x400.jpg 287w, https:\/\/cool-style.md\/wp-content\/uploads\/2021\/12\/Cool-style.md-Nishman-Hair-Mask-Inca-Inci-Complex-575x800.jpg 575w, https:\/\/cool-style.md\/wp-content\/uploads\/2021\/12\/Cool-style.md-Nishman-Hair-Mask-Inca-Inci-Complex-768x1069.jpg 768w, https:\/\/cool-style.md\/wp-content\/uploads\/2021\/12\/Cool-style.md-Nishman-Hair-Mask-Inca-Inci-Complex-1104x1536.jpg 1104w, https:\/\/cool-style.md\/wp-content\/uploads\/2021\/12\/Cool-style.md-Nishman-Hair-Mask-Inca-Inci-Complex-510x710.jpg 510w, https:\/\/cool-style.md\/wp-content\/uploads\/2021\/12\/Cool-style.md-Nishman-Hair-Mask-Inca-Inci-Complex.jpg 1299w\" sizes=\"(max-width: 287px) 100vw, 287px\" \/><\/a><\/span>Masca de p\u0103r <span style=\"font-size: 100%;\"><a href=\"https:\/\/nishman.com.tr\/\" target=\"_blank\" rel=\"noopener\">Nishman<\/a><\/span> ofer\u0103 \u00eengrijire \u0219i refacere profund\u0103 a p\u0103rului \u0219i, de asemenea, catifeleaz\u0103 p\u0103rul. Masca de p\u0103r este folosit\u0103 pentru p\u0103rul deteriorat \u0219i uscat. \u00ce\u021bi face p\u0103rul moale \u0219i str\u0103lucitor \u0219i ajut\u0103 la men\u021binerea echilibrului de umiditate al p\u0103rului, oferindu-i un aspect m\u0103t\u0103sos \u0219i o atingere moale. Ajut\u0103 cu v\u00e2rfurile despicate \u0219i face piept\u0103narea mai u\u0219oar\u0103. Produsul este potrivit <a href=\"https:\/\/cool-style.md\/ro\/cosmetice-barbati\/ingrijirea-par-barbati\/\">toate tipurile de p\u0103r<\/a>, precum \u0219i pentru uz zilnic.<\/p>\n<p><strong>Volum:<\/strong> 300 ml<\/p>\n<p><strong>Mod de utilizare:<\/strong> Aplica\u021bi masca cu mi\u0219c\u0103ri de masaj pe lungimea p\u0103rului \u0219i la v\u00e2rfuri dup\u0103 sp\u0103lare cu \u0219ampon. Se lasa 2-3 minute. Cl\u0103ti\u021bi cu ap\u0103. Se recomand\u0103 utilizarea de 3 ori pe s\u0103pt\u0103m\u00e2n\u0103.<\/p>\n<p><span style=\"font-size: 100%;\"><strong>Aten\u021bie:<\/strong> numai pentru uz extern. \u00cen caz de contact cu ochii, cl\u0103ti\u021bi cu mult\u0103 ap\u0103. A nu se lasa la indemana copiilor.<\/span><\/p>","protected":false},"excerpt":{"rendered":"<p><span style=\"font-size: 100%;\">Nishman Hair Mask Inca Inci Complex cur\u0103\u021b\u0103 \u0219i catifeleaz\u0103 p\u0103rul pentru un aspect s\u0103n\u0103tos \u0219i radiant.<\/span><span style=\"font-size: 100%;\"><\/span><\/p>\n","protected":false},"featured_media":4165,"template":"","meta":[],"product_brand":[],"product_cat":[31],"product_tag":[],"class_list":{"0":"post-4167","1":"product","2":"type-product","3":"status-publish","4":"has-post-thumbnail","6":"product_cat-ingrijirea-par-barbati","7":"pa_brand-nishman","8":"pa_felul-produsului-tip-masca","9":"pa_producator-turcia","10":"pa_volum-300ml","12":"first","13":"instock","14":"featured","15":"shipping-taxable","16":"purchasable","17":"product-type-simple"},"_links":{"self":[{"href":"https:\/\/cool-style.md\/ro\/wp-json\/wp\/v2\/product\/4167","targetHints":{"allow":["GET"]}}],"collection":[{"href":"https:\/\/cool-style.md\/ro\/wp-json\/wp\/v2\/product"}],"about":[{"href":"https:\/\/cool-style.md\/ro\/wp-json\/wp\/v2\/types\/product"}],"wp:featuredmedia":[{"embeddable":true,"href":"https:\/\/cool-style.md\/ro\/wp-json\/wp\/v2\/media\/4165"}],"wp:attachment":[{"href":"https:\/\/cool-style.md\/ro\/wp-json\/wp\/v2\/media?parent=4167"}],"wp:term":[{"taxonomy":"product_brand","embeddable":true,"href":"https:\/\/cool-style.md\/ro\/wp-json\/wp\/v2\/product_brand?post=4167"},{"taxonomy":"product_cat","embeddable":true,"href":"https:\/\/cool-style.md\/ro\/wp-json\/wp\/v2\/product_cat?post=4167"},{"taxonomy":"product_tag","embeddable":true,"href":"https:\/\/cool-style.md\/ro\/wp-json\/wp\/v2\/product_tag?post=4167"}],"curies":[{"name":"wp","href":"https:\/\/api.w.org\/{rel}","templated":true}]}}