{"id":4175,"date":"2024-12-09T16:59:44","date_gmt":"2024-12-09T16:59:44","guid":{"rendered":"https:\/\/cool-style.md\/?post_type=product&#038;p=4175"},"modified":"2024-12-09T17:04:26","modified_gmt":"2024-12-09T17:04:26","slug":"nishman-scalp-and-face-clay-mask","status":"publish","type":"product","link":"https:\/\/cool-style.md\/ro\/product\/nishman-scalp-and-face-clay-mask\/","title":{"rendered":"Masc\u0103 pentru fa\u021b\u0103 \u0219i scalp din argil\u0103 Nishman Scalp and Face Clay Mask 450gr"},"content":{"rendered":"<h2><span style=\"font-size: 75%;\">Masc\u0103 pentru fa\u021b\u0103 \u0219i scalp\u00a0Nishman Scalp and Face Clay Mask<\/span><\/h2>\n<ul>\n<li>Hidrateaz\u0103 \u0219i hr\u0103ne\u0219te pielea;<\/li>\n<li>Cura\u021b\u0103 \u00een profunzime porii;<\/li>\n<li>Normalizeaz\u0103 activitatea glandelor sebacee;<\/li>\n<li>\u00cendep\u0103rteaz\u0103 epiteliul mort;<\/li>\n<li>Potrivit pentru toate tipurile de piele;<\/li>\n<\/ul>\n<p><a href=\"https:\/\/cool-style.md\/wp-content\/uploads\/2024\/12\/Cool-style.md-Nishman-Scalp-and-Face-Clay-Mask.jpg\"><img decoding=\"async\" class=\" wp-image-4176 alignleft\" src=\"https:\/\/cool-style.md\/wp-content\/uploads\/2024\/12\/Cool-style.md-Nishman-Scalp-and-Face-Clay-Mask-400x400.jpg\" alt=\"Cool-style.md Nishman Scalp and Face Clay Mask\" width=\"284\" height=\"284\" srcset=\"https:\/\/cool-style.md\/wp-content\/uploads\/2024\/12\/Cool-style.md-Nishman-Scalp-and-Face-Clay-Mask-400x400.jpg 400w, https:\/\/cool-style.md\/wp-content\/uploads\/2024\/12\/Cool-style.md-Nishman-Scalp-and-Face-Clay-Mask-800x800.jpg 800w, https:\/\/cool-style.md\/wp-content\/uploads\/2024\/12\/Cool-style.md-Nishman-Scalp-and-Face-Clay-Mask-280x280.jpg 280w, https:\/\/cool-style.md\/wp-content\/uploads\/2024\/12\/Cool-style.md-Nishman-Scalp-and-Face-Clay-Mask-768x768.jpg 768w, https:\/\/cool-style.md\/wp-content\/uploads\/2024\/12\/Cool-style.md-Nishman-Scalp-and-Face-Clay-Mask-300x300.jpg 300w, https:\/\/cool-style.md\/wp-content\/uploads\/2024\/12\/Cool-style.md-Nishman-Scalp-and-Face-Clay-Mask-510x510.jpg 510w, https:\/\/cool-style.md\/wp-content\/uploads\/2024\/12\/Cool-style.md-Nishman-Scalp-and-Face-Clay-Mask-100x100.jpg 100w, https:\/\/cool-style.md\/wp-content\/uploads\/2024\/12\/Cool-style.md-Nishman-Scalp-and-Face-Clay-Mask.jpg 1080w\" sizes=\"(max-width: 284px) 100vw, 284px\" \/><\/a>Formulat\u0103 cu ingrediente naturale, aceast\u0103 masc\u0103 de argil\u0103 <a href=\"https:\/\/nishman.com.tr\/\" target=\"_blank\" rel=\"noopener\">Nishman<\/a> ofer\u0103 o cur\u0103\u021bare profund\u0103, l\u0103s\u00e2nd scalpul \u0219i <a href=\"https:\/\/cool-style.md\/ru\/cosmetice-barbati\/ingrijirea-fetei\/\">fa\u021ba<\/a> s\u0103 se simt\u0103 m\u0103t\u0103soase, revitalizate. \u00cendep\u0103rteaz\u0103 eficient excesul de ulei, celulele moarte \u0219i impurit\u0103\u021bile pielii, ajut\u00e2nd la desfundarea porilor \u0219i la restabilirea tonului natural al pielii.<\/p>\n<p><strong>Volum:<\/strong> 450 gr<\/p>\n<p><strong>Mod de utilizare:<\/strong> pe pielea cur\u0103\u021bat\u0103 \u00een prealabil, aplica\u021bi un strat de masc\u0103, ocolind zona ochilor, buzelor \u0219i zona de cre\u0219tere a p\u0103rului. L\u0103sa\u021bi s\u0103 se usuce 10-15 minute, clati\u021bi cu ap\u0103 cald\u0103.<\/p>\n<p><strong>Aten\u021bie:<\/strong> numai pentru uz extern. \u00cen caz de contact cu ochii, cl\u0103ti\u021bi cu mult\u0103 ap\u0103. A nu se lasa la indemana copiilor.<\/p>","protected":false},"excerpt":{"rendered":"<p><span style=\"font-size: 100%;\">Nishman Scalp and Face Clay Mask cura\u021b\u0103 \u00een profunzime porii \u0219i \u00eendeparteaz\u0103 celulele moarte.<\/span><span style=\"font-size: 100%;\"><\/span><\/p>\n","protected":false},"featured_media":4177,"template":"","meta":[],"product_brand":[],"product_cat":[33],"product_tag":[],"class_list":{"0":"post-4175","1":"product","2":"type-product","3":"status-publish","4":"has-post-thumbnail","6":"product_cat-ingrijirea-fetei","7":"pa_brand-nishman","8":"pa_felul-produsului-tip-masca","9":"pa_producator-turcia","10":"pa_volum-450gr","12":"first","13":"instock","14":"featured","15":"shipping-taxable","16":"purchasable","17":"product-type-simple"},"_links":{"self":[{"href":"https:\/\/cool-style.md\/ro\/wp-json\/wp\/v2\/product\/4175","targetHints":{"allow":["GET"]}}],"collection":[{"href":"https:\/\/cool-style.md\/ro\/wp-json\/wp\/v2\/product"}],"about":[{"href":"https:\/\/cool-style.md\/ro\/wp-json\/wp\/v2\/types\/product"}],"wp:featuredmedia":[{"embeddable":true,"href":"https:\/\/cool-style.md\/ro\/wp-json\/wp\/v2\/media\/4177"}],"wp:attachment":[{"href":"https:\/\/cool-style.md\/ro\/wp-json\/wp\/v2\/media?parent=4175"}],"wp:term":[{"taxonomy":"product_brand","embeddable":true,"href":"https:\/\/cool-style.md\/ro\/wp-json\/wp\/v2\/product_brand?post=4175"},{"taxonomy":"product_cat","embeddable":true,"href":"https:\/\/cool-style.md\/ro\/wp-json\/wp\/v2\/product_cat?post=4175"},{"taxonomy":"product_tag","embeddable":true,"href":"https:\/\/cool-style.md\/ro\/wp-json\/wp\/v2\/product_tag?post=4175"}],"curies":[{"name":"wp","href":"https:\/\/api.w.org\/{rel}","templated":true}]}}