{"id":4191,"date":"2024-12-09T20:46:25","date_gmt":"2024-12-09T20:46:25","guid":{"rendered":"https:\/\/cool-style.md\/?post_type=product&#038;p=4191"},"modified":"2024-12-15T17:42:55","modified_gmt":"2024-12-15T17:42:55","slug":"immortal-one-day-hair-color-spray-silver","status":"publish","type":"product","link":"https:\/\/cool-style.md\/ro\/product\/immortal-one-day-hair-color-spray-silver\/","title":{"rendered":"Spray de p\u0103r colorat Immortal One Day Hair Color Spray Silver 200ml"},"content":{"rendered":"<h2><span style=\"font-size: 75%;\">Spray de p\u0103r colorat Immortal One Day Hair Color Spray Silver<\/span><\/h2>\n<ul>\n<li>Schimbarea rapid\u0103 a culorii p\u0103rului;<\/li>\n<li>Ofer\u0103 culoare bogat\u0103;<\/li>\n<li>Se spal\u0103 u\u0219or cu ap\u0103;<\/li>\n<li>Nu lasa lipiciune pe p\u0103r;<\/li>\n<\/ul>\n<p><a href=\"https:\/\/cool-style.md\/wp-content\/uploads\/2024\/12\/Cool-style.md-Immortal-One-Day-Hair-Color-Spray-Silver.jpg\"><img decoding=\"async\" class=\"wp-image-4193 alignleft\" src=\"https:\/\/cool-style.md\/wp-content\/uploads\/2024\/12\/Cool-style.md-Immortal-One-Day-Hair-Color-Spray-Silver-320x400.jpg\" alt=\"Cool-style.md Immortal One Day Hair Color Spray Silver\" width=\"300\" height=\"375\" srcset=\"https:\/\/cool-style.md\/wp-content\/uploads\/2024\/12\/Cool-style.md-Immortal-One-Day-Hair-Color-Spray-Silver-320x400.jpg 320w, https:\/\/cool-style.md\/wp-content\/uploads\/2024\/12\/Cool-style.md-Immortal-One-Day-Hair-Color-Spray-Silver-640x800.jpg 640w, https:\/\/cool-style.md\/wp-content\/uploads\/2024\/12\/Cool-style.md-Immortal-One-Day-Hair-Color-Spray-Silver-768x960.jpg 768w, https:\/\/cool-style.md\/wp-content\/uploads\/2024\/12\/Cool-style.md-Immortal-One-Day-Hair-Color-Spray-Silver-510x638.jpg 510w, https:\/\/cool-style.md\/wp-content\/uploads\/2024\/12\/Cool-style.md-Immortal-One-Day-Hair-Color-Spray-Silver.jpg 1080w\" sizes=\"(max-width: 300px) 100vw, 300px\" \/><\/a><a href=\"https:\/\/immortal.com.tr\/\" target=\"_blank\" rel=\"noopener\">Immortal<\/a> Color Spray &#8211; o schimbare rapid\u0103 a culorii p\u0103rului pentru un aspect elegant. Acesta este un spray de p\u0103r inovator care v\u0103 permite s\u0103 schimba\u021bi u\u0219or \u0219i rapid culoarea, oferindu-v\u0103 p\u0103rului un aspect elegant \u0219i la mod\u0103. Spray-ul ofer\u0103 o culoare bogat\u0103, care este distribuit\u0103 uniform pe tot p\u0103rul datorit\u0103 formulei sale speciale. Se spal\u0103 cu u\u0219urin\u021b\u0103 cu \u0219ampon obi\u0219nuit, permi\u021b\u00e2ndu-\u021bi s\u0103-\u021bi schimbi aspectul \u00een fiecare zi. Spray-ul se usuc\u0103 rapid \u0219i nu las\u0103 reziduuri, lipiciune sau disconfort pe p\u0103r. Potrivit <a href=\"https:\/\/cool-style.md\/ro\/product-category\/cosmetice-barbati\/coafarea-barbati\/\">pentru orice tip de p\u0103r<\/a>.<\/p>\n<p><strong>Volum:<\/strong> 200 ml<\/p>\n<p><strong>Culoarea:<\/strong> argintiu<\/p>\n<p><strong>Mod de utilizare:<\/strong> Pulveriza\u021bi spray-ul pe p\u0103rul uscat de la o distan\u021b\u0103 de 15-20 cm. L\u0103sa\u021bi-l s\u0103 se usuce c\u00e2teva minute \u0219i bucura\u021bi-v\u0103 de nuan\u021ba bogat\u0103. Pentru a elimina, sp\u0103la\u021bi-v\u0103 p\u0103rul cu \u0219ampon.<\/p>\n<p><strong>Aten\u021bie:<\/strong> numai pentru uz extern. \u00cen caz de contact cu ochii, cl\u0103ti\u021bi cu mult\u0103 ap\u0103. A nu se lasa la indemana copiilor.<\/p>","protected":false},"excerpt":{"rendered":"<p><span style=\"font-size: 100%;\">Immortal One Day Hair Color Spray Silver &#8211; o schimbare rapid\u0103 a culorii p\u0103rului pentru un aspect elegant.<\/span><span style=\"font-size: 100%;\"><\/span><\/p>\n","protected":false},"featured_media":4192,"template":"","meta":[],"product_brand":[],"product_cat":[30,35],"product_tag":[],"class_list":{"0":"post-4191","1":"product","2":"type-product","3":"status-publish","4":"has-post-thumbnail","6":"product_cat-coafarea-barbati","7":"product_cat-coafarea-femei","8":"pa_brand-immortal","9":"pa_culoarea-argintiu","10":"pa_felul-produsului-spray","11":"pa_producator-turcia","12":"pa_volum-200ml","14":"first","15":"instock","16":"shipping-taxable","17":"purchasable","18":"product-type-simple"},"_links":{"self":[{"href":"https:\/\/cool-style.md\/ro\/wp-json\/wp\/v2\/product\/4191","targetHints":{"allow":["GET"]}}],"collection":[{"href":"https:\/\/cool-style.md\/ro\/wp-json\/wp\/v2\/product"}],"about":[{"href":"https:\/\/cool-style.md\/ro\/wp-json\/wp\/v2\/types\/product"}],"wp:featuredmedia":[{"embeddable":true,"href":"https:\/\/cool-style.md\/ro\/wp-json\/wp\/v2\/media\/4192"}],"wp:attachment":[{"href":"https:\/\/cool-style.md\/ro\/wp-json\/wp\/v2\/media?parent=4191"}],"wp:term":[{"taxonomy":"product_brand","embeddable":true,"href":"https:\/\/cool-style.md\/ro\/wp-json\/wp\/v2\/product_brand?post=4191"},{"taxonomy":"product_cat","embeddable":true,"href":"https:\/\/cool-style.md\/ro\/wp-json\/wp\/v2\/product_cat?post=4191"},{"taxonomy":"product_tag","embeddable":true,"href":"https:\/\/cool-style.md\/ro\/wp-json\/wp\/v2\/product_tag?post=4191"}],"curies":[{"name":"wp","href":"https:\/\/api.w.org\/{rel}","templated":true}]}}