{"id":4194,"date":"2024-12-09T20:49:46","date_gmt":"2024-12-09T20:49:46","guid":{"rendered":"https:\/\/cool-style.md\/?post_type=product&#038;p=4194"},"modified":"2024-12-10T16:48:18","modified_gmt":"2024-12-10T16:48:18","slug":"immortal-temporary-hair-retouch-black-spray","status":"publish","type":"product","link":"https:\/\/cool-style.md\/ro\/product\/immortal-temporary-hair-retouch-black-spray\/","title":{"rendered":"Spray negru nuan\u021bator pentru p\u0103r Immortal Temporary Hair Retouch Black Spray 250ml"},"content":{"rendered":"<h2><span style=\"font-size: 75%;\">Spray nuan\u021bator pentru p\u0103r\u00a0Immortal Temporary Hair Retouch Black Spray<\/span><\/h2>\n<ul>\n<li>Retu\u0219are rapid\u0103 a p\u0103rului gri;<\/li>\n<li>Se spal\u0103 u\u0219or cu apa;<\/li>\n<li>Nu las\u0103 lipiciune pe p\u0103r;<\/li>\n<li>Nu pateaz\u0103 hainele.<\/li>\n<\/ul>\n<p><a href=\"https:\/\/cool-style.md\/wp-content\/uploads\/2024\/12\/Cool-style.md-Immortal-Temporary-Hair-Retouch-Spray.jpg\"><img decoding=\"async\" class=\"size-medium wp-image-4195 alignleft\" src=\"https:\/\/cool-style.md\/wp-content\/uploads\/2024\/12\/Cool-style.md-Immortal-Temporary-Hair-Retouch-Spray-255x400.jpg\" alt=\"Cool-style.md Immortal Temporary Hair Retouch Spray\" width=\"255\" height=\"400\" srcset=\"https:\/\/cool-style.md\/wp-content\/uploads\/2024\/12\/Cool-style.md-Immortal-Temporary-Hair-Retouch-Spray-255x400.jpg 255w, https:\/\/cool-style.md\/wp-content\/uploads\/2024\/12\/Cool-style.md-Immortal-Temporary-Hair-Retouch-Spray-511x800.jpg 511w, https:\/\/cool-style.md\/wp-content\/uploads\/2024\/12\/Cool-style.md-Immortal-Temporary-Hair-Retouch-Spray-510x799.jpg 510w, https:\/\/cool-style.md\/wp-content\/uploads\/2024\/12\/Cool-style.md-Immortal-Temporary-Hair-Retouch-Spray.jpg 607w\" sizes=\"(max-width: 255px) 100vw, 255px\" \/><\/a>Spray de retu\u0219are <a href=\"https:\/\/immortal.com.tr\/\" target=\"_blank\" rel=\"noopener\">Immortal<\/a> &#8211; spray pentru retu\u0219area temporar\u0103 a p\u0103rului. Ofer\u0103 un aspect estetic, camufl\u00e2nd p\u0103rul gri pentru o perioad\u0103 lung\u0103 de timp. Se usuc\u0103 rapid, nu curge \u0219i nu pateaz\u0103 hainele. Se spal\u0103 u\u0219or cu \u0219ampon. Potrivit <a href=\"https:\/\/cool-style.md\/ro\/product-category\/cosmetice-barbati\/coafarea-barbati\/\">pentru orice tip de p\u0103r<\/a>.<\/p>\n<p><strong>Volum:<\/strong> 250 ml<\/p>\n<p><strong>Culoarea:<\/strong> negru<\/p>\n<p><strong>Mod de utilizare:<\/strong> Agita\u021bi bine recipientul \u00eenainte de utilizare. \u021aine\u021bi produsul la aproximativ 6 p\u00e2n\u0103 la 8 inci de r\u0103d\u0103cini \u0219i pulveriza\u021bi uniform pe zonele gri sau sub\u021biri. Las\u0103-l s\u0103 se usuce c\u00e2teva secunde, apoi \u00eencepe s\u0103-\u021bi coafezi p\u0103rul.<\/p>\n<p><strong>Aten\u021bie:<\/strong> numai pentru uz extern. \u00cen caz de contact cu ochii, cl\u0103ti\u021bi cu mult\u0103 ap\u0103. A nu se lasa la indemana copiilor.<\/p>","protected":false},"excerpt":{"rendered":"<p><span style=\"font-size: 100%;\">Immortal Temporary Hair Retouch Black Spray &#8211; camuflajul rapid al p\u0103rului gri \u0219i r\u0103d\u0103cinilor.<\/span><\/p>\n","protected":false},"featured_media":4196,"template":"","meta":[],"product_brand":[],"product_cat":[30,35],"product_tag":[],"class_list":{"0":"post-4194","1":"product","2":"type-product","3":"status-publish","4":"has-post-thumbnail","6":"product_cat-coafarea-barbati","7":"product_cat-coafarea-femei","8":"pa_brand-immortal","9":"pa_culoarea-negru","10":"pa_felul-produsului-spray","11":"pa_producator-turcia","12":"pa_volum-250ml","14":"first","15":"instock","16":"featured","17":"shipping-taxable","18":"purchasable","19":"product-type-simple"},"_links":{"self":[{"href":"https:\/\/cool-style.md\/ro\/wp-json\/wp\/v2\/product\/4194","targetHints":{"allow":["GET"]}}],"collection":[{"href":"https:\/\/cool-style.md\/ro\/wp-json\/wp\/v2\/product"}],"about":[{"href":"https:\/\/cool-style.md\/ro\/wp-json\/wp\/v2\/types\/product"}],"wp:featuredmedia":[{"embeddable":true,"href":"https:\/\/cool-style.md\/ro\/wp-json\/wp\/v2\/media\/4196"}],"wp:attachment":[{"href":"https:\/\/cool-style.md\/ro\/wp-json\/wp\/v2\/media?parent=4194"}],"wp:term":[{"taxonomy":"product_brand","embeddable":true,"href":"https:\/\/cool-style.md\/ro\/wp-json\/wp\/v2\/product_brand?post=4194"},{"taxonomy":"product_cat","embeddable":true,"href":"https:\/\/cool-style.md\/ro\/wp-json\/wp\/v2\/product_cat?post=4194"},{"taxonomy":"product_tag","embeddable":true,"href":"https:\/\/cool-style.md\/ro\/wp-json\/wp\/v2\/product_tag?post=4194"}],"curies":[{"name":"wp","href":"https:\/\/api.w.org\/{rel}","templated":true}]}}