{"id":4201,"date":"2024-12-09T21:26:43","date_gmt":"2024-12-09T21:26:43","guid":{"rendered":"https:\/\/cool-style.md\/?post_type=product&#038;p=4201"},"modified":"2024-12-10T16:47:20","modified_gmt":"2024-12-10T16:47:20","slug":"immortal-deluxe-stick-wax","status":"publish","type":"product","link":"https:\/\/cool-style.md\/ro\/product\/immortal-deluxe-stick-wax\/","title":{"rendered":"Stick-cear\u0103 de styling Immortal Deluxe Stick Wax 30ml"},"content":{"rendered":"<h2><span style=\"font-size: 75%;\">Stick-cear\u0103 de styling Immortal Deluxe Stick Wax<\/span><\/h2>\n<ul>\n<li><span style=\"font-size: 100%;\">Coafare u\u0219oar\u0103 \u0219i rapid\u0103;<\/span><\/li>\n<li><span style=\"font-size: 100%;\">Potrivit pentru p\u0103r de orice lungime;<\/span><\/li>\n<li><span style=\"font-size: 100%;\">Fixare extra tare;<\/span><\/li>\n<li>Adaug\u0103 str\u0103lucire;<\/li>\n<li><span style=\"font-size: 100%;\">Nu \u00eengreuneaz\u0103 p\u0103rul;<\/span><\/li>\n<li><span style=\"font-size: 100%;\">Se spal\u0103 la \u0219amponare.<\/span><\/li>\n<\/ul>\n<p><span style=\"font-size: 100%;\"><a href=\"https:\/\/cool-style.md\/wp-content\/uploads\/2024\/12\/Cool-style.md-Immortal-Deluxe-Stick-Wax.jpg\"><img decoding=\"async\" class=\"alignleft wp-image-4202 \" src=\"https:\/\/cool-style.md\/wp-content\/uploads\/2024\/12\/Cool-style.md-Immortal-Deluxe-Stick-Wax.jpg\" alt=\"Cool-style.md Immortal Deluxe Stick Wax\" width=\"322\" height=\"403\" srcset=\"https:\/\/cool-style.md\/wp-content\/uploads\/2024\/12\/Cool-style.md-Immortal-Deluxe-Stick-Wax.jpg 400w, https:\/\/cool-style.md\/wp-content\/uploads\/2024\/12\/Cool-style.md-Immortal-Deluxe-Stick-Wax-320x400.jpg 320w\" sizes=\"(max-width: 322px) 100vw, 322px\" \/><\/a>B\u0103\u021b de cear\u0103 pentru aranjarea p\u0103rului <a href=\"https:\/\/immortal.com.tr\/\" target=\"_blank\" rel=\"noopener\">Immortal<\/a> ajut\u0103 la modelarea p\u0103rului. Formula asigur\u0103 o fixare puternic\u0103, asigur\u0103 coafura, ofer\u0103 p\u0103rului o str\u0103lucire atractiv\u0103 \u0219i un aspect bine \u00eengrijit. Creeaz\u0103 un stil care dureaz\u0103 toat\u0103 ziua \u0219i nu las\u0103 urme pe p\u0103r. Potrivit\u0103 <a href=\"https:\/\/cool-style.md\/ro\/product-category\/cosmetice-barbati\/coafarea-barbati\/\">pentru toate tipurile de p\u0103r<\/a>.<\/span><\/p>\n<p><span style=\"font-size: 100%;\"><strong>Fixare:<\/strong> extra tare<\/span><\/p>\n<p><span style=\"font-size: 100%;\"><strong>Volum:<\/strong> 30 ml<\/span><\/p>\n<p><span style=\"font-size: 100%;\"><strong>Mod de utilizare:<\/strong> Aplica\u021bi uniform pe p\u0103rul curat \u0219i umed \u0219i crea\u021bi forma dorit\u0103.<\/span><\/p>\n<p><span style=\"font-size: 100%;\"><strong>Aten\u021bie:<\/strong> numai pentru uz extern. \u00cen caz de contact cu ochii, cl\u0103ti\u021bi cu mult\u0103 ap\u0103. A nu se lasa la indemana copiilor.<\/span><\/p>","protected":false},"excerpt":{"rendered":"<p><span style=\"font-size: 100%;\">Immortal Deluxe Stick Wax ofer\u0103 p\u0103rului str\u0103lucire, permi\u021b\u00e2ndu-v\u0103 s\u0103 men\u021bine\u021bi stilul dorit pe mult timp.<\/span><span style=\"font-size: 100%;\"><\/span><\/p>\n","protected":false},"featured_media":4203,"template":"","meta":[],"product_brand":[],"product_cat":[30],"product_tag":[],"class_list":{"0":"post-4201","1":"product","2":"type-product","3":"status-publish","4":"has-post-thumbnail","6":"product_cat-coafarea-barbati","7":"pa_brand-immortal","8":"pa_felul-produsului-tip-ceara","9":"pa_fixare-extra-puternica","10":"pa_producator-turcia","11":"pa_volum-30ml","13":"first","14":"instock","15":"featured","16":"shipping-taxable","17":"purchasable","18":"product-type-simple"},"_links":{"self":[{"href":"https:\/\/cool-style.md\/ro\/wp-json\/wp\/v2\/product\/4201","targetHints":{"allow":["GET"]}}],"collection":[{"href":"https:\/\/cool-style.md\/ro\/wp-json\/wp\/v2\/product"}],"about":[{"href":"https:\/\/cool-style.md\/ro\/wp-json\/wp\/v2\/types\/product"}],"wp:featuredmedia":[{"embeddable":true,"href":"https:\/\/cool-style.md\/ro\/wp-json\/wp\/v2\/media\/4203"}],"wp:attachment":[{"href":"https:\/\/cool-style.md\/ro\/wp-json\/wp\/v2\/media?parent=4201"}],"wp:term":[{"taxonomy":"product_brand","embeddable":true,"href":"https:\/\/cool-style.md\/ro\/wp-json\/wp\/v2\/product_brand?post=4201"},{"taxonomy":"product_cat","embeddable":true,"href":"https:\/\/cool-style.md\/ro\/wp-json\/wp\/v2\/product_cat?post=4201"},{"taxonomy":"product_tag","embeddable":true,"href":"https:\/\/cool-style.md\/ro\/wp-json\/wp\/v2\/product_tag?post=4201"}],"curies":[{"name":"wp","href":"https:\/\/api.w.org\/{rel}","templated":true}]}}