{"id":4206,"date":"2024-12-09T21:47:33","date_gmt":"2024-12-09T21:47:33","guid":{"rendered":"https:\/\/cool-style.md\/?post_type=product&#038;p=4206"},"modified":"2024-12-10T16:45:39","modified_gmt":"2024-12-10T16:45:39","slug":"immortal-delux-super-mousse","status":"publish","type":"product","link":"https:\/\/cool-style.md\/ro\/product\/immortal-delux-super-mousse\/","title":{"rendered":"Mousse de styling pentru p\u0103rul cre\u021b Immortal Delux Super Mousse 300ml"},"content":{"rendered":"<h2><span style=\"font-size: 75%;\">Mousse de styling pentru p\u0103rul cre\u021b Immortal Delux Super Mousse<\/span><\/h2>\n<ul>\n<li>Coafare u\u0219oar\u0103 \u0219i rapid\u0103;<\/li>\n<li>Potrivit pentru p\u0103r de orice lungime;<\/li>\n<li>Pentru p\u0103rul cre\u021b;<\/li>\n<li>Nu \u00eengreuneaz\u0103 p\u0103rul;<\/li>\n<li>Se spal\u0103 la \u0219amponare.<\/li>\n<\/ul>\n<p><a href=\"https:\/\/cool-style.md\/wp-content\/uploads\/2024\/12\/Cool-style.md-Immortal-Delux-Super-Mousse-1.jpg\"><img decoding=\"async\" class=\"wp-image-4207 alignleft\" src=\"https:\/\/cool-style.md\/wp-content\/uploads\/2024\/12\/Cool-style.md-Immortal-Delux-Super-Mousse-1-315x400.jpg\" alt=\"Cool-style.md Immortal Delux Super Mousse\" width=\"300\" height=\"380\" srcset=\"https:\/\/cool-style.md\/wp-content\/uploads\/2024\/12\/Cool-style.md-Immortal-Delux-Super-Mousse-1-315x400.jpg 315w, https:\/\/cool-style.md\/wp-content\/uploads\/2024\/12\/Cool-style.md-Immortal-Delux-Super-Mousse-1-631x800.jpg 631w, https:\/\/cool-style.md\/wp-content\/uploads\/2024\/12\/Cool-style.md-Immortal-Delux-Super-Mousse-1-768x974.jpg 768w, https:\/\/cool-style.md\/wp-content\/uploads\/2024\/12\/Cool-style.md-Immortal-Delux-Super-Mousse-1-1211x1536.jpg 1211w, https:\/\/cool-style.md\/wp-content\/uploads\/2024\/12\/Cool-style.md-Immortal-Delux-Super-Mousse-1-510x647.jpg 510w, https:\/\/cool-style.md\/wp-content\/uploads\/2024\/12\/Cool-style.md-Immortal-Delux-Super-Mousse-1.jpg 1258w\" sizes=\"(max-width: 300px) 100vw, 300px\" \/><\/a><a href=\"https:\/\/cool-style.md\/felul-produsului\/spuma\/\">\u0421rem\u0103-spuma<\/a> de coafare u\u0219oar\u0103 <span style=\"font-size: 100%;\"><a href=\"https:\/\/immortal.com.tr\/\" target=\"_blank\" rel=\"noopener\">Immortal<\/a><\/span>\u00a0\u2013 o adev\u0103rat\u0103 descoperire pentru proprietarii de p\u0103r cre\u021b, ondulat \u0219i pufos. Textura lipsit\u0103 de greutate, delicat\u0103 a spumei cade u\u0219or pe bucle \u0219i realizeaz\u0103 instantaneu o ac\u021biune complex\u0103. Promoveaz\u0103 coafarea u\u0219oar\u0103 \u0219i rapid\u0103, \u00eembl\u00e2nze\u0219te zonele rebele ale p\u0103rului. Formula unic\u0103 de spum\u0103 hidrateaz\u0103 intens, ofer\u0103 str\u0103lucire \u0219i moliciune \u0219uvi\u021belor. \u00cendep\u0103rteaz\u0103 static \u0219i \u00eencre\u021bitul, facilit\u00e2nd astfel piept\u0103narea, \u00eembun\u0103t\u0103\u021bind coafarea \u0219i f\u0103c\u00e2nd p\u0103rul mai \u00eengrijit. Spuma este potrivit\u0103 pentru toate tipurile de p\u0103r.<\/p>\n<p><strong>Volum:<\/strong> 300 ml<\/p>\n<p><strong>Aten\u021bie:<\/strong> numai pentru uz extern. \u00cen caz de contact cu ochii, cl\u0103ti\u021bi cu mult\u0103 ap\u0103. A nu se lasa la indemana copiilor.<\/p>","protected":false},"excerpt":{"rendered":"<p><span style=\"font-size: 100%;\">Immortal Delux Super Mousse solu\u021bia ideal\u0103 pentru coafarea p\u0103rului cre\u021b.<\/span><span style=\"font-size: 100%;\"><\/span><\/p>\n","protected":false},"featured_media":4209,"template":"","meta":[],"product_brand":[],"product_cat":[35,30],"product_tag":[],"class_list":{"0":"post-4206","1":"product","2":"type-product","3":"status-publish","4":"has-post-thumbnail","6":"product_cat-coafarea-femei","7":"product_cat-coafarea-barbati","8":"pa_brand-immortal","9":"pa_felul-produsului-spuma","10":"pa_producator-turcia","11":"pa_volum-300ml","13":"first","14":"instock","15":"featured","16":"shipping-taxable","17":"purchasable","18":"product-type-simple"},"_links":{"self":[{"href":"https:\/\/cool-style.md\/ro\/wp-json\/wp\/v2\/product\/4206","targetHints":{"allow":["GET"]}}],"collection":[{"href":"https:\/\/cool-style.md\/ro\/wp-json\/wp\/v2\/product"}],"about":[{"href":"https:\/\/cool-style.md\/ro\/wp-json\/wp\/v2\/types\/product"}],"wp:featuredmedia":[{"embeddable":true,"href":"https:\/\/cool-style.md\/ro\/wp-json\/wp\/v2\/media\/4209"}],"wp:attachment":[{"href":"https:\/\/cool-style.md\/ro\/wp-json\/wp\/v2\/media?parent=4206"}],"wp:term":[{"taxonomy":"product_brand","embeddable":true,"href":"https:\/\/cool-style.md\/ro\/wp-json\/wp\/v2\/product_brand?post=4206"},{"taxonomy":"product_cat","embeddable":true,"href":"https:\/\/cool-style.md\/ro\/wp-json\/wp\/v2\/product_cat?post=4206"},{"taxonomy":"product_tag","embeddable":true,"href":"https:\/\/cool-style.md\/ro\/wp-json\/wp\/v2\/product_tag?post=4206"}],"curies":[{"name":"wp","href":"https:\/\/api.w.org\/{rel}","templated":true}]}}