{"id":4223,"date":"2024-12-10T07:49:35","date_gmt":"2024-12-10T07:49:35","guid":{"rendered":"https:\/\/cool-style.md\/?post_type=product&#038;p=4223"},"modified":"2024-12-15T17:41:11","modified_gmt":"2024-12-15T17:41:11","slug":"immortal-eau-de-cologne-samurai-spirit-150ml","status":"publish","type":"product","link":"https:\/\/cool-style.md\/ro\/product\/immortal-eau-de-cologne-samurai-spirit-150ml\/","title":{"rendered":"Colonie dup\u0103 ras Immortal Eau De Cologne Samurai Spirit 150ml"},"content":{"rendered":"<h2><span style=\"font-size: 75%;\">Colonie dup\u0103 ras Immortal Eau De Cologne Samurai Spirit<\/span><\/h2>\n<ul>\n<li>Aroma persistenta;<\/li>\n<li>Ideal pentru toate tipurile de piele;<\/li>\n<li>Cur\u0103\u021b\u0103 pielea \u0219i \u00eemprosp\u0103teaz\u0103;<\/li>\n<li>Are efect antiseptic;<\/li>\n<li>Vindec\u0103 \u0219i calmeaz\u0103 pielea;<\/li>\n<\/ul>\n<p><a href=\"https:\/\/cool-style.md\/wp-content\/uploads\/2024\/12\/Cool-style.md-Immortal-Eau-De-Cologne-Samurai-Spirit.jpg\"><img decoding=\"async\" class=\"wp-image-4222 alignleft\" src=\"https:\/\/cool-style.md\/wp-content\/uploads\/2024\/12\/Cool-style.md-Immortal-Eau-De-Cologne-Samurai-Spirit-323x400.jpg\" alt=\"Cool-style.md Immortal Eau De Cologne Samurai Spirit\" width=\"270\" height=\"335\" srcset=\"https:\/\/cool-style.md\/wp-content\/uploads\/2024\/12\/Cool-style.md-Immortal-Eau-De-Cologne-Samurai-Spirit-323x400.jpg 323w, https:\/\/cool-style.md\/wp-content\/uploads\/2024\/12\/Cool-style.md-Immortal-Eau-De-Cologne-Samurai-Spirit-645x800.jpg 645w, https:\/\/cool-style.md\/wp-content\/uploads\/2024\/12\/Cool-style.md-Immortal-Eau-De-Cologne-Samurai-Spirit-768x952.jpg 768w, https:\/\/cool-style.md\/wp-content\/uploads\/2024\/12\/Cool-style.md-Immortal-Eau-De-Cologne-Samurai-Spirit-1239x1536.jpg 1239w, https:\/\/cool-style.md\/wp-content\/uploads\/2024\/12\/Cool-style.md-Immortal-Eau-De-Cologne-Samurai-Spirit-510x632.jpg 510w, https:\/\/cool-style.md\/wp-content\/uploads\/2024\/12\/Cool-style.md-Immortal-Eau-De-Cologne-Samurai-Spirit.jpg 1290w\" sizes=\"(max-width: 270px) 100vw, 270px\" \/><\/a>Colonie <a href=\"https:\/\/cool-style.md\/ro\/cosmetice-barbati\/pentru-barbierit\/\">dup\u0103 ras<\/a> <a href=\"https:\/\/immortal.com.tr\/\" target=\"_blank\" rel=\"noopener\">Immortal<\/a> &#8211; creat prin alchimie poetic\u0103, acest parfum este un parfum vibrant \u0219i bogat. Samurai Spirit inspirat de Tom Ford Lost Cherry. Pe m\u0103sur\u0103 ce parfumul se desf\u0103\u0219oar\u0103, sim\u021burile tale sunt tratate cu o simfonie de cire\u0219e dulci \u0219i acre, completat\u0103 de vi\u0219ine, prune, trandafir turcesc \u0219i iasomie Sambac.<\/p>\n<p><strong>Volum:<\/strong> 150 ml<\/p>\n<p><strong>Mod de utilizare:<\/strong> Freca\u021bi o cantitate mic\u0103 de produs \u00eentre palme \u0219i aplica\u021bi cu mi\u0219c\u0103ri u\u0219oare pe pielea fe\u021bei. Repeta\u021bi dup\u0103 fiecare b\u0103rbierit.<\/p>\n<p><strong>Aten\u021bie:<\/strong> numai pentru uz extern. \u00cen caz de contact cu ochii, cl\u0103ti\u021bi cu mult\u0103 ap\u0103. A nu se lasa la indemana copiilor.<\/p>","protected":false},"excerpt":{"rendered":"<p><span style=\"font-size: 100%;\">Immortal Eau De Cologne Samurai Spirit ofer\u0103 o senza\u021bie de cur\u0103\u021benie \u0219i confort, \u00eemprosp\u0103t\u00e2nd pielea.<\/span><span style=\"font-size: 100%;\"><\/span><\/p>\n","protected":false},"featured_media":4225,"template":"","meta":[],"product_brand":[],"product_cat":[34],"product_tag":[],"class_list":{"0":"post-4223","1":"product","2":"type-product","3":"status-publish","4":"has-post-thumbnail","6":"product_cat-pentru-barbierit","7":"pa_brand-immortal","8":"pa_felul-produsului-tip-colonie","9":"pa_producator-turcia","10":"pa_volum-150ml","12":"first","13":"instock","14":"shipping-taxable","15":"purchasable","16":"product-type-simple"},"_links":{"self":[{"href":"https:\/\/cool-style.md\/ro\/wp-json\/wp\/v2\/product\/4223","targetHints":{"allow":["GET"]}}],"collection":[{"href":"https:\/\/cool-style.md\/ro\/wp-json\/wp\/v2\/product"}],"about":[{"href":"https:\/\/cool-style.md\/ro\/wp-json\/wp\/v2\/types\/product"}],"wp:featuredmedia":[{"embeddable":true,"href":"https:\/\/cool-style.md\/ro\/wp-json\/wp\/v2\/media\/4225"}],"wp:attachment":[{"href":"https:\/\/cool-style.md\/ro\/wp-json\/wp\/v2\/media?parent=4223"}],"wp:term":[{"taxonomy":"product_brand","embeddable":true,"href":"https:\/\/cool-style.md\/ro\/wp-json\/wp\/v2\/product_brand?post=4223"},{"taxonomy":"product_cat","embeddable":true,"href":"https:\/\/cool-style.md\/ro\/wp-json\/wp\/v2\/product_cat?post=4223"},{"taxonomy":"product_tag","embeddable":true,"href":"https:\/\/cool-style.md\/ro\/wp-json\/wp\/v2\/product_tag?post=4223"}],"curies":[{"name":"wp","href":"https:\/\/api.w.org\/{rel}","templated":true}]}}