{"id":4262,"date":"2022-01-23T13:58:20","date_gmt":"2022-01-23T13:58:20","guid":{"rendered":"https:\/\/cool-style.md\/?post_type=product&#038;p=4262"},"modified":"2026-01-05T18:06:38","modified_gmt":"2026-01-05T18:06:38","slug":"nishman-spider-wax-s1-black-widow-100ml","status":"publish","type":"product","link":"https:\/\/cool-style.md\/ro\/product\/nishman-spider-wax-s1-black-widow-100ml\/","title":{"rendered":"Cear\u0103 pentru p\u0103r cu efect de p\u00e2nz\u0103 Nishman Spider Wax S1 Black Widow 100ml"},"content":{"rendered":"<h2><span style=\"font-size: 75%;\">Cear\u0103 pentru p\u0103r cu efect de p\u00e2nz\u0103 Nishman Spider Wax S1 Black Widow<\/span><\/h2>\n<ul>\n<li>Coafare usoara si rapida;<\/li>\n<li>Potrivit pentru p\u0103r de orice lungime;<\/li>\n<li>Fixare tare;<\/li>\n<li>Nu \u00eengreuneaz\u0103 p\u0103rul;<\/li>\n<li>Se spal\u0103 la \u0219amponare.<\/li>\n<\/ul>\n<p><a href=\"https:\/\/cool-style.md\/wp-content\/uploads\/2022\/01\/Cool-style.md-Nishman-Spider-Wax.jpg\"><img decoding=\"async\" class=\" wp-image-2078 alignleft\" src=\"https:\/\/cool-style.md\/wp-content\/uploads\/2022\/01\/Cool-style.md-Nishman-Spider-Wax-531x400.jpg\" alt=\"Cool-style.md Nishman Spider Wax\" width=\"317\" height=\"239\" srcset=\"https:\/\/cool-style.md\/wp-content\/uploads\/2022\/01\/Cool-style.md-Nishman-Spider-Wax-531x400.jpg 531w, https:\/\/cool-style.md\/wp-content\/uploads\/2022\/01\/Cool-style.md-Nishman-Spider-Wax-510x385.jpg 510w, https:\/\/cool-style.md\/wp-content\/uploads\/2022\/01\/Cool-style.md-Nishman-Spider-Wax-1061x800.jpg 1061w, https:\/\/cool-style.md\/wp-content\/uploads\/2022\/01\/Cool-style.md-Nishman-Spider-Wax-768x579.jpg 768w, https:\/\/cool-style.md\/wp-content\/uploads\/2022\/01\/Cool-style.md-Nishman-Spider-Wax.jpg 1500w\" sizes=\"(max-width: 317px) 100vw, 317px\" \/><\/a>Cear\u0103 <a href=\"https:\/\/nishman.com.tr\/\" target=\"_blank\" rel=\"noopener\">Nishman<\/a> cu efect de p\u00e2nz\u0103 este un nou produs de coafat cu str\u0103lucire moderat\u0103. Cu aceast\u0103 cear\u0103, ve\u021bi contribui la men\u021binerea for\u021bei \u0219i a flexibilit\u0103\u021bii \u00een timp ce crea\u021bi cele mai bune coafuri care vor rezista toat\u0103 ziua. Potrivit <a href=\"https:\/\/cool-style.md\/ro\/product-category\/cosmetice-barbati\/coafarea-barbati\/\">pentru toate tipurile de p\u0103r<\/a>, este posibil\u0103 utilizarea zilnic\u0103.<\/p>\n<p><strong>Fixare:<\/strong> tare<\/p>\n<p><strong>Volum:<\/strong> 100 ml<\/p>\n<p><strong>Mod de utilizare:<\/strong> Freca\u021bi o cantitate mic\u0103 de cear\u0103 \u00eentre palme. Aplica\u021bi uniform pe p\u0103rul curat \u0219i umed \u0219i crea\u021bi forma dorit\u0103.<\/p>\n<p><strong>Aten\u021bie:<\/strong> numai pentru uz extern. \u00cen caz de contact cu ochii, cl\u0103ti\u021bi cu mult\u0103 ap\u0103. A nu se lasa la indemana copiilor.<\/p>","protected":false},"excerpt":{"rendered":"<p><span style=\"font-size: 100%;\">Nishman Spider Wax S1 Black Widow &#8211; fixare puternic\u0103 \u0219i str\u0103lucire u\u0219oar\u0103.<\/span><span style=\"font-size: 100%;\"><\/span><\/p>\n","protected":false},"featured_media":4263,"template":"","meta":[],"product_brand":[],"product_cat":[30],"product_tag":[],"class_list":{"0":"post-4262","1":"product","2":"type-product","3":"status-publish","4":"has-post-thumbnail","6":"product_cat-coafarea-barbati","7":"pa_brand-nishman","8":"pa_felul-produsului-tip-ceara","9":"pa_fixare-puternica","10":"pa_producator-turcia","11":"pa_volum-100ml","13":"first","14":"instock","15":"featured","16":"shipping-taxable","17":"purchasable","18":"product-type-simple"},"_links":{"self":[{"href":"https:\/\/cool-style.md\/ro\/wp-json\/wp\/v2\/product\/4262","targetHints":{"allow":["GET"]}}],"collection":[{"href":"https:\/\/cool-style.md\/ro\/wp-json\/wp\/v2\/product"}],"about":[{"href":"https:\/\/cool-style.md\/ro\/wp-json\/wp\/v2\/types\/product"}],"wp:featuredmedia":[{"embeddable":true,"href":"https:\/\/cool-style.md\/ro\/wp-json\/wp\/v2\/media\/4263"}],"wp:attachment":[{"href":"https:\/\/cool-style.md\/ro\/wp-json\/wp\/v2\/media?parent=4262"}],"wp:term":[{"taxonomy":"product_brand","embeddable":true,"href":"https:\/\/cool-style.md\/ro\/wp-json\/wp\/v2\/product_brand?post=4262"},{"taxonomy":"product_cat","embeddable":true,"href":"https:\/\/cool-style.md\/ro\/wp-json\/wp\/v2\/product_cat?post=4262"},{"taxonomy":"product_tag","embeddable":true,"href":"https:\/\/cool-style.md\/ro\/wp-json\/wp\/v2\/product_tag?post=4262"}],"curies":[{"name":"wp","href":"https:\/\/api.w.org\/{rel}","templated":true}]}}