{"id":4409,"date":"2025-01-12T13:13:03","date_gmt":"2025-01-12T13:13:03","guid":{"rendered":"https:\/\/cool-style.md\/?post_type=product&#038;p=4409"},"modified":"2025-01-12T15:09:15","modified_gmt":"2025-01-12T15:09:15","slug":"iron-king-balance","status":"publish","type":"product","link":"https:\/\/cool-style.md\/ro\/product\/iron-king-balance\/","title":{"rendered":"Foarfec\u0103 pentru tuns Iron King Balance 6.0"},"content":{"rendered":"<h2><span style=\"font-size: 75%;\">Foarfec\u0103 pentru tuns Iron King Balance 6.0<\/span><\/h2>\n<p><a href=\"https:\/\/cool-style.md\/wp-content\/uploads\/2025\/01\/Cool-style.md-Foarfece-Iron-King-Balance-6.0-6.jpg\"><img decoding=\"async\" class=\"size-medium wp-image-4415 alignleft\" src=\"https:\/\/cool-style.md\/wp-content\/uploads\/2025\/01\/Cool-style.md-Foarfece-Iron-King-Balance-6.0-6-400x400.jpg\" alt=\"Cool-style.md Foarfece Iron King Balance 6.0\" width=\"400\" height=\"400\" srcset=\"https:\/\/cool-style.md\/wp-content\/uploads\/2025\/01\/Cool-style.md-Foarfece-Iron-King-Balance-6.0-6-400x400.jpg 400w, https:\/\/cool-style.md\/wp-content\/uploads\/2025\/01\/Cool-style.md-Foarfece-Iron-King-Balance-6.0-6-800x800.jpg 800w, https:\/\/cool-style.md\/wp-content\/uploads\/2025\/01\/Cool-style.md-Foarfece-Iron-King-Balance-6.0-6-280x280.jpg 280w, https:\/\/cool-style.md\/wp-content\/uploads\/2025\/01\/Cool-style.md-Foarfece-Iron-King-Balance-6.0-6-768x768.jpg 768w, https:\/\/cool-style.md\/wp-content\/uploads\/2025\/01\/Cool-style.md-Foarfece-Iron-King-Balance-6.0-6-300x300.jpg 300w, https:\/\/cool-style.md\/wp-content\/uploads\/2025\/01\/Cool-style.md-Foarfece-Iron-King-Balance-6.0-6-510x510.jpg 510w, https:\/\/cool-style.md\/wp-content\/uploads\/2025\/01\/Cool-style.md-Foarfece-Iron-King-Balance-6.0-6-100x100.jpg 100w, https:\/\/cool-style.md\/wp-content\/uploads\/2025\/01\/Cool-style.md-Foarfece-Iron-King-Balance-6.0-6.jpg 840w\" sizes=\"(max-width: 400px) 100vw, 400px\" \/><\/a>Foarfece profesionale <a href=\"https:\/\/ironking.ro\/\" target=\"_blank\" rel=\"noopener\">Iron King<\/a> este un <a href=\"https:\/\/cool-style.md\/ro\/accesorii\/\">accesoriu<\/a> indispensabil pentru coafura. BALANCE 6.0 reprezint\u0103 culmea tehnologiei \u0219i inova\u021biei \u00een domeniul frizeriei profesionale. Acest instrument este creat pentru a oferi o experien\u021b\u0103 de t\u0103iere f\u0103r\u0103 cusur.<\/p>\n<p>Cu o lungime de 6.0 inch \u0219i o greutate de numai 57 de grame, foarfeca se distinge prin u\u0219urin\u021ba \u00een utilizare \u0219i manevrabilitatea excep\u021bional\u0103, devenind un aliat de n\u0103dejde pentru orice profesionist \u00een frizerie.<\/p>\n<p>M\u00e2nerul ergonomic 3D Offset este proiectat pentru a se adapta perfect formei naturale a m\u00e2inii, asigur\u00e2nd o t\u0103iere lin\u0103 \u0219i p\u0103str\u00e2nd o pozi\u021bie corect\u0103 \u0219i echilibrat\u0103.<\/p>\n<p>Un alt avantaj este sistemul avansat de pivotare cu rulmen\u021bi cu bile, care garanteaz\u0103 o func\u021bionare fluid\u0103 \u0219i o uzur\u0103 minim\u0103.<\/p>\n<p>Foarfeca BALANCE 6.0 este mai mult dec\u00e2t un simplu instrument \u2013 reprezint\u0103 armonia perfect\u0103 dintre tehnologie \u0219i art\u0103, oferind o t\u0103iere impecabil\u0103, asemenea unui dans elegant \u00eentre m\u00e2inile profesionistului \u0219i p\u0103rul pe care \u00eel transform\u0103.<\/p>\n<p><strong>Dimensiuni:<\/strong> 6.0 inch, Greutate: 57 g<br \/>\n<strong>Forma lamei:<\/strong> u\u0219or curbat\u0103<br \/>\n<strong>Sistem de pivotare:<\/strong> rulment cu bile<br \/>\n<strong>Recomandare:<\/strong> pentru p\u0103r umed \u0219i uscat<br \/>\n<strong>Tip m\u00e2ner:<\/strong> 3D Offset<br \/>\n<strong>Material:<\/strong> o\u021bel SUS 440 A<\/p>","protected":false},"excerpt":{"rendered":"<p><span style=\"font-size: 100%;\">Iron King Balance 6.0 &#8211; instrument profesional pentru toate tipurile de tunsori.<\/span><span style=\"font-size: 100%;\"><\/span><\/p>\n","protected":false},"featured_media":4416,"template":"","meta":[],"product_brand":[],"product_cat":[29,172],"product_tag":[],"class_list":{"0":"post-4409","1":"product","2":"type-product","3":"status-publish","4":"has-post-thumbnail","6":"product_cat-accesorii","7":"product_cat-foarfece","8":"pa_brand-iron-king","9":"pa_producator-japonia","10":"pa_volum-1buc","12":"first","13":"instock","14":"shipping-taxable","15":"purchasable","16":"product-type-simple"},"_links":{"self":[{"href":"https:\/\/cool-style.md\/ro\/wp-json\/wp\/v2\/product\/4409","targetHints":{"allow":["GET"]}}],"collection":[{"href":"https:\/\/cool-style.md\/ro\/wp-json\/wp\/v2\/product"}],"about":[{"href":"https:\/\/cool-style.md\/ro\/wp-json\/wp\/v2\/types\/product"}],"wp:featuredmedia":[{"embeddable":true,"href":"https:\/\/cool-style.md\/ro\/wp-json\/wp\/v2\/media\/4416"}],"wp:attachment":[{"href":"https:\/\/cool-style.md\/ro\/wp-json\/wp\/v2\/media?parent=4409"}],"wp:term":[{"taxonomy":"product_brand","embeddable":true,"href":"https:\/\/cool-style.md\/ro\/wp-json\/wp\/v2\/product_brand?post=4409"},{"taxonomy":"product_cat","embeddable":true,"href":"https:\/\/cool-style.md\/ro\/wp-json\/wp\/v2\/product_cat?post=4409"},{"taxonomy":"product_tag","embeddable":true,"href":"https:\/\/cool-style.md\/ro\/wp-json\/wp\/v2\/product_tag?post=4409"}],"curies":[{"name":"wp","href":"https:\/\/api.w.org\/{rel}","templated":true}]}}