{"id":4417,"date":"2025-01-12T13:46:37","date_gmt":"2025-01-12T13:46:37","guid":{"rendered":"https:\/\/cool-style.md\/?post_type=product&#038;p=4417"},"modified":"2025-01-12T15:09:06","modified_gmt":"2025-01-12T15:09:06","slug":"iron-king-heron","status":"publish","type":"product","link":"https:\/\/cool-style.md\/ro\/product\/iron-king-heron\/","title":{"rendered":"Foarfec\u0103 pentru tuns Iron King Heron 6.0"},"content":{"rendered":"<h2><span style=\"font-size: 75%;\">Foarfec\u0103 pentru tuns Iron King Heron 6.0<\/span><\/h2>\n<p><a href=\"https:\/\/cool-style.md\/wp-content\/uploads\/2025\/01\/Cool-style.md-Foarfece-Iron-King-Heron-6.0-6.jpg\"><img decoding=\"async\" class=\"size-medium wp-image-4423 alignleft\" src=\"https:\/\/cool-style.md\/wp-content\/uploads\/2025\/01\/Cool-style.md-Foarfece-Iron-King-Heron-6.0-6-400x400.jpg\" alt=\"Cool-style.md Foarfece Iron King Heron 6.0\" width=\"400\" height=\"400\" srcset=\"https:\/\/cool-style.md\/wp-content\/uploads\/2025\/01\/Cool-style.md-Foarfece-Iron-King-Heron-6.0-6-400x400.jpg 400w, https:\/\/cool-style.md\/wp-content\/uploads\/2025\/01\/Cool-style.md-Foarfece-Iron-King-Heron-6.0-6-800x800.jpg 800w, https:\/\/cool-style.md\/wp-content\/uploads\/2025\/01\/Cool-style.md-Foarfece-Iron-King-Heron-6.0-6-280x280.jpg 280w, https:\/\/cool-style.md\/wp-content\/uploads\/2025\/01\/Cool-style.md-Foarfece-Iron-King-Heron-6.0-6-768x768.jpg 768w, https:\/\/cool-style.md\/wp-content\/uploads\/2025\/01\/Cool-style.md-Foarfece-Iron-King-Heron-6.0-6-300x300.jpg 300w, https:\/\/cool-style.md\/wp-content\/uploads\/2025\/01\/Cool-style.md-Foarfece-Iron-King-Heron-6.0-6-510x510.jpg 510w, https:\/\/cool-style.md\/wp-content\/uploads\/2025\/01\/Cool-style.md-Foarfece-Iron-King-Heron-6.0-6-100x100.jpg 100w, https:\/\/cool-style.md\/wp-content\/uploads\/2025\/01\/Cool-style.md-Foarfece-Iron-King-Heron-6.0-6.jpg 840w\" sizes=\"(max-width: 400px) 100vw, 400px\" \/><\/a>Foarfece profesionale <a href=\"https:\/\/ironking.ro\/\" target=\"_blank\" rel=\"noopener\">Iron King<\/a> este un <a href=\"https:\/\/cool-style.md\/ro\/accesorii\/\">accesoriu<\/a> indispensabil pentru coafura. Foarfecele profesionale HERON de 6.0 inch combin\u0103 perfect tehnologia de ultim\u0103 genera\u021bie cu un design ergonomic modern, fiind potrivite at\u00e2t pentru tehnici tradi\u021bionale, c\u00e2t \u0219i pentru tunsori contemporane \u0219i sofisticate. Aceste foarfece sunt suficient de lungi pentru a permite realizarea t\u0103ieturilor precise \u0219i uniforme, iar lamele lor drepte sunt ideale pentru tehnici precum \u201eblunt cut\u201d (t\u0103ietur\u0103 dreapt\u0103).<\/p>\n<p>Un element cheie al acestor foarfece este sistemul de pivotare cu rulmen\u021bi cu bile, care nu doar c\u0103 asigur\u0103 o mi\u0219care fluid\u0103 \u0219i constant\u0103, dar contribuie \u0219i la cre\u0219terea durabilit\u0103\u021bii generale a instrumentului.<\/p>\n<p>Aceste foarfece sunt extrem de versatile, oferind frizerilor posibilitatea de a experimenta \u0219i de a personaliza tehnicile de t\u0103iere pentru a r\u0103spunde cerin\u021belor \u0219i preferin\u021belor fiec\u0103rui client.<\/p>\n<p>Datorit\u0103 specifica\u021biilor tehnice avansate \u0219i designului ergonomic, foarfecele HERON de 6.0 inch ofer\u0103 un control perfect pentru tehnica SOC (scissors over comb), devenind o alegere inteligent\u0103 pentru orice profesionist.<\/p>\n<p><strong>Dimensiuni:<\/strong> 6.0 inch, Greutate: 52 g<br \/>\n<strong>Forma lamei:<\/strong> dreapt\u0103<br \/>\n<strong>Sistem de pivotare:<\/strong> rulmen\u021bi cu bile<br \/>\n<strong>Recomandare:<\/strong> pentru p\u0103r umed \u0219i uscat<br \/>\n<strong>Tip m\u00e2ner:<\/strong> Offset<br \/>\n<strong>Material:<\/strong> o\u021bel SUS 440 A<\/p>","protected":false},"excerpt":{"rendered":"<p><span style=\"font-size: 100%;\">Iron King Heron 6.0 &#8211; instrument profesional pentru toate tipurile de tunsori.<\/span><span style=\"font-size: 100%;\"><\/span><\/p>\n","protected":false},"featured_media":4424,"template":"","meta":[],"product_brand":[],"product_cat":[29,172],"product_tag":[],"class_list":{"0":"post-4417","1":"product","2":"type-product","3":"status-publish","4":"has-post-thumbnail","6":"product_cat-accesorii","7":"product_cat-foarfece","8":"pa_brand-iron-king","9":"pa_producator-japonia","10":"pa_volum-1buc","12":"first","13":"instock","14":"shipping-taxable","15":"purchasable","16":"product-type-simple"},"_links":{"self":[{"href":"https:\/\/cool-style.md\/ro\/wp-json\/wp\/v2\/product\/4417","targetHints":{"allow":["GET"]}}],"collection":[{"href":"https:\/\/cool-style.md\/ro\/wp-json\/wp\/v2\/product"}],"about":[{"href":"https:\/\/cool-style.md\/ro\/wp-json\/wp\/v2\/types\/product"}],"wp:featuredmedia":[{"embeddable":true,"href":"https:\/\/cool-style.md\/ro\/wp-json\/wp\/v2\/media\/4424"}],"wp:attachment":[{"href":"https:\/\/cool-style.md\/ro\/wp-json\/wp\/v2\/media?parent=4417"}],"wp:term":[{"taxonomy":"product_brand","embeddable":true,"href":"https:\/\/cool-style.md\/ro\/wp-json\/wp\/v2\/product_brand?post=4417"},{"taxonomy":"product_cat","embeddable":true,"href":"https:\/\/cool-style.md\/ro\/wp-json\/wp\/v2\/product_cat?post=4417"},{"taxonomy":"product_tag","embeddable":true,"href":"https:\/\/cool-style.md\/ro\/wp-json\/wp\/v2\/product_tag?post=4417"}],"curies":[{"name":"wp","href":"https:\/\/api.w.org\/{rel}","templated":true}]}}