{"id":4425,"date":"2025-01-12T13:58:19","date_gmt":"2025-01-12T13:58:19","guid":{"rendered":"https:\/\/cool-style.md\/?post_type=product&#038;p=4425"},"modified":"2025-01-12T15:08:50","modified_gmt":"2025-01-12T15:08:50","slug":"iron-king-kami","status":"publish","type":"product","link":"https:\/\/cool-style.md\/ro\/product\/iron-king-kami\/","title":{"rendered":"Foarfec\u0103 pentru tuns Iron King Kami 5.5"},"content":{"rendered":"<h2><span style=\"font-size: 75%;\">Foarfec\u0103 pentru tuns Iron King Kami 5.5<\/span><\/h2>\n<p><a href=\"https:\/\/cool-style.md\/wp-content\/uploads\/2025\/01\/Cool-style.md-Foarfece-Iron-King-Kami-5.5-6.jpg\"><img decoding=\"async\" class=\"size-medium wp-image-4426 alignleft\" src=\"https:\/\/cool-style.md\/wp-content\/uploads\/2025\/01\/Cool-style.md-Foarfece-Iron-King-Kami-5.5-6-400x400.jpg\" alt=\"Cool-style.md Foarfece Iron King Kami 5.5\" width=\"400\" height=\"400\" srcset=\"https:\/\/cool-style.md\/wp-content\/uploads\/2025\/01\/Cool-style.md-Foarfece-Iron-King-Kami-5.5-6-400x400.jpg 400w, https:\/\/cool-style.md\/wp-content\/uploads\/2025\/01\/Cool-style.md-Foarfece-Iron-King-Kami-5.5-6-800x800.jpg 800w, https:\/\/cool-style.md\/wp-content\/uploads\/2025\/01\/Cool-style.md-Foarfece-Iron-King-Kami-5.5-6-280x280.jpg 280w, https:\/\/cool-style.md\/wp-content\/uploads\/2025\/01\/Cool-style.md-Foarfece-Iron-King-Kami-5.5-6-768x768.jpg 768w, https:\/\/cool-style.md\/wp-content\/uploads\/2025\/01\/Cool-style.md-Foarfece-Iron-King-Kami-5.5-6-300x300.jpg 300w, https:\/\/cool-style.md\/wp-content\/uploads\/2025\/01\/Cool-style.md-Foarfece-Iron-King-Kami-5.5-6-510x510.jpg 510w, https:\/\/cool-style.md\/wp-content\/uploads\/2025\/01\/Cool-style.md-Foarfece-Iron-King-Kami-5.5-6-100x100.jpg 100w, https:\/\/cool-style.md\/wp-content\/uploads\/2025\/01\/Cool-style.md-Foarfece-Iron-King-Kami-5.5-6.jpg 840w\" sizes=\"(max-width: 400px) 100vw, 400px\" \/><\/a>Foarfece profesionale <a href=\"https:\/\/ironking.ro\/\" target=\"_blank\" rel=\"noopener\">Iron King<\/a> este un <a href=\"https:\/\/cool-style.md\/ro\/accesorii\/\">accesoriu<\/a> indispensabil pentru coafura. Foarfeca profesional\u0103 KAMI 5.5 este proiectat\u0103 pentru frizerii care aspir\u0103 la perfec\u021biune \u00een fiecare t\u0103ietur\u0103, oferind o precizie remarcabil\u0103 \u0219i o manevrabilitate excep\u021bional\u0103. Cu un design bine g\u00e2ndit, conturul fin al lamei faciliteaz\u0103 controlul precis al firelor de p\u0103r, asigur\u00e2nd t\u0103ieturi uniforme \u0219i curate, ideale pentru tehnici avansate precum \u201escissors-over-comb\u201d \u0219i \u201eclipper-over-comb\u201d.<\/p>\n<p>M\u00e2nerul offset ofer\u0103 un confort ergonomic frizerului, fiind esen\u021bial \u00een realizarea t\u0103ieturilor care implic\u0103 unghiuri variate. Aceast\u0103 caracteristic\u0103 sprijin\u0103 men\u021binerea unei pozi\u021bii corecte \u0219i naturale pe parcursul \u00eentregii sesiuni de lucru.<\/p>\n<p>De\u0219i u\u0219oar\u0103, foarfeca are o construc\u021bie solid\u0103, care ofer\u0103 un echilibru perfect \u00eentre stabilitate \u0219i flexibilitate, fiind ideal\u0103 pentru t\u0103ieturi rapide \u0219i precise.<\/p>\n<p>Versatilitatea este punctul forte al acestei foarfece: potrivit\u0103 at\u00e2t pentru p\u0103rul umed, c\u00e2t \u0219i pentru cel uscat, aceasta ofer\u0103 flexibilitatea necesar\u0103 pentru a aborda diverse stiluri de tuns.<\/p>\n<p>Inspirat\u0103 de conceptul Kami din tradi\u021bia japonez\u0103, care simbolizeaz\u0103 o for\u021b\u0103 divin\u0103, foarfeca KAMI 5.5 reprezint\u0103 o combina\u021bie \u00eentre precizie \u0219i putere, fiind un partener de \u00eencredere pentru fiecare frizer. Controlul \u0219i fine\u021bea acesteia se \u00eembin\u0103 \u00eentr-un mod armonios.<\/p>\n<p><strong>Dimensiuni:<\/strong> 5.5 inch, Greutate: 46 g<br \/>\n<strong>Forma lamei:<\/strong> u\u0219or curbat\u0103<br \/>\n<strong>Sistem de pivotare:<\/strong> rulmen\u021bi cu bile<br \/>\n<strong>Recomandare:<\/strong> pentru p\u0103r umed \u0219i uscat<br \/>\n<strong>Tip m\u00e2ner:<\/strong> Offset<br \/>\n<strong>Material:<\/strong> o\u021bel SUS 440 A<\/p>","protected":false},"excerpt":{"rendered":"<p><span style=\"font-size: 100%;\">Iron King Kami 5.5 &#8211; instrument profesional pentru toate tipurile de tunsori.<\/span><span style=\"font-size: 100%;\"><\/span><\/p>\n","protected":false},"featured_media":4427,"template":"","meta":[],"product_brand":[],"product_cat":[29,172],"product_tag":[],"class_list":{"0":"post-4425","1":"product","2":"type-product","3":"status-publish","4":"has-post-thumbnail","6":"product_cat-accesorii","7":"product_cat-foarfece","8":"pa_brand-iron-king","9":"pa_producator-japonia","10":"pa_volum-1buc","12":"first","13":"instock","14":"shipping-taxable","15":"purchasable","16":"product-type-simple"},"_links":{"self":[{"href":"https:\/\/cool-style.md\/ro\/wp-json\/wp\/v2\/product\/4425","targetHints":{"allow":["GET"]}}],"collection":[{"href":"https:\/\/cool-style.md\/ro\/wp-json\/wp\/v2\/product"}],"about":[{"href":"https:\/\/cool-style.md\/ro\/wp-json\/wp\/v2\/types\/product"}],"wp:featuredmedia":[{"embeddable":true,"href":"https:\/\/cool-style.md\/ro\/wp-json\/wp\/v2\/media\/4427"}],"wp:attachment":[{"href":"https:\/\/cool-style.md\/ro\/wp-json\/wp\/v2\/media?parent=4425"}],"wp:term":[{"taxonomy":"product_brand","embeddable":true,"href":"https:\/\/cool-style.md\/ro\/wp-json\/wp\/v2\/product_brand?post=4425"},{"taxonomy":"product_cat","embeddable":true,"href":"https:\/\/cool-style.md\/ro\/wp-json\/wp\/v2\/product_cat?post=4425"},{"taxonomy":"product_tag","embeddable":true,"href":"https:\/\/cool-style.md\/ro\/wp-json\/wp\/v2\/product_tag?post=4425"}],"curies":[{"name":"wp","href":"https:\/\/api.w.org\/{rel}","templated":true}]}}